{"id":9227,"date":"2023-01-08T22:47:48","date_gmt":"2023-01-08T21:47:48","guid":{"rendered":"https:\/\/pedagogie.ac-lille.fr\/sbssa\/?page_id=9227"},"modified":"2023-01-08T22:49:56","modified_gmt":"2023-01-08T21:49:56","slug":"documents-academiques-segpa-ere","status":"publish","type":"page","link":"https:\/\/pedagogie.ac-lille.fr\/sbssa\/filieres\/page2-2\/s-e-g-p-a-champ-espace-rural-et-environnement-e-r-e\/documents-academiques-segpa-ere\/","title":{"rendered":"Documents acad\u00e9miques &#8211; SEGPA ERE"},"content":{"rendered":"<ul class=\"wp-block-latest-posts__list has-dates wp-block-latest-posts\"><li><div class=\"wp-block-latest-posts__featured-image alignleft\"><a href=\"https:\/\/pedagogie.ac-lille.fr\/sbssa\/documents-academiques-segpa-ere\/\" aria-label=\"Documents PAF 2010 \u00e0 2017 &#8211; SEGPA ERE\"><img loading=\"lazy\" decoding=\"async\" width=\"150\" height=\"150\" src=\"https:\/\/pedagogie.ac-lille.fr\/sbssa\/wp-content\/uploads\/sites\/30\/2021\/03\/PAF-1-e1616352403467-150x150.jpg\" class=\"attachment-thumbnail size-thumbnail no-lazy wp-post-image\" alt=\"Plan Acad\u00e9mique de Formation\" style=\"\" \/><\/a><\/div><a class=\"wp-block-latest-posts__post-title\" href=\"https:\/\/pedagogie.ac-lille.fr\/sbssa\/documents-academiques-segpa-ere\/\">Documents PAF 2010 \u00e0 2017 &#8211; SEGPA ERE<\/a><time datetime=\"2021-03-21T16:18:30+01:00\" class=\"wp-block-latest-posts__post-date\">21 mars 2021<\/time><\/li>\n<li><div class=\"wp-block-latest-posts__featured-image alignleft\"><a href=\"https:\/\/pedagogie.ac-lille.fr\/sbssa\/fiches-devaluation-des-competences-liees-au-socle-3me-du-champ-professionnel-ere\/\" aria-label=\"Prot\u00e9g\u00e9\u00a0: Fiches d&rsquo;\u00e9valuation des comp\u00e9tences, li\u00e9es au socle 3me, du champ professionnel ERE\"><img loading=\"lazy\" decoding=\"async\" width=\"150\" height=\"150\" src=\"https:\/\/pedagogie.ac-lille.fr\/sbssa\/wp-content\/uploads\/sites\/30\/2022\/05\/feedback-g3d2015c20_1920-150x150.jpg\" class=\"attachment-thumbnail size-thumbnail no-lazy wp-post-image\" alt=\"Evaluation\" style=\"\" srcset=\"https:\/\/pedagogie.ac-lille.fr\/sbssa\/wp-content\/uploads\/sites\/30\/2022\/05\/feedback-g3d2015c20_1920-150x150.jpg 150w, https:\/\/pedagogie.ac-lille.fr\/sbssa\/wp-content\/uploads\/sites\/30\/2022\/05\/feedback-g3d2015c20_1920-510x510.jpg 510w\" sizes=\"auto, (max-width: 150px) 100vw, 150px\" \/><\/a><\/div><a class=\"wp-block-latest-posts__post-title\" href=\"https:\/\/pedagogie.ac-lille.fr\/sbssa\/fiches-devaluation-des-competences-liees-au-socle-3me-du-champ-professionnel-ere\/\">Prot\u00e9g\u00e9\u00a0: Fiches d&rsquo;\u00e9valuation des comp\u00e9tences, li\u00e9es au socle 3me, du champ professionnel ERE<\/a><time datetime=\"2021-02-16T10:35:00+01:00\" class=\"wp-block-latest-posts__post-date\">16 f\u00e9vrier 2021<\/time><\/li>\n<li><div class=\"wp-block-latest-posts__featured-image alignleft\"><a href=\"https:\/\/pedagogie.ac-lille.fr\/sbssa\/cours-sur-le-pavage-en-segpa-ere-projet-semaine-des-arts-amenagement-tipi\/\" aria-label=\"Prot\u00e9g\u00e9\u00a0: Cours sur le pavage en SEGPA ERE (Projet semaine des arts &#8211; Am\u00e9nagement tipi)\"><img loading=\"lazy\" decoding=\"async\" width=\"150\" height=\"150\" src=\"https:\/\/pedagogie.ac-lille.fr\/sbssa\/wp-content\/uploads\/sites\/30\/2023\/07\/worker-g9b3206711_1280-150x150.jpg\" class=\"attachment-thumbnail size-thumbnail no-lazy wp-post-image\" alt=\"Pavage\" style=\"\" srcset=\"https:\/\/pedagogie.ac-lille.fr\/sbssa\/wp-content\/uploads\/sites\/30\/2023\/07\/worker-g9b3206711_1280-150x150.jpg 150w, https:\/\/pedagogie.ac-lille.fr\/sbssa\/wp-content\/uploads\/sites\/30\/2023\/07\/worker-g9b3206711_1280-510x510.jpg 510w\" sizes=\"auto, (max-width: 150px) 100vw, 150px\" \/><\/a><\/div><a class=\"wp-block-latest-posts__post-title\" href=\"https:\/\/pedagogie.ac-lille.fr\/sbssa\/cours-sur-le-pavage-en-segpa-ere-projet-semaine-des-arts-amenagement-tipi\/\">Prot\u00e9g\u00e9\u00a0: Cours sur le pavage en SEGPA ERE (Projet semaine des arts &#8211; Am\u00e9nagement tipi)<\/a><time datetime=\"2021-02-16T10:26:00+01:00\" class=\"wp-block-latest-posts__post-date\">16 f\u00e9vrier 2021<\/time><\/li>\n<li><div class=\"wp-block-latest-posts__featured-image alignleft\"><a href=\"https:\/\/pedagogie.ac-lille.fr\/sbssa\/exemples-de-progression-en-4me-et-3me-segpa-ere\/\" aria-label=\"Prot\u00e9g\u00e9\u00a0: Exemples de progression\u00a0en 4me et 3me SEGPA ERE\"><img loading=\"lazy\" decoding=\"async\" width=\"150\" height=\"150\" src=\"https:\/\/pedagogie.ac-lille.fr\/sbssa\/wp-content\/uploads\/sites\/30\/2021\/03\/problem-3303396_1920-150x150.png\" class=\"attachment-thumbnail size-thumbnail no-lazy wp-post-image\" alt=\"Inspection\" style=\"\" srcset=\"https:\/\/pedagogie.ac-lille.fr\/sbssa\/wp-content\/uploads\/sites\/30\/2021\/03\/problem-3303396_1920-150x150.png 150w, https:\/\/pedagogie.ac-lille.fr\/sbssa\/wp-content\/uploads\/sites\/30\/2021\/03\/problem-3303396_1920-510x510.png 510w\" sizes=\"auto, (max-width: 150px) 100vw, 150px\" \/><\/a><\/div><a class=\"wp-block-latest-posts__post-title\" href=\"https:\/\/pedagogie.ac-lille.fr\/sbssa\/exemples-de-progression-en-4me-et-3me-segpa-ere\/\">Prot\u00e9g\u00e9\u00a0: Exemples de progression\u00a0en 4me et 3me SEGPA ERE<\/a><time datetime=\"2021-02-16T10:13:00+01:00\" class=\"wp-block-latest-posts__post-date\">16 f\u00e9vrier 2021<\/time><\/li>\n<\/ul>","protected":false},"excerpt":{"rendered":"","protected":false},"author":48,"featured_media":911,"parent":2695,"menu_order":0,"comment_status":"closed","ping_status":"closed","template":"","meta":{"ngg_post_thumbnail":0,"footnotes":""},"class_list":["post-9227","page","type-page","status-publish","has-post-thumbnail","czr-hentry"],"publishpress_future_action":{"enabled":false,"date":"2026-04-11 13:25:43","action":"change-status","newStatus":"draft","terms":[],"taxonomy":"","extraData":[]},"publishpress_future_workflow_manual_trigger":{"enabledWorkflows":[]},"_links":{"self":[{"href":"https:\/\/pedagogie.ac-lille.fr\/sbssa\/wp-json\/wp\/v2\/pages\/9227","targetHints":{"allow":["GET"]}}],"collection":[{"href":"https:\/\/pedagogie.ac-lille.fr\/sbssa\/wp-json\/wp\/v2\/pages"}],"about":[{"href":"https:\/\/pedagogie.ac-lille.fr\/sbssa\/wp-json\/wp\/v2\/types\/page"}],"author":[{"embeddable":true,"href":"https:\/\/pedagogie.ac-lille.fr\/sbssa\/wp-json\/wp\/v2\/users\/48"}],"replies":[{"embeddable":true,"href":"https:\/\/pedagogie.ac-lille.fr\/sbssa\/wp-json\/wp\/v2\/comments?post=9227"}],"version-history":[{"count":3,"href":"https:\/\/pedagogie.ac-lille.fr\/sbssa\/wp-json\/wp\/v2\/pages\/9227\/revisions"}],"predecessor-version":[{"id":9233,"href":"https:\/\/pedagogie.ac-lille.fr\/sbssa\/wp-json\/wp\/v2\/pages\/9227\/revisions\/9233"}],"up":[{"embeddable":true,"href":"https:\/\/pedagogie.ac-lille.fr\/sbssa\/wp-json\/wp\/v2\/pages\/2695"}],"wp:featuredmedia":[{"embeddable":true,"href":"https:\/\/pedagogie.ac-lille.fr\/sbssa\/wp-json\/wp\/v2\/media\/911"}],"wp:attachment":[{"href":"https:\/\/pedagogie.ac-lille.fr\/sbssa\/wp-json\/wp\/v2\/media?parent=9227"}],"curies":[{"name":"wp","href":"https:\/\/api.w.org\/{rel}","templated":true}]}}