{"id":9338,"date":"2023-01-13T13:55:28","date_gmt":"2023-01-13T12:55:28","guid":{"rendered":"https:\/\/pedagogie.ac-lille.fr\/sbssa\/?page_id=9338"},"modified":"2023-02-12T12:38:42","modified_gmt":"2023-02-12T11:38:42","slug":"textes-officiels-cap-coiffure","status":"publish","type":"page","link":"https:\/\/pedagogie.ac-lille.fr\/sbssa\/filieres\/beaute-et-bien-etre\/coiffure\/certificat-daptitude-professionnelle-metiers-de-la-coiffure-cap-mc\/textes-officiels-cap-coiffure\/","title":{"rendered":"Textes officiels &#8211; CAP MC"},"content":{"rendered":"<ul class=\"wp-block-latest-posts__list has-dates wp-block-latest-posts\"><li><div class=\"wp-block-latest-posts__featured-image alignleft\"><a href=\"https:\/\/pedagogie.ac-lille.fr\/sbssa\/arrete-du-13-juin-2024-modifiant-larrete-du-19-avril-2019-portant-application-des-nouvelles-organisations-denseignements-dispenses-dans-les-formations-sous-statut-scolaire-preparant\/\" aria-label=\"Arr\u00eat\u00e9 du 13 juin 2024 modifiant l\u2019arr\u00eat\u00e9 du 19 avril 2019 portant application des nouvelles organisations d\u2019enseignements dispens\u00e9s dans les formations sous statut scolaire pr\u00e9parant au baccalaur\u00e9at professionnel et au certificat d\u2019aptitude professionnelle\"><img loading=\"lazy\" decoding=\"async\" width=\"300\" height=\"165\" src=\"https:\/\/pedagogie.ac-lille.fr\/sbssa\/wp-content\/uploads\/sites\/30\/2021\/03\/gavel-3577258_1920-300x165.jpg\" class=\"attachment-medium size-medium no-lazy wp-post-image\" alt=\"Arr\u00eat\u00e9\" style=\"max-width:150px;max-height:150px;\" srcset=\"https:\/\/pedagogie.ac-lille.fr\/sbssa\/wp-content\/uploads\/sites\/30\/2021\/03\/gavel-3577258_1920-300x165.jpg 300w, https:\/\/pedagogie.ac-lille.fr\/sbssa\/wp-content\/uploads\/sites\/30\/2021\/03\/gavel-3577258_1920-1024x563.jpg 1024w, https:\/\/pedagogie.ac-lille.fr\/sbssa\/wp-content\/uploads\/sites\/30\/2021\/03\/gavel-3577258_1920-768x422.jpg 768w, https:\/\/pedagogie.ac-lille.fr\/sbssa\/wp-content\/uploads\/sites\/30\/2021\/03\/gavel-3577258_1920-1536x845.jpg 1536w, https:\/\/pedagogie.ac-lille.fr\/sbssa\/wp-content\/uploads\/sites\/30\/2021\/03\/gavel-3577258_1920.jpg 1920w\" sizes=\"auto, (max-width: 300px) 100vw, 300px\" \/><\/a><\/div><a class=\"wp-block-latest-posts__post-title\" href=\"https:\/\/pedagogie.ac-lille.fr\/sbssa\/arrete-du-13-juin-2024-modifiant-larrete-du-19-avril-2019-portant-application-des-nouvelles-organisations-denseignements-dispenses-dans-les-formations-sous-statut-scolaire-preparant\/\">Arr\u00eat\u00e9 du 13 juin 2024 modifiant l\u2019arr\u00eat\u00e9 du 19 avril 2019 portant application des nouvelles organisations d\u2019enseignements dispens\u00e9s dans les formations sous statut scolaire pr\u00e9parant au baccalaur\u00e9at professionnel et au certificat d\u2019aptitude professionnelle<\/a><time datetime=\"2024-06-15T11:52:15+02:00\" class=\"wp-block-latest-posts__post-date\">15 juin 2024<\/time><\/li>\n<li><div class=\"wp-block-latest-posts__featured-image alignleft\"><a href=\"https:\/\/pedagogie.ac-lille.fr\/sbssa\/arrete-du-5-juin-2019-portant-creation-de-la-specialite-metiers-de-la-coiffure-de-cap-et-fixant-ses-modalites-de-delivrance\/\" aria-label=\"CAP MC &#8211; Arr\u00eat\u00e9 du 5 juin 2019 portant cr\u00e9ation de la sp\u00e9cialit\u00e9 \u00ab M\u00e9tiers de la coiffure \u00bb de CAP et fixant ses modalit\u00e9s de d\u00e9livrance\"><img loading=\"lazy\" decoding=\"async\" width=\"300\" height=\"165\" src=\"https:\/\/pedagogie.ac-lille.fr\/sbssa\/wp-content\/uploads\/sites\/30\/2021\/03\/gavel-3577258_1920-300x165.jpg\" class=\"attachment-medium size-medium no-lazy wp-post-image\" alt=\"Arr\u00eat\u00e9\" style=\"max-width:150px;max-height:150px;\" srcset=\"https:\/\/pedagogie.ac-lille.fr\/sbssa\/wp-content\/uploads\/sites\/30\/2021\/03\/gavel-3577258_1920-300x165.jpg 300w, https:\/\/pedagogie.ac-lille.fr\/sbssa\/wp-content\/uploads\/sites\/30\/2021\/03\/gavel-3577258_1920-1024x563.jpg 1024w, https:\/\/pedagogie.ac-lille.fr\/sbssa\/wp-content\/uploads\/sites\/30\/2021\/03\/gavel-3577258_1920-768x422.jpg 768w, https:\/\/pedagogie.ac-lille.fr\/sbssa\/wp-content\/uploads\/sites\/30\/2021\/03\/gavel-3577258_1920-1536x845.jpg 1536w, https:\/\/pedagogie.ac-lille.fr\/sbssa\/wp-content\/uploads\/sites\/30\/2021\/03\/gavel-3577258_1920.jpg 1920w\" sizes=\"auto, (max-width: 300px) 100vw, 300px\" \/><\/a><\/div><a class=\"wp-block-latest-posts__post-title\" href=\"https:\/\/pedagogie.ac-lille.fr\/sbssa\/arrete-du-5-juin-2019-portant-creation-de-la-specialite-metiers-de-la-coiffure-de-cap-et-fixant-ses-modalites-de-delivrance\/\">CAP MC &#8211; Arr\u00eat\u00e9 du 5 juin 2019 portant cr\u00e9ation de la sp\u00e9cialit\u00e9 \u00ab M\u00e9tiers de la coiffure \u00bb de CAP et fixant ses modalit\u00e9s de d\u00e9livrance<\/a><time datetime=\"2021-07-15T01:21:28+02:00\" class=\"wp-block-latest-posts__post-date\">15 juillet 2021<\/time><\/li>\n<li><div class=\"wp-block-latest-posts__featured-image alignleft\"><a href=\"https:\/\/pedagogie.ac-lille.fr\/sbssa\/referentiel-du-cap-metiers-de-la-coiffure\/\" aria-label=\"CAP MC &#8211; R\u00e9f\u00e9rentiel du Certificat d&rsquo;Aptitude Professionnelle M\u00e9tiers de la coiffure (CAP MC)\"><img loading=\"lazy\" decoding=\"async\" width=\"300\" height=\"199\" src=\"https:\/\/pedagogie.ac-lille.fr\/sbssa\/wp-content\/uploads\/sites\/30\/2021\/07\/laptop-819285_1920-300x199.jpg\" class=\"attachment-medium size-medium no-lazy wp-post-image\" alt=\"R\u00e9f\u00e9rentiel\" style=\"max-width:150px;max-height:150px;\" srcset=\"https:\/\/pedagogie.ac-lille.fr\/sbssa\/wp-content\/uploads\/sites\/30\/2021\/07\/laptop-819285_1920-300x199.jpg 300w, https:\/\/pedagogie.ac-lille.fr\/sbssa\/wp-content\/uploads\/sites\/30\/2021\/07\/laptop-819285_1920-1024x680.jpg 1024w, https:\/\/pedagogie.ac-lille.fr\/sbssa\/wp-content\/uploads\/sites\/30\/2021\/07\/laptop-819285_1920-768x510.jpg 768w, https:\/\/pedagogie.ac-lille.fr\/sbssa\/wp-content\/uploads\/sites\/30\/2021\/07\/laptop-819285_1920-1536x1020.jpg 1536w, https:\/\/pedagogie.ac-lille.fr\/sbssa\/wp-content\/uploads\/sites\/30\/2021\/07\/laptop-819285_1920.jpg 1920w\" sizes=\"auto, (max-width: 300px) 100vw, 300px\" \/><\/a><\/div><a class=\"wp-block-latest-posts__post-title\" href=\"https:\/\/pedagogie.ac-lille.fr\/sbssa\/referentiel-du-cap-metiers-de-la-coiffure\/\">CAP MC &#8211; R\u00e9f\u00e9rentiel du Certificat d&rsquo;Aptitude Professionnelle M\u00e9tiers de la coiffure (CAP MC)<\/a><time datetime=\"2021-07-15T01:14:09+02:00\" class=\"wp-block-latest-posts__post-date\">15 juillet 2021<\/time><\/li>\n<li><div class=\"wp-block-latest-posts__featured-image alignleft\"><a href=\"https:\/\/pedagogie.ac-lille.fr\/sbssa\/cap-arrete-du-11-juin-2021-dispenses-enseignement-general-en-cap-epreuve-pse\/\" aria-label=\"CAP &#8211; BCP &#8211; BP &#8211; Arr\u00eat\u00e9 du 11 juin 2021 &#8211; Obtention de dispenses d&rsquo;\u00e9preuves d&rsquo;enseignement g\u00e9n\u00e9ral\"><img loading=\"lazy\" decoding=\"async\" width=\"300\" height=\"165\" src=\"https:\/\/pedagogie.ac-lille.fr\/sbssa\/wp-content\/uploads\/sites\/30\/2021\/03\/gavel-3577258_1920-300x165.jpg\" class=\"attachment-medium size-medium no-lazy wp-post-image\" alt=\"Arr\u00eat\u00e9\" style=\"max-width:150px;max-height:150px;\" srcset=\"https:\/\/pedagogie.ac-lille.fr\/sbssa\/wp-content\/uploads\/sites\/30\/2021\/03\/gavel-3577258_1920-300x165.jpg 300w, https:\/\/pedagogie.ac-lille.fr\/sbssa\/wp-content\/uploads\/sites\/30\/2021\/03\/gavel-3577258_1920-1024x563.jpg 1024w, https:\/\/pedagogie.ac-lille.fr\/sbssa\/wp-content\/uploads\/sites\/30\/2021\/03\/gavel-3577258_1920-768x422.jpg 768w, https:\/\/pedagogie.ac-lille.fr\/sbssa\/wp-content\/uploads\/sites\/30\/2021\/03\/gavel-3577258_1920-1536x845.jpg 1536w, https:\/\/pedagogie.ac-lille.fr\/sbssa\/wp-content\/uploads\/sites\/30\/2021\/03\/gavel-3577258_1920.jpg 1920w\" sizes=\"auto, (max-width: 300px) 100vw, 300px\" \/><\/a><\/div><a class=\"wp-block-latest-posts__post-title\" href=\"https:\/\/pedagogie.ac-lille.fr\/sbssa\/cap-arrete-du-11-juin-2021-dispenses-enseignement-general-en-cap-epreuve-pse\/\">CAP &#8211; BCP &#8211; BP &#8211; Arr\u00eat\u00e9 du 11 juin 2021 &#8211; Obtention de dispenses d&rsquo;\u00e9preuves d&rsquo;enseignement g\u00e9n\u00e9ral<\/a><time datetime=\"2021-06-11T08:00:00+02:00\" class=\"wp-block-latest-posts__post-date\">11 juin 2021<\/time><\/li>\n<li><div class=\"wp-block-latest-posts__featured-image alignleft\"><a href=\"https:\/\/pedagogie.ac-lille.fr\/sbssa\/arrete-du-30-aout-2019-fixant-les-unites-generales-du-certificat-daptitude-professionnelle-et-definissant-les-modalites-devaluation-des-epreuves-denseignement-general-legifrance\/\" aria-label=\"CAP &#8211; Arr\u00eat\u00e9 du 30 ao\u00fbt 2019 fixant les unit\u00e9s g\u00e9n\u00e9rales du certificat d&rsquo;aptitude professionnelle et d\u00e9finissant les modalit\u00e9s d&rsquo;\u00e9valuation des \u00e9preuves d&rsquo;enseignement g\u00e9n\u00e9ral\"><img loading=\"lazy\" decoding=\"async\" width=\"300\" height=\"165\" src=\"https:\/\/pedagogie.ac-lille.fr\/sbssa\/wp-content\/uploads\/sites\/30\/2021\/03\/gavel-3577258_1920-300x165.jpg\" class=\"attachment-medium size-medium no-lazy wp-post-image\" alt=\"Arr\u00eat\u00e9\" style=\"max-width:150px;max-height:150px;\" srcset=\"https:\/\/pedagogie.ac-lille.fr\/sbssa\/wp-content\/uploads\/sites\/30\/2021\/03\/gavel-3577258_1920-300x165.jpg 300w, https:\/\/pedagogie.ac-lille.fr\/sbssa\/wp-content\/uploads\/sites\/30\/2021\/03\/gavel-3577258_1920-1024x563.jpg 1024w, https:\/\/pedagogie.ac-lille.fr\/sbssa\/wp-content\/uploads\/sites\/30\/2021\/03\/gavel-3577258_1920-768x422.jpg 768w, https:\/\/pedagogie.ac-lille.fr\/sbssa\/wp-content\/uploads\/sites\/30\/2021\/03\/gavel-3577258_1920-1536x845.jpg 1536w, https:\/\/pedagogie.ac-lille.fr\/sbssa\/wp-content\/uploads\/sites\/30\/2021\/03\/gavel-3577258_1920.jpg 1920w\" sizes=\"auto, (max-width: 300px) 100vw, 300px\" \/><\/a><\/div><a class=\"wp-block-latest-posts__post-title\" href=\"https:\/\/pedagogie.ac-lille.fr\/sbssa\/arrete-du-30-aout-2019-fixant-les-unites-generales-du-certificat-daptitude-professionnelle-et-definissant-les-modalites-devaluation-des-epreuves-denseignement-general-legifrance\/\">CAP &#8211; Arr\u00eat\u00e9 du 30 ao\u00fbt 2019 fixant les unit\u00e9s g\u00e9n\u00e9rales du certificat d&rsquo;aptitude professionnelle et d\u00e9finissant les modalit\u00e9s d&rsquo;\u00e9valuation des \u00e9preuves d&rsquo;enseignement g\u00e9n\u00e9ral<\/a><time datetime=\"2019-09-06T01:30:00+02:00\" class=\"wp-block-latest-posts__post-date\">6 septembre 2019<\/time><\/li>\n<li><div class=\"wp-block-latest-posts__featured-image alignleft\"><a href=\"https:\/\/pedagogie.ac-lille.fr\/sbssa\/arrete-modifiant-la-duree-des-pfmp-dans-certaines-specialites-de-cap-applicables-a-la-rentree-2019\/\" aria-label=\"CAP &#8211; Arr\u00eat\u00e9 du 19 avril 2019 modifiant la dur\u00e9e des PFMP dans certaines sp\u00e9cialit\u00e9s de CAP\"><img loading=\"lazy\" decoding=\"async\" width=\"300\" height=\"165\" src=\"https:\/\/pedagogie.ac-lille.fr\/sbssa\/wp-content\/uploads\/sites\/30\/2021\/03\/gavel-3577258_1920-300x165.jpg\" class=\"attachment-medium size-medium no-lazy wp-post-image\" alt=\"Arr\u00eat\u00e9\" style=\"max-width:150px;max-height:150px;\" srcset=\"https:\/\/pedagogie.ac-lille.fr\/sbssa\/wp-content\/uploads\/sites\/30\/2021\/03\/gavel-3577258_1920-300x165.jpg 300w, https:\/\/pedagogie.ac-lille.fr\/sbssa\/wp-content\/uploads\/sites\/30\/2021\/03\/gavel-3577258_1920-1024x563.jpg 1024w, https:\/\/pedagogie.ac-lille.fr\/sbssa\/wp-content\/uploads\/sites\/30\/2021\/03\/gavel-3577258_1920-768x422.jpg 768w, https:\/\/pedagogie.ac-lille.fr\/sbssa\/wp-content\/uploads\/sites\/30\/2021\/03\/gavel-3577258_1920-1536x845.jpg 1536w, https:\/\/pedagogie.ac-lille.fr\/sbssa\/wp-content\/uploads\/sites\/30\/2021\/03\/gavel-3577258_1920.jpg 1920w\" sizes=\"auto, (max-width: 300px) 100vw, 300px\" \/><\/a><\/div><a class=\"wp-block-latest-posts__post-title\" href=\"https:\/\/pedagogie.ac-lille.fr\/sbssa\/arrete-modifiant-la-duree-des-pfmp-dans-certaines-specialites-de-cap-applicables-a-la-rentree-2019\/\">CAP &#8211; Arr\u00eat\u00e9 du 19 avril 2019 modifiant la dur\u00e9e des PFMP dans certaines sp\u00e9cialit\u00e9s de CAP<\/a><time datetime=\"2019-05-22T08:00:00+02:00\" class=\"wp-block-latest-posts__post-date\">22 mai 2019<\/time><\/li>\n<li><div class=\"wp-block-latest-posts__featured-image alignleft\"><a href=\"https:\/\/pedagogie.ac-lille.fr\/sbssa\/cap-arrete-du-21-11-2018-relatif-organisation-et-enseignements-dispenses-en-cap\/\" aria-label=\"CAP &#8211; Arr\u00eat\u00e9 du 21\/11\/2018 relatif &#8211; Organisation et enseignements dispens\u00e9s en CAP\"><img loading=\"lazy\" decoding=\"async\" width=\"300\" height=\"165\" src=\"https:\/\/pedagogie.ac-lille.fr\/sbssa\/wp-content\/uploads\/sites\/30\/2021\/03\/gavel-3577258_1920-300x165.jpg\" class=\"attachment-medium size-medium no-lazy wp-post-image\" alt=\"Arr\u00eat\u00e9\" style=\"max-width:150px;max-height:150px;\" srcset=\"https:\/\/pedagogie.ac-lille.fr\/sbssa\/wp-content\/uploads\/sites\/30\/2021\/03\/gavel-3577258_1920-300x165.jpg 300w, https:\/\/pedagogie.ac-lille.fr\/sbssa\/wp-content\/uploads\/sites\/30\/2021\/03\/gavel-3577258_1920-1024x563.jpg 1024w, https:\/\/pedagogie.ac-lille.fr\/sbssa\/wp-content\/uploads\/sites\/30\/2021\/03\/gavel-3577258_1920-768x422.jpg 768w, https:\/\/pedagogie.ac-lille.fr\/sbssa\/wp-content\/uploads\/sites\/30\/2021\/03\/gavel-3577258_1920-1536x845.jpg 1536w, https:\/\/pedagogie.ac-lille.fr\/sbssa\/wp-content\/uploads\/sites\/30\/2021\/03\/gavel-3577258_1920.jpg 1920w\" sizes=\"auto, (max-width: 300px) 100vw, 300px\" \/><\/a><\/div><a class=\"wp-block-latest-posts__post-title\" href=\"https:\/\/pedagogie.ac-lille.fr\/sbssa\/cap-arrete-du-21-11-2018-relatif-organisation-et-enseignements-dispenses-en-cap\/\">CAP &#8211; Arr\u00eat\u00e9 du 21\/11\/2018 relatif &#8211; Organisation et enseignements dispens\u00e9s en CAP<\/a><time datetime=\"2018-12-21T08:00:00+01:00\" class=\"wp-block-latest-posts__post-date\">21 d\u00e9cembre 2018<\/time><\/li>\n<\/ul>","protected":false},"excerpt":{"rendered":"","protected":false},"author":48,"featured_media":0,"parent":1725,"menu_order":0,"comment_status":"closed","ping_status":"closed","template":"","meta":{"ngg_post_thumbnail":0,"footnotes":""},"class_list":["post-9338","page","type-page","status-publish","czr-hentry"],"publishpress_future_action":{"enabled":false,"date":"2026-04-13 12:57:12","action":"change-status","newStatus":"draft","terms":[],"taxonomy":"","extraData":[]},"publishpress_future_workflow_manual_trigger":{"enabledWorkflows":[]},"_links":{"self":[{"href":"https:\/\/pedagogie.ac-lille.fr\/sbssa\/wp-json\/wp\/v2\/pages\/9338","targetHints":{"allow":["GET"]}}],"collection":[{"href":"https:\/\/pedagogie.ac-lille.fr\/sbssa\/wp-json\/wp\/v2\/pages"}],"about":[{"href":"https:\/\/pedagogie.ac-lille.fr\/sbssa\/wp-json\/wp\/v2\/types\/page"}],"author":[{"embeddable":true,"href":"https:\/\/pedagogie.ac-lille.fr\/sbssa\/wp-json\/wp\/v2\/users\/48"}],"replies":[{"embeddable":true,"href":"https:\/\/pedagogie.ac-lille.fr\/sbssa\/wp-json\/wp\/v2\/comments?post=9338"}],"version-history":[{"count":5,"href":"https:\/\/pedagogie.ac-lille.fr\/sbssa\/wp-json\/wp\/v2\/pages\/9338\/revisions"}],"predecessor-version":[{"id":9621,"href":"https:\/\/pedagogie.ac-lille.fr\/sbssa\/wp-json\/wp\/v2\/pages\/9338\/revisions\/9621"}],"up":[{"embeddable":true,"href":"https:\/\/pedagogie.ac-lille.fr\/sbssa\/wp-json\/wp\/v2\/pages\/1725"}],"wp:attachment":[{"href":"https:\/\/pedagogie.ac-lille.fr\/sbssa\/wp-json\/wp\/v2\/media?parent=9338"}],"curies":[{"name":"wp","href":"https:\/\/api.w.org\/{rel}","templated":true}]}}