{"id":9385,"date":"2023-01-13T15:32:19","date_gmt":"2023-01-13T14:32:19","guid":{"rendered":"https:\/\/pedagogie.ac-lille.fr\/sbssa\/?page_id=9385"},"modified":"2024-12-29T12:34:56","modified_gmt":"2024-12-29T11:34:56","slug":"documents-academiques-bcp-mc","status":"publish","type":"page","link":"https:\/\/pedagogie.ac-lille.fr\/sbssa\/filieres\/beaute-et-bien-etre\/coiffure\/baccalaureat-professionnel-metiers-de-la-coiffure-bcp-mc\/documents-academiques-bcp-mc\/","title":{"rendered":"R\u00e9f\u00e9rentiel du baccalaur\u00e9at professionnel m\u00e9tiers de la coiffure"},"content":{"rendered":"\n<div class=\"wp-block-file\"><a id=\"wp-block-file--media-0fdb7fd8-9a2e-4e5c-ac9e-916df6ac8847\" href=\"http:\/\/pedagogie.ac-lille.fr\/sbssa\/wp-content\/uploads\/sites\/30\/2021\/03\/BCP-MC-Referentiel-interactif-2019.pdf\">BCP MC &#8211; R\u00e9f\u00e9rentiel interactif 2019<\/a><a href=\"http:\/\/pedagogie.ac-lille.fr\/sbssa\/wp-content\/uploads\/sites\/30\/2021\/03\/BCP-MC-Referentiel-interactif-2019.pdf\" class=\"wp-block-file__button wp-element-button\" download aria-describedby=\"wp-block-file--media-0fdb7fd8-9a2e-4e5c-ac9e-916df6ac8847\">T\u00e9l\u00e9charger<\/a><\/div>\n\n\n\n<div\n    class='wp-block-pdfp-pdf-poster  alignnone'\n    id='block-1'\n    data-attributes='{&quot;file&quot;:&quot;http:\\\/\\\/pedagogie.ac-lille.fr\\\/sbssa\\\/wp-content\\\/uploads\\\/sites\\\/30\\\/2021\\\/03\\\/BCP-MC-Referentiel-interactif-2019.pdf&quot;,&quot;print&quot;:true,&quot;align&quot;:&quot;none&quot;,&quot;alignment&quot;:&quot;left&quot;,&quot;title&quot;:&quot;&quot;,&quot;titleFontSize&quot;:&quot;16px&quot;,&quot;height&quot;:{&quot;desktop&quot;:&quot;840px&quot;,&quot;tablet&quot;:&quot;700px&quot;,&quot;mobile&quot;:&quot;400px&quot;},&quot;width&quot;:{&quot;desktop&quot;:&quot;100%&quot;,&quot;tablet&quot;:&quot;100%&quot;,&quot;mobile&quot;:&quot;100%&quot;},&quot;showName&quot;:false,&quot;onlyPDF&quot;:false,&quot;defaultBrowser&quot;:false,&quot;downloadButton&quot;:false,&quot;downloadButtonText&quot;:&quot;Download File&quot;,&quot;fullscreenButton&quot;:true,&quot;fullscreenButtonText&quot;:&quot;View Fullscreen&quot;,&quot;actionsPosition&quot;:&quot;top&quot;,&quot;newWindow&quot;:false,&quot;protect&quot;:false,&quot;thumbMenu&quot;:false,&quot;sidebarOpen&quot;:false,&quot;initialPage&quot;:0,&quot;alert&quot;:false,&quot;lastVersion&quot;:false,&quot;hrScroll&quot;:false,&quot;isHideRightToolbar&quot;:false,&quot;additional&quot;:{&quot;ID&quot;:&quot;&quot;,&quot;Class&quot;:&quot;&quot;,&quot;CSS&quot;:&quot;&quot;},&quot;adobeEmbedder&quot;:false,&quot;adobeOptions&quot;:{&quot;showDownloadPDF&quot;:true,&quot;showPrintPDF&quot;:true,&quot;showAnnotationTools&quot;:true,&quot;showFullScreen&quot;:false,&quot;embedMode&quot;:&quot;SIZED_CONTAINER&quot;},&quot;popupOptions&quot;:{&quot;enabled&quot;:false,&quot;triggerType&quot;:&quot;button&quot;,&quot;image&quot;:&quot;&quot;,&quot;imagePdfIcon&quot;:true,&quot;imageHeight&quot;:&quot;200px&quot;,&quot;imageWidth&quot;:&quot;300px&quot;,&quot;text&quot;:&quot;Open PDF&quot;,&quot;btnStyle&quot;:{&quot;background&quot;:&quot;#2271b1&quot;,&quot;color&quot;:&quot;#fff&quot;,&quot;fontSize&quot;:&quot;16px&quot;,&quot;padding&quot;:{&quot;top&quot;:10,&quot;right&quot;:20,&quot;bottom&quot;:10,&quot;left&quot;:10}}},&quot;popupBtnStyle&quot;:{&quot;background&quot;:&quot;#2271b1&quot;,&quot;color&quot;:&quot;#fff&quot;,&quot;padding&quot;:{&quot;top&quot;:10,&quot;right&quot;:20,&quot;bottom&quot;:10,&quot;left&quot;:10}},&quot;popupBtnText&quot;:&quot;Open Document&quot;,&quot;CSS&quot;:&quot;&quot;,&quot;socialShare&quot;:{&quot;enabled&quot;:false,&quot;facebook&quot;:true,&quot;twitter&quot;:true,&quot;linkedin&quot;:true,&quot;pinterest&quot;:true,&quot;position&quot;:&quot;top&quot;},&quot;isPremium&quot;:false}'\n    style=\"text-align: left\">\n    \n        <a href=\"\/\/docs.google.com\/gview?embedded=true&#038;url=http:\/\/pedagogie.ac-lille.fr\/sbssa\/wp-content\/uploads\/sites\/30\/2021\/03\/BCP-MC-Referentiel-interactif-2019.pdf\" target=\"_blank\" rel=\"noopener\">Contenu embarqu\u00e9 non autoris\u00e9<\/a>\n\n    <\/div>\n","protected":false},"excerpt":{"rendered":"","protected":false},"author":48,"featured_media":855,"parent":1733,"menu_order":0,"comment_status":"closed","ping_status":"closed","template":"","meta":{"ngg_post_thumbnail":0,"footnotes":""},"class_list":["post-9385","page","type-page","status-publish","has-post-thumbnail","czr-hentry"],"publishpress_future_action":{"enabled":false,"date":"2026-04-11 17:58:54","action":"change-status","newStatus":"draft","terms":[],"taxonomy":"","extraData":[]},"publishpress_future_workflow_manual_trigger":{"enabledWorkflows":[]},"_links":{"self":[{"href":"https:\/\/pedagogie.ac-lille.fr\/sbssa\/wp-json\/wp\/v2\/pages\/9385","targetHints":{"allow":["GET"]}}],"collection":[{"href":"https:\/\/pedagogie.ac-lille.fr\/sbssa\/wp-json\/wp\/v2\/pages"}],"about":[{"href":"https:\/\/pedagogie.ac-lille.fr\/sbssa\/wp-json\/wp\/v2\/types\/page"}],"author":[{"embeddable":true,"href":"https:\/\/pedagogie.ac-lille.fr\/sbssa\/wp-json\/wp\/v2\/users\/48"}],"replies":[{"embeddable":true,"href":"https:\/\/pedagogie.ac-lille.fr\/sbssa\/wp-json\/wp\/v2\/comments?post=9385"}],"version-history":[{"count":10,"href":"https:\/\/pedagogie.ac-lille.fr\/sbssa\/wp-json\/wp\/v2\/pages\/9385\/revisions"}],"predecessor-version":[{"id":13166,"href":"https:\/\/pedagogie.ac-lille.fr\/sbssa\/wp-json\/wp\/v2\/pages\/9385\/revisions\/13166"}],"up":[{"embeddable":true,"href":"https:\/\/pedagogie.ac-lille.fr\/sbssa\/wp-json\/wp\/v2\/pages\/1733"}],"wp:featuredmedia":[{"embeddable":true,"href":"https:\/\/pedagogie.ac-lille.fr\/sbssa\/wp-json\/wp\/v2\/media\/855"}],"wp:attachment":[{"href":"https:\/\/pedagogie.ac-lille.fr\/sbssa\/wp-json\/wp\/v2\/media?parent=9385"}],"curies":[{"name":"wp","href":"https:\/\/api.w.org\/{rel}","templated":true}]}}