{"id":9433,"date":"2023-02-11T10:00:57","date_gmt":"2023-02-11T09:00:57","guid":{"rendered":"https:\/\/pedagogie.ac-lille.fr\/sbssa\/?page_id=9433"},"modified":"2023-02-11T12:07:20","modified_gmt":"2023-02-11T11:07:20","slug":"orientation-textes-officiels","status":"publish","type":"page","link":"https:\/\/pedagogie.ac-lille.fr\/sbssa\/dossiers-transversaux\/orientation\/orientation-textes-officiels\/","title":{"rendered":"Textes officiels"},"content":{"rendered":"<ul class=\"wp-block-latest-posts__list has-dates wp-block-latest-posts\"><li><div class=\"wp-block-latest-posts__featured-image alignleft\"><a href=\"https:\/\/pedagogie.ac-lille.fr\/sbssa\/fiche-orientation-des-eleves-au-college-et-au-lycee-professionnel-decembre-2020\/\" aria-label=\"Fiche \u00ab Orientation des \u00e9l\u00e8ves au coll\u00e8ge et au lyc\u00e9e professionnel \u00bb\u00a0&#8211; D\u00e9cembre 2020\"><img loading=\"lazy\" decoding=\"async\" width=\"150\" height=\"150\" src=\"https:\/\/pedagogie.ac-lille.fr\/sbssa\/wp-content\/uploads\/sites\/30\/2021\/03\/Orientation-1-150x150.jpeg\" class=\"attachment-thumbnail size-thumbnail no-lazy wp-post-image\" alt=\"Orientation\" style=\"\" srcset=\"https:\/\/pedagogie.ac-lille.fr\/sbssa\/wp-content\/uploads\/sites\/30\/2021\/03\/Orientation-1-150x150.jpeg 150w, https:\/\/pedagogie.ac-lille.fr\/sbssa\/wp-content\/uploads\/sites\/30\/2021\/03\/Orientation-1-300x300.jpeg 300w, https:\/\/pedagogie.ac-lille.fr\/sbssa\/wp-content\/uploads\/sites\/30\/2021\/03\/Orientation-1-510x510.jpeg 510w, https:\/\/pedagogie.ac-lille.fr\/sbssa\/wp-content\/uploads\/sites\/30\/2021\/03\/Orientation-1.jpeg 768w\" sizes=\"auto, (max-width: 150px) 100vw, 150px\" \/><\/a><\/div><a class=\"wp-block-latest-posts__post-title\" href=\"https:\/\/pedagogie.ac-lille.fr\/sbssa\/fiche-orientation-des-eleves-au-college-et-au-lycee-professionnel-decembre-2020\/\">Fiche \u00ab Orientation des \u00e9l\u00e8ves au coll\u00e8ge et au lyc\u00e9e professionnel \u00bb\u00a0&#8211; D\u00e9cembre 2020<\/a><time datetime=\"2020-12-31T11:17:00+01:00\" class=\"wp-block-latest-posts__post-date\">31 d\u00e9cembre 2020<\/time><\/li>\n<li><div class=\"wp-block-latest-posts__featured-image alignleft\"><a href=\"https:\/\/pedagogie.ac-lille.fr\/sbssa\/vademecum-daccompagnement-a-lorientation-en-lycee-professionnel-10-2020\/\" aria-label=\"Vade-mecum Accompagnement \u00e0 l&rsquo;orientation en Lyc\u00e9e Professionnel &#8211; Octobre 2020\"><img loading=\"lazy\" decoding=\"async\" width=\"150\" height=\"150\" src=\"https:\/\/pedagogie.ac-lille.fr\/sbssa\/wp-content\/uploads\/sites\/30\/2023\/02\/vademecum-orientation-LP-2020-150x150.png\" class=\"attachment-thumbnail size-thumbnail no-lazy wp-post-image\" alt=\"\" style=\"\" \/><\/a><\/div><a class=\"wp-block-latest-posts__post-title\" href=\"https:\/\/pedagogie.ac-lille.fr\/sbssa\/vademecum-daccompagnement-a-lorientation-en-lycee-professionnel-10-2020\/\">Vade-mecum Accompagnement \u00e0 l&rsquo;orientation en Lyc\u00e9e Professionnel &#8211; Octobre 2020<\/a><time datetime=\"2020-10-30T10:22:00+01:00\" class=\"wp-block-latest-posts__post-date\">30 octobre 2020<\/time><\/li>\n<li><div class=\"wp-block-latest-posts__featured-image alignleft\"><a href=\"https:\/\/pedagogie.ac-lille.fr\/sbssa\/les-campus-des-metiers-et-des-qualifications\/\" aria-label=\"Les  campus des m\u00e9tiers et des qualifications\"><img loading=\"lazy\" decoding=\"async\" width=\"150\" height=\"150\" src=\"https:\/\/pedagogie.ac-lille.fr\/sbssa\/wp-content\/uploads\/sites\/30\/2023\/02\/e1c321e2-66fe-4ef1-8bb3-e52dd164f449-150x150.jpeg\" class=\"attachment-thumbnail size-thumbnail no-lazy wp-post-image\" alt=\"\" style=\"\" \/><\/a><\/div><a class=\"wp-block-latest-posts__post-title\" href=\"https:\/\/pedagogie.ac-lille.fr\/sbssa\/les-campus-des-metiers-et-des-qualifications\/\">Les  campus des m\u00e9tiers et des qualifications<\/a><time datetime=\"2020-10-18T11:08:00+02:00\" class=\"wp-block-latest-posts__post-date\">18 octobre 2020<\/time><\/li>\n<li><div class=\"wp-block-latest-posts__featured-image alignleft\"><a href=\"https:\/\/pedagogie.ac-lille.fr\/sbssa\/infographie-voie-pro-partez-vous-former-a-letranger-aout-2019\/\" aria-label=\"Infographie \u00ab Voie pro, partez vous former \u00e0 l&rsquo;\u00e9tranger\u00a0! \u00bb &#8211; Ao\u00fbt 2019\"><img loading=\"lazy\" decoding=\"async\" width=\"150\" height=\"150\" src=\"https:\/\/pedagogie.ac-lille.fr\/sbssa\/wp-content\/uploads\/sites\/30\/2023\/06\/connection-g3518bb621_1280-150x150.jpg\" class=\"attachment-thumbnail size-thumbnail no-lazy wp-post-image\" alt=\"\" style=\"\" srcset=\"https:\/\/pedagogie.ac-lille.fr\/sbssa\/wp-content\/uploads\/sites\/30\/2023\/06\/connection-g3518bb621_1280-150x150.jpg 150w, https:\/\/pedagogie.ac-lille.fr\/sbssa\/wp-content\/uploads\/sites\/30\/2023\/06\/connection-g3518bb621_1280-510x510.jpg 510w\" sizes=\"auto, (max-width: 150px) 100vw, 150px\" \/><\/a><\/div><a class=\"wp-block-latest-posts__post-title\" href=\"https:\/\/pedagogie.ac-lille.fr\/sbssa\/infographie-voie-pro-partez-vous-former-a-letranger-aout-2019\/\">Infographie \u00ab Voie pro, partez vous former \u00e0 l&rsquo;\u00e9tranger\u00a0! \u00bb &#8211; Ao\u00fbt 2019<\/a><time datetime=\"2019-08-31T11:26:00+02:00\" class=\"wp-block-latest-posts__post-date\">31 ao\u00fbt 2019<\/time><\/li>\n<li><div class=\"wp-block-latest-posts__featured-image alignleft\"><a href=\"https:\/\/pedagogie.ac-lille.fr\/sbssa\/vade-mecum-les-mobilites-internationales-et-europeennes-juin-2019\/\" aria-label=\"Vade-mecum Les mobilit\u00e9s internationales et europ\u00e9ennes &#8211; Juin 2019\"><img loading=\"lazy\" decoding=\"async\" width=\"150\" height=\"150\" src=\"https:\/\/pedagogie.ac-lille.fr\/sbssa\/wp-content\/uploads\/sites\/30\/2019\/06\/vademecum_mobilites_2019-09-28_09-32-55_770-150x150.jpg\" class=\"attachment-thumbnail size-thumbnail no-lazy wp-post-image\" alt=\"\" style=\"\" \/><\/a><\/div><a class=\"wp-block-latest-posts__post-title\" href=\"https:\/\/pedagogie.ac-lille.fr\/sbssa\/vade-mecum-les-mobilites-internationales-et-europeennes-juin-2019\/\">Vade-mecum Les mobilit\u00e9s internationales et europ\u00e9ennes &#8211; Juin 2019<\/a><time datetime=\"2019-06-30T11:01:00+02:00\" class=\"wp-block-latest-posts__post-date\">30 juin 2019<\/time><\/li>\n<li><div class=\"wp-block-latest-posts__featured-image alignleft\"><a href=\"https:\/\/pedagogie.ac-lille.fr\/sbssa\/vade-mecum-module-de-preparation-a-linsertion-professionnelle\/\" aria-label=\"Vade-mecum Module de pr\u00e9paration \u00e0 l\u2019insertion professionnelle &#8211; Juin 2019\"><img loading=\"lazy\" decoding=\"async\" width=\"150\" height=\"150\" src=\"https:\/\/pedagogie.ac-lille.fr\/sbssa\/wp-content\/uploads\/sites\/30\/2023\/06\/Vade-mecum-Module-a\u0300-linsertion-professionnelle-150x150.jpg\" class=\"attachment-thumbnail size-thumbnail no-lazy wp-post-image\" alt=\"\" style=\"\" \/><\/a><\/div><a class=\"wp-block-latest-posts__post-title\" href=\"https:\/\/pedagogie.ac-lille.fr\/sbssa\/vade-mecum-module-de-preparation-a-linsertion-professionnelle\/\">Vade-mecum Module de pr\u00e9paration \u00e0 l\u2019insertion professionnelle &#8211; Juin 2019<\/a><time datetime=\"2019-06-30T10:47:00+02:00\" class=\"wp-block-latest-posts__post-date\">30 juin 2019<\/time><\/li>\n<li><div class=\"wp-block-latest-posts__featured-image alignleft\"><a href=\"https:\/\/pedagogie.ac-lille.fr\/sbssa\/vade-mecum-preparation-a-la-poursuite-detudes\/\" aria-label=\"Vade-mecum Pr\u00e9paration \u00e0 la poursuite d&rsquo;\u00e9tudes &#8211; Juin 2019\"><img loading=\"lazy\" decoding=\"async\" width=\"150\" height=\"150\" src=\"https:\/\/pedagogie.ac-lille.fr\/sbssa\/wp-content\/uploads\/sites\/30\/2019\/06\/2021-09-22_14_46_33-vade-mecum_poursuite_etudes.pdf_-_adobe_acrobat_reader_dc_32-bit_-133e4-150x150.jpg\" class=\"attachment-thumbnail size-thumbnail no-lazy wp-post-image\" alt=\"\" style=\"\" \/><\/a><\/div><a class=\"wp-block-latest-posts__post-title\" href=\"https:\/\/pedagogie.ac-lille.fr\/sbssa\/vade-mecum-preparation-a-la-poursuite-detudes\/\">Vade-mecum Pr\u00e9paration \u00e0 la poursuite d&rsquo;\u00e9tudes &#8211; Juin 2019<\/a><time datetime=\"2019-06-30T10:34:00+02:00\" class=\"wp-block-latest-posts__post-date\">30 juin 2019<\/time><\/li>\n<\/ul>","protected":false},"excerpt":{"rendered":"","protected":false},"author":48,"featured_media":0,"parent":707,"menu_order":0,"comment_status":"closed","ping_status":"closed","template":"","meta":{"ngg_post_thumbnail":0,"footnotes":""},"class_list":["post-9433","page","type-page","status-publish","czr-hentry"],"publishpress_future_action":{"enabled":false,"date":"2026-04-11 12:14:23","action":"change-status","newStatus":"draft","terms":[],"taxonomy":"","extraData":[]},"publishpress_future_workflow_manual_trigger":{"enabledWorkflows":[]},"_links":{"self":[{"href":"https:\/\/pedagogie.ac-lille.fr\/sbssa\/wp-json\/wp\/v2\/pages\/9433","targetHints":{"allow":["GET"]}}],"collection":[{"href":"https:\/\/pedagogie.ac-lille.fr\/sbssa\/wp-json\/wp\/v2\/pages"}],"about":[{"href":"https:\/\/pedagogie.ac-lille.fr\/sbssa\/wp-json\/wp\/v2\/types\/page"}],"author":[{"embeddable":true,"href":"https:\/\/pedagogie.ac-lille.fr\/sbssa\/wp-json\/wp\/v2\/users\/48"}],"replies":[{"embeddable":true,"href":"https:\/\/pedagogie.ac-lille.fr\/sbssa\/wp-json\/wp\/v2\/comments?post=9433"}],"version-history":[{"count":2,"href":"https:\/\/pedagogie.ac-lille.fr\/sbssa\/wp-json\/wp\/v2\/pages\/9433\/revisions"}],"predecessor-version":[{"id":9442,"href":"https:\/\/pedagogie.ac-lille.fr\/sbssa\/wp-json\/wp\/v2\/pages\/9433\/revisions\/9442"}],"up":[{"embeddable":true,"href":"https:\/\/pedagogie.ac-lille.fr\/sbssa\/wp-json\/wp\/v2\/pages\/707"}],"wp:attachment":[{"href":"https:\/\/pedagogie.ac-lille.fr\/sbssa\/wp-json\/wp\/v2\/media?parent=9433"}],"curies":[{"name":"wp","href":"https:\/\/api.w.org\/{rel}","templated":true}]}}