{"id":9436,"date":"2023-02-11T10:03:13","date_gmt":"2023-02-11T09:03:13","guid":{"rendered":"https:\/\/pedagogie.ac-lille.fr\/sbssa\/?page_id=9436"},"modified":"2023-02-11T10:13:40","modified_gmt":"2023-02-11T09:13:40","slug":"orientation-ressources","status":"publish","type":"page","link":"https:\/\/pedagogie.ac-lille.fr\/sbssa\/dossiers-transversaux\/orientation\/orientation-ressources\/","title":{"rendered":"Ressources"},"content":{"rendered":"<ul class=\"wp-block-latest-posts__list has-dates wp-block-latest-posts\"><li><div class=\"wp-block-latest-posts__featured-image alignleft\"><a href=\"https:\/\/pedagogie.ac-lille.fr\/sbssa\/portail-orientation-pour-tous\/\" aria-label=\"Portail orientation pour tous\"><img loading=\"lazy\" decoding=\"async\" width=\"150\" height=\"148\" src=\"https:\/\/pedagogie.ac-lille.fr\/sbssa\/wp-content\/uploads\/sites\/30\/2023\/02\/logo-orientation-pour-tous-header-150x148.png\" class=\"attachment-thumbnail size-thumbnail no-lazy wp-post-image\" alt=\"\" style=\"\" \/><\/a><\/div><a class=\"wp-block-latest-posts__post-title\" href=\"https:\/\/pedagogie.ac-lille.fr\/sbssa\/portail-orientation-pour-tous\/\">Portail orientation pour tous<\/a><time datetime=\"2023-02-12T12:19:44+01:00\" class=\"wp-block-latest-posts__post-date\">12 f\u00e9vrier 2023<\/time><\/li>\n<li><div class=\"wp-block-latest-posts__featured-image alignleft\"><a href=\"https:\/\/pedagogie.ac-lille.fr\/sbssa\/proch-orientation\/\" aria-label=\"PROCH&rsquo; ORIENTATION\"><img loading=\"lazy\" decoding=\"async\" width=\"150\" height=\"146\" src=\"https:\/\/pedagogie.ac-lille.fr\/sbssa\/wp-content\/uploads\/sites\/30\/2023\/02\/Proch-orientation-150x146.png\" class=\"attachment-thumbnail size-thumbnail no-lazy wp-post-image\" alt=\"\" style=\"\" \/><\/a><\/div><a class=\"wp-block-latest-posts__post-title\" href=\"https:\/\/pedagogie.ac-lille.fr\/sbssa\/proch-orientation\/\">PROCH&rsquo; ORIENTATION<\/a><time datetime=\"2023-02-12T11:55:12+01:00\" class=\"wp-block-latest-posts__post-date\">12 f\u00e9vrier 2023<\/time><\/li>\n<li><div class=\"wp-block-latest-posts__featured-image alignleft\"><a href=\"https:\/\/pedagogie.ac-lille.fr\/sbssa\/que-faire-apres-le-baccalaureat\/\" aria-label=\"Que faire apr\u00e8s le baccalaur\u00e9at ?\"><img loading=\"lazy\" decoding=\"async\" width=\"150\" height=\"150\" src=\"https:\/\/pedagogie.ac-lille.fr\/sbssa\/wp-content\/uploads\/sites\/30\/2023\/02\/chartegraphique_1000_marianne-150x150.gif\" class=\"attachment-thumbnail size-thumbnail no-lazy wp-post-image\" alt=\"\" style=\"\" \/><\/a><\/div><a class=\"wp-block-latest-posts__post-title\" href=\"https:\/\/pedagogie.ac-lille.fr\/sbssa\/que-faire-apres-le-baccalaureat\/\">Que faire apr\u00e8s le baccalaur\u00e9at ?<\/a><time datetime=\"2023-02-12T11:24:01+01:00\" class=\"wp-block-latest-posts__post-date\">12 f\u00e9vrier 2023<\/time><\/li>\n<li><div class=\"wp-block-latest-posts__featured-image alignleft\"><a href=\"https:\/\/pedagogie.ac-lille.fr\/sbssa\/eduscol-accompagnement-a-lorientation-au-college-et-au-lycee\/\" aria-label=\"Ressources \u00c9duscol sur l&rsquo;accompagnement \u00e0 l&rsquo;orientation au lyc\u00e9e\"><img loading=\"lazy\" decoding=\"async\" width=\"150\" height=\"150\" src=\"https:\/\/pedagogie.ac-lille.fr\/sbssa\/wp-content\/uploads\/sites\/30\/2023\/02\/eduscol-logo-150x150.jpg\" class=\"attachment-thumbnail size-thumbnail no-lazy wp-post-image\" alt=\"\" style=\"\" srcset=\"https:\/\/pedagogie.ac-lille.fr\/sbssa\/wp-content\/uploads\/sites\/30\/2023\/02\/eduscol-logo-150x150.jpg 150w, https:\/\/pedagogie.ac-lille.fr\/sbssa\/wp-content\/uploads\/sites\/30\/2023\/02\/eduscol-logo-300x300.jpg 300w, https:\/\/pedagogie.ac-lille.fr\/sbssa\/wp-content\/uploads\/sites\/30\/2023\/02\/eduscol-logo.jpg 467w\" sizes=\"auto, (max-width: 150px) 100vw, 150px\" \/><\/a><\/div><a class=\"wp-block-latest-posts__post-title\" href=\"https:\/\/pedagogie.ac-lille.fr\/sbssa\/eduscol-accompagnement-a-lorientation-au-college-et-au-lycee\/\">Ressources \u00c9duscol sur l&rsquo;accompagnement \u00e0 l&rsquo;orientation au lyc\u00e9e<\/a><time datetime=\"2023-02-12T09:37:02+01:00\" class=\"wp-block-latest-posts__post-date\">12 f\u00e9vrier 2023<\/time><\/li>\n<li><div class=\"wp-block-latest-posts__featured-image alignleft\"><a href=\"https:\/\/pedagogie.ac-lille.fr\/sbssa\/brochure-eleves-de-troisieme-bien-se-preparer-pour-reussir-au-lycee-novembre-2022\/\" aria-label=\"Brochure \u00ab \u00c9l\u00e8ves de troisi\u00e8me\u00a0: bien se pr\u00e9parer pour r\u00e9ussir au lyc\u00e9e\u00a0\u00bb &#8211; Novembre 2022\"><img loading=\"lazy\" decoding=\"async\" width=\"150\" height=\"150\" src=\"https:\/\/pedagogie.ac-lille.fr\/sbssa\/wp-content\/uploads\/sites\/30\/2023\/06\/Brochure-3e-pre\u0301parer-entre\u0301e-au-lyce\u0301e-150x150.jpeg\" class=\"attachment-thumbnail size-thumbnail no-lazy wp-post-image\" alt=\"\" style=\"\" \/><\/a><\/div><a class=\"wp-block-latest-posts__post-title\" href=\"https:\/\/pedagogie.ac-lille.fr\/sbssa\/brochure-eleves-de-troisieme-bien-se-preparer-pour-reussir-au-lycee-novembre-2022\/\">Brochure \u00ab \u00c9l\u00e8ves de troisi\u00e8me\u00a0: bien se pr\u00e9parer pour r\u00e9ussir au lyc\u00e9e\u00a0\u00bb &#8211; Novembre 2022<\/a><time datetime=\"2022-11-30T12:20:00+01:00\" class=\"wp-block-latest-posts__post-date\">30 novembre 2022<\/time><\/li>\n<li><div class=\"wp-block-latest-posts__featured-image alignleft\"><a href=\"https:\/\/pedagogie.ac-lille.fr\/sbssa\/brochure-lycee-professionnel-se-former-aux-metiers-de-demain-novembre-2022\/\" aria-label=\"Brochure \u00ab\u00a0Lyc\u00e9e professionnel\u00a0: se former aux m\u00e9tiers de demain\u00a0\u00bb &#8211; Novembre 2022\"><img loading=\"lazy\" decoding=\"async\" width=\"147\" height=\"150\" src=\"https:\/\/pedagogie.ac-lille.fr\/sbssa\/wp-content\/uploads\/sites\/30\/2023\/06\/Brochure-couv_lycpro_se-former-aux-metiers-de-demain-147x150.png\" class=\"attachment-thumbnail size-thumbnail no-lazy wp-post-image\" alt=\"\" style=\"\" \/><\/a><\/div><a class=\"wp-block-latest-posts__post-title\" href=\"https:\/\/pedagogie.ac-lille.fr\/sbssa\/brochure-lycee-professionnel-se-former-aux-metiers-de-demain-novembre-2022\/\">Brochure \u00ab\u00a0Lyc\u00e9e professionnel\u00a0: se former aux m\u00e9tiers de demain\u00a0\u00bb &#8211; Novembre 2022<\/a><time datetime=\"2022-11-30T12:12:00+01:00\" class=\"wp-block-latest-posts__post-date\">30 novembre 2022<\/time><\/li>\n<li><div class=\"wp-block-latest-posts__featured-image alignleft\"><a href=\"https:\/\/pedagogie.ac-lille.fr\/sbssa\/le-site-onisep-linformation-pour-lorientation\/\" aria-label=\"Le site Onisep : l&rsquo;information pour l&rsquo;orientation\"><img loading=\"lazy\" decoding=\"async\" width=\"150\" height=\"150\" src=\"https:\/\/pedagogie.ac-lille.fr\/sbssa\/wp-content\/uploads\/sites\/30\/2021\/07\/AVT_ONISEP_6407-150x150.jpg\" class=\"attachment-thumbnail size-thumbnail no-lazy wp-post-image\" alt=\"ONISEP\" style=\"\" \/><\/a><\/div><a class=\"wp-block-latest-posts__post-title\" href=\"https:\/\/pedagogie.ac-lille.fr\/sbssa\/le-site-onisep-linformation-pour-lorientation\/\">Le site Onisep : l&rsquo;information pour l&rsquo;orientation<\/a><time datetime=\"2021-02-12T10:34:00+01:00\" class=\"wp-block-latest-posts__post-date\">12 f\u00e9vrier 2021<\/time><\/li>\n<\/ul>","protected":false},"excerpt":{"rendered":"","protected":false},"author":48,"featured_media":3312,"parent":707,"menu_order":0,"comment_status":"closed","ping_status":"closed","template":"","meta":{"ngg_post_thumbnail":0,"footnotes":""},"class_list":["post-9436","page","type-page","status-publish","has-post-thumbnail","czr-hentry"],"publishpress_future_action":{"enabled":false,"date":"2026-04-11 12:02:38","action":"change-status","newStatus":"draft","terms":[],"taxonomy":"","extraData":[]},"publishpress_future_workflow_manual_trigger":{"enabledWorkflows":[]},"_links":{"self":[{"href":"https:\/\/pedagogie.ac-lille.fr\/sbssa\/wp-json\/wp\/v2\/pages\/9436","targetHints":{"allow":["GET"]}}],"collection":[{"href":"https:\/\/pedagogie.ac-lille.fr\/sbssa\/wp-json\/wp\/v2\/pages"}],"about":[{"href":"https:\/\/pedagogie.ac-lille.fr\/sbssa\/wp-json\/wp\/v2\/types\/page"}],"author":[{"embeddable":true,"href":"https:\/\/pedagogie.ac-lille.fr\/sbssa\/wp-json\/wp\/v2\/users\/48"}],"replies":[{"embeddable":true,"href":"https:\/\/pedagogie.ac-lille.fr\/sbssa\/wp-json\/wp\/v2\/comments?post=9436"}],"version-history":[{"count":2,"href":"https:\/\/pedagogie.ac-lille.fr\/sbssa\/wp-json\/wp\/v2\/pages\/9436\/revisions"}],"predecessor-version":[{"id":9443,"href":"https:\/\/pedagogie.ac-lille.fr\/sbssa\/wp-json\/wp\/v2\/pages\/9436\/revisions\/9443"}],"up":[{"embeddable":true,"href":"https:\/\/pedagogie.ac-lille.fr\/sbssa\/wp-json\/wp\/v2\/pages\/707"}],"wp:featuredmedia":[{"embeddable":true,"href":"https:\/\/pedagogie.ac-lille.fr\/sbssa\/wp-json\/wp\/v2\/media\/3312"}],"wp:attachment":[{"href":"https:\/\/pedagogie.ac-lille.fr\/sbssa\/wp-json\/wp\/v2\/media?parent=9436"}],"curies":[{"name":"wp","href":"https:\/\/api.w.org\/{rel}","templated":true}]}}