{"id":9994,"date":"2023-04-10T17:00:54","date_gmt":"2023-04-10T15:00:54","guid":{"rendered":"https:\/\/pedagogie.ac-lille.fr\/sbssa\/?page_id=9994"},"modified":"2024-12-29T12:59:53","modified_gmt":"2024-12-29T11:59:53","slug":"documents-academiques-bcp-pp","status":"publish","type":"page","link":"https:\/\/pedagogie.ac-lille.fr\/sbssa\/filieres\/beaute-et-bien-etre\/coiffure\/baccalaureat-professionnel-perruquier-posticheur-bcp-pp\/documents-academiques-bcp-pp\/","title":{"rendered":"R\u00e9f\u00e9rentiel du baccalaur\u00e9at professionnel \u00ab\u00a0perruquier posticheur\u00a0\u00bb"},"content":{"rendered":"\n<div class=\"wp-block-media-text is-stacked-on-mobile\" style=\"grid-template-columns:30% auto\"><figure class=\"wp-block-media-text__media\"><a href=\"https:\/\/www.education.gouv.fr\/bo\/2010\/22\/mene1005117a.htm\" target=\"_blank\" rel=\" noreferrer noopener\"><img loading=\"lazy\" decoding=\"async\" width=\"340\" height=\"191\" src=\"http:\/\/pedagogie.ac-lille.fr\/sbssa\/wp-content\/uploads\/sites\/30\/2023\/04\/BOEN.png\" alt=\"BOEN\" class=\"wp-image-10389 size-full\" srcset=\"https:\/\/pedagogie.ac-lille.fr\/sbssa\/wp-content\/uploads\/sites\/30\/2023\/04\/BOEN.png 340w, https:\/\/pedagogie.ac-lille.fr\/sbssa\/wp-content\/uploads\/sites\/30\/2023\/04\/BOEN-300x169.png 300w\" sizes=\"auto, (max-width: 340px) 100vw, 340px\" \/><\/a><\/figure><div class=\"wp-block-media-text__content\">\n<p><a href=\"https:\/\/www.education.gouv.fr\/bo\/2010\/22\/mene1005117a.htm\">Bulletin officiel n\u00b022 du 3 juin 2010&nbsp;<br>&nbsp;\u00ab Perruquier posticheur \u00bb : cr\u00e9ation et modalit\u00e9s de d\u00e9livrance<\/a><\/p>\n<\/div><\/div>\n\n\n\n<div style=\"height:50px\" aria-hidden=\"true\" class=\"wp-block-spacer\"><\/div>\n\n\n\n<div class=\"wp-block-media-text is-stacked-on-mobile\" style=\"grid-template-columns:30% auto\"><figure class=\"wp-block-media-text__media\"><a href=\"https:\/\/referentiels-professionnels.eduscol.education.fr\/a105.html\" target=\"_blank\" rel=\" noreferrer noopener\"><img loading=\"lazy\" decoding=\"async\" width=\"487\" height=\"192\" src=\"http:\/\/pedagogie.ac-lille.fr\/sbssa\/wp-content\/uploads\/sites\/30\/2022\/11\/Eduscol-Logo.png\" alt=\"\u00c9duscol - Logo\" class=\"wp-image-6736 size-full\" srcset=\"https:\/\/pedagogie.ac-lille.fr\/sbssa\/wp-content\/uploads\/sites\/30\/2022\/11\/Eduscol-Logo.png 487w, https:\/\/pedagogie.ac-lille.fr\/sbssa\/wp-content\/uploads\/sites\/30\/2022\/11\/Eduscol-Logo-300x118.png 300w\" sizes=\"auto, (max-width: 487px) 100vw, 487px\" \/><\/a><\/figure><div class=\"wp-block-media-text__content\">\n<p><a href=\"https:\/\/referentiels-professionnels.eduscol.education.fr\/a105.html\" target=\"_blank\" rel=\"noreferrer noopener\">R\u00e9f\u00e9rentiel en ligne<\/a><\/p>\n<\/div><\/div>\n\n\n\n<div style=\"height:50px\" aria-hidden=\"true\" class=\"wp-block-spacer\"><\/div>\n\n\n\n<div class=\"wp-block-file\"><a id=\"wp-block-file--media-d2212441-c7cc-4358-80cb-799abd98c9ea\" href=\"http:\/\/pedagogie.ac-lille.fr\/sbssa\/wp-content\/uploads\/sites\/30\/2021\/07\/bcp_perruquier_posticheur_-_referentiels_du_diplome_-_annexe_i.pdf\" target=\"_blank\" rel=\"noreferrer noopener\">BCP PP &#8211; R\u00e9f\u00e9rentiels du dipl\u00f4me &#8211; Annexe I<\/a><a href=\"http:\/\/pedagogie.ac-lille.fr\/sbssa\/wp-content\/uploads\/sites\/30\/2021\/07\/bcp_perruquier_posticheur_-_referentiels_du_diplome_-_annexe_i.pdf\" class=\"wp-block-file__button wp-element-button\" download aria-describedby=\"wp-block-file--media-d2212441-c7cc-4358-80cb-799abd98c9ea\">T\u00e9l\u00e9charger<\/a><\/div>\n\n\n\n<div class=\"wp-block-file\"><a id=\"wp-block-file--media-452b83c6-cdd3-44f0-888b-3b3e0a3a0aa8\" href=\"http:\/\/pedagogie.ac-lille.fr\/sbssa\/wp-content\/uploads\/sites\/30\/2021\/07\/bcp_perruquier_posticheur_-_unites_constitutives_du_diplome_-_annexe_iia.pdf\" target=\"_blank\" rel=\"noreferrer noopener\">BCP PP &#8211; Unit\u00e9s constitutives du dipl\u00f4me &#8211; Annexe II a<\/a><a href=\"http:\/\/pedagogie.ac-lille.fr\/sbssa\/wp-content\/uploads\/sites\/30\/2021\/07\/bcp_perruquier_posticheur_-_unites_constitutives_du_diplome_-_annexe_iia.pdf\" class=\"wp-block-file__button wp-element-button\" download aria-describedby=\"wp-block-file--media-452b83c6-cdd3-44f0-888b-3b3e0a3a0aa8\">T\u00e9l\u00e9charger<\/a><\/div>\n\n\n\n<div class=\"wp-block-file\"><a id=\"wp-block-file--media-3590cf7d-9f21-417b-832a-81389a4432b5\" href=\"http:\/\/pedagogie.ac-lille.fr\/sbssa\/wp-content\/uploads\/sites\/30\/2021\/07\/bcp_perruquier_posticheur_-_reglement_dexamen_-_modifie_par_arrete_du_9_juillet_2015_-_annexe_iib-1.pdf\" target=\"_blank\" rel=\"noreferrer noopener\">BCP PP &#8211; R\u00e8glement d&rsquo;examen modifi\u00e9 par arr\u00eat\u00e9 du 9 juillet 2015 &#8211; Annexe II b<\/a><a href=\"http:\/\/pedagogie.ac-lille.fr\/sbssa\/wp-content\/uploads\/sites\/30\/2021\/07\/bcp_perruquier_posticheur_-_reglement_dexamen_-_modifie_par_arrete_du_9_juillet_2015_-_annexe_iib-1.pdf\" class=\"wp-block-file__button wp-element-button\" download aria-describedby=\"wp-block-file--media-3590cf7d-9f21-417b-832a-81389a4432b5\">T\u00e9l\u00e9charger<\/a><\/div>\n\n\n\n<div class=\"wp-block-file\"><a id=\"wp-block-file--media-6314cee0-0b30-45f8-8149-47176b44ded2\" href=\"http:\/\/pedagogie.ac-lille.fr\/sbssa\/wp-content\/uploads\/sites\/30\/2021\/07\/bcp_perruquier_posticheur_-_definition_des_epreuves_-_annexe_iic.pdf\" target=\"_blank\" rel=\"noreferrer noopener\">BCP PP &#8211; D\u00e9finition des \u00e9preuves &#8211; Annexe II c<\/a><a href=\"http:\/\/pedagogie.ac-lille.fr\/sbssa\/wp-content\/uploads\/sites\/30\/2021\/07\/bcp_perruquier_posticheur_-_definition_des_epreuves_-_annexe_iic.pdf\" class=\"wp-block-file__button wp-element-button\" download aria-describedby=\"wp-block-file--media-6314cee0-0b30-45f8-8149-47176b44ded2\">T\u00e9l\u00e9charger<\/a><\/div>\n\n\n\n<div class=\"wp-block-file\"><a id=\"wp-block-file--media-4b2986e4-8280-4ee9-bb1f-9e908e61e580\" href=\"http:\/\/pedagogie.ac-lille.fr\/sbssa\/wp-content\/uploads\/sites\/30\/2021\/07\/bcp_perruquier_posticheur_-_periode_de_formation_en_milieu_professionnel_-_annexe_iii.pdf\" target=\"_blank\" rel=\"noreferrer noopener\">BCP PP &#8211; P\u00e9riode de formation en milieu professionnel &#8211; Annexe III<\/a><a href=\"http:\/\/pedagogie.ac-lille.fr\/sbssa\/wp-content\/uploads\/sites\/30\/2021\/07\/bcp_perruquier_posticheur_-_periode_de_formation_en_milieu_professionnel_-_annexe_iii.pdf\" class=\"wp-block-file__button wp-element-button\" download aria-describedby=\"wp-block-file--media-4b2986e4-8280-4ee9-bb1f-9e908e61e580\">T\u00e9l\u00e9charger<\/a><\/div>\n\n\n\n<p><\/p>\n","protected":false},"excerpt":{"rendered":"<p>Bulletin officiel n\u00b022 du 3 juin 2010&nbsp;&nbsp;\u00ab Perruquier posticheur \u00bb : cr\u00e9ation et modalit\u00e9s de d\u00e9livrance R\u00e9f\u00e9rentiel en ligne<\/p>\n","protected":false},"author":48,"featured_media":0,"parent":1736,"menu_order":0,"comment_status":"closed","ping_status":"closed","template":"","meta":{"ngg_post_thumbnail":0,"footnotes":""},"class_list":["post-9994","page","type-page","status-publish","czr-hentry"],"publishpress_future_action":{"enabled":false,"date":"2026-04-11 12:15:11","action":"change-status","newStatus":"draft","terms":[],"taxonomy":"","extraData":[]},"publishpress_future_workflow_manual_trigger":{"enabledWorkflows":[]},"_links":{"self":[{"href":"https:\/\/pedagogie.ac-lille.fr\/sbssa\/wp-json\/wp\/v2\/pages\/9994","targetHints":{"allow":["GET"]}}],"collection":[{"href":"https:\/\/pedagogie.ac-lille.fr\/sbssa\/wp-json\/wp\/v2\/pages"}],"about":[{"href":"https:\/\/pedagogie.ac-lille.fr\/sbssa\/wp-json\/wp\/v2\/types\/page"}],"author":[{"embeddable":true,"href":"https:\/\/pedagogie.ac-lille.fr\/sbssa\/wp-json\/wp\/v2\/users\/48"}],"replies":[{"embeddable":true,"href":"https:\/\/pedagogie.ac-lille.fr\/sbssa\/wp-json\/wp\/v2\/comments?post=9994"}],"version-history":[{"count":20,"href":"https:\/\/pedagogie.ac-lille.fr\/sbssa\/wp-json\/wp\/v2\/pages\/9994\/revisions"}],"predecessor-version":[{"id":13187,"href":"https:\/\/pedagogie.ac-lille.fr\/sbssa\/wp-json\/wp\/v2\/pages\/9994\/revisions\/13187"}],"up":[{"embeddable":true,"href":"https:\/\/pedagogie.ac-lille.fr\/sbssa\/wp-json\/wp\/v2\/pages\/1736"}],"wp:attachment":[{"href":"https:\/\/pedagogie.ac-lille.fr\/sbssa\/wp-json\/wp\/v2\/media?parent=9994"}],"curies":[{"name":"wp","href":"https:\/\/api.w.org\/{rel}","templated":true}]}}