{"id":1078,"date":"2024-01-29T16:00:00","date_gmt":"2024-01-29T15:00:00","guid":{"rendered":"https:\/\/pedagogie.ac-lille.fr\/ses\/?page_id=1078"},"modified":"2024-01-29T16:12:01","modified_gmt":"2024-01-29T15:12:01","slug":"guide-de-levaluation-des-apprentissages-et-des-acquis","status":"publish","type":"page","link":"https:\/\/pedagogie.ac-lille.fr\/ses\/guide-de-levaluation-des-apprentissages-et-des-acquis\/","title":{"rendered":"Guide de l&rsquo;\u00e9valuation des apprentissages et des acquis (novembre2023)"},"content":{"rendered":"<div class=\"wp-block-image\">\n<figure class=\"aligncenter size-full is-resized\"><img loading=\"lazy\" decoding=\"async\" width=\"810\" height=\"350\" src=\"https:\/\/pedagogie.ac-lille.fr\/ses\/wp-content\/uploads\/sites\/35\/2024\/01\/eval-4.jpg\" alt=\"\" class=\"wp-image-1081\" style=\"width:282px;height:auto\" srcset=\"https:\/\/pedagogie.ac-lille.fr\/ses\/wp-content\/uploads\/sites\/35\/2024\/01\/eval-4.jpg 810w, https:\/\/pedagogie.ac-lille.fr\/ses\/wp-content\/uploads\/sites\/35\/2024\/01\/eval-4-300x130.jpg 300w, https:\/\/pedagogie.ac-lille.fr\/ses\/wp-content\/uploads\/sites\/35\/2024\/01\/eval-4-768x332.jpg 768w\" sizes=\"auto, (max-width: 810px) 100vw, 810px\" \/><\/figure>\n<\/div>\n\n\n<p>Voici &nbsp;les recommandations du minist\u00e8re de l\u2019Education Nationale concernant l\u2019\u00e9valuation en classe de Premi\u00e8re et de Terminale.<\/p>\n\n\n\n<p><a href=\"http:\/\/pedagogie.ac-lille.fr\/ses\/wp-content\/uploads\/sites\/35\/2024\/01\/guide_evaluation_novembre_2023.pdf\" target=\"_blank\" rel=\"noreferrer noopener\">Vous pouvez t\u00e9l\u00e9charger int\u00e9gralement ce guide au format Pdf en cliquant sur ce lien<\/a>.<\/p>\n\n\n\n<p><\/p>\n","protected":false},"excerpt":{"rendered":"<p>Voici &nbsp;les recommandations du minist\u00e8re de l\u2019Education Nationale concernant l\u2019\u00e9valuation en classe de Premi\u00e8re et de Terminale. Vous pouvez t\u00e9l\u00e9charger int\u00e9gralement ce guide au format Pdf en cliquant sur ce lien.<\/p>\n","protected":false},"author":55,"featured_media":0,"parent":0,"menu_order":0,"comment_status":"closed","ping_status":"closed","template":"","meta":{"ngg_post_thumbnail":0,"footnotes":""},"class_list":["post-1078","page","type-page","status-publish","czr-hentry"],"publishpress_future_action":{"enabled":false,"date":"2026-04-29 20:00:11","action":"change-status","newStatus":"draft","terms":[],"taxonomy":"","extraData":[]},"publishpress_future_workflow_manual_trigger":{"enabledWorkflows":[]},"_links":{"self":[{"href":"https:\/\/pedagogie.ac-lille.fr\/ses\/wp-json\/wp\/v2\/pages\/1078","targetHints":{"allow":["GET"]}}],"collection":[{"href":"https:\/\/pedagogie.ac-lille.fr\/ses\/wp-json\/wp\/v2\/pages"}],"about":[{"href":"https:\/\/pedagogie.ac-lille.fr\/ses\/wp-json\/wp\/v2\/types\/page"}],"author":[{"embeddable":true,"href":"https:\/\/pedagogie.ac-lille.fr\/ses\/wp-json\/wp\/v2\/users\/55"}],"replies":[{"embeddable":true,"href":"https:\/\/pedagogie.ac-lille.fr\/ses\/wp-json\/wp\/v2\/comments?post=1078"}],"version-history":[{"count":4,"href":"https:\/\/pedagogie.ac-lille.fr\/ses\/wp-json\/wp\/v2\/pages\/1078\/revisions"}],"predecessor-version":[{"id":1087,"href":"https:\/\/pedagogie.ac-lille.fr\/ses\/wp-json\/wp\/v2\/pages\/1078\/revisions\/1087"}],"wp:attachment":[{"href":"https:\/\/pedagogie.ac-lille.fr\/ses\/wp-json\/wp\/v2\/media?parent=1078"}],"curies":[{"name":"wp","href":"https:\/\/api.w.org\/{rel}","templated":true}]}}