{"id":1112,"date":"2024-02-10T08:07:35","date_gmt":"2024-02-10T07:07:35","guid":{"rendered":"https:\/\/pedagogie.ac-lille.fr\/ses\/?page_id=1112"},"modified":"2025-04-29T07:10:33","modified_gmt":"2025-04-29T05:10:33","slug":"la-chaine-s-e-s-sur-pod-education","status":"publish","type":"page","link":"https:\/\/pedagogie.ac-lille.fr\/ses\/la-chaine-s-e-s-sur-pod-education\/","title":{"rendered":"La cha\u00eene S.E.S sur Pod-Education"},"content":{"rendered":"<div class=\"wp-block-image\">\n<figure class=\"aligncenter size-full is-resized\"><img loading=\"lazy\" decoding=\"async\" width=\"362\" height=\"194\" src=\"https:\/\/pedagogie.ac-lille.fr\/ses\/wp-content\/uploads\/sites\/35\/2024\/02\/logo-de-la-chaine-SES-.jpg\" alt=\"\" class=\"wp-image-1113\" style=\"width:261px;height:auto\" srcset=\"https:\/\/pedagogie.ac-lille.fr\/ses\/wp-content\/uploads\/sites\/35\/2024\/02\/logo-de-la-chaine-SES-.jpg 362w, https:\/\/pedagogie.ac-lille.fr\/ses\/wp-content\/uploads\/sites\/35\/2024\/02\/logo-de-la-chaine-SES--300x161.jpg 300w\" sizes=\"auto, (max-width: 362px) 100vw, 362px\" \/><\/figure>\n<\/div>\n\n\n<p>Le site acad\u00e9mique propose une cha\u00eene d\u00e9di\u00e9e \u00e0 la diffusion d&rsquo;interventions audiovisuelles en lien avec les programmes de Sciences \u00c9conomiques et Sociales.<\/p>\n\n\n\n<p><br>Actuellement, 14 vid\u00e9os y sont disponibles, abordant les th\u00e9matiques suivantes :<\/p>\n\n\n\n<ul class=\"wp-block-list\">\n<li>une intervention sur les questionnements portant sur les crises financi\u00e8res (intervention de Virginie Jailloux, professeure en CPGE ECG).<\/li>\n\n\n\n<li>une intervention de Camille Becker, professeure d&rsquo;\u00e9conomie en CPGE, sur le th\u00e8me de l&rsquo;\u00e9conomie de l&rsquo;\u00e9ducation dans le cadre de la pr\u00e9paration \u00e0 l\u2019agr\u00e9gation<\/li>\n\n\n\n<li>des formations flash, c\u2019est-\u00e0-dire des formations proposant sur un temps court, une perspective didactique aux questionnements de cycle terminal<\/li>\n\n\n\n<li>une confe\u0301rence de madame Gwena\u00eblle Chambonni\u00e8re sur les enjeux de l\u2019oralit\u00e9<\/li>\n<\/ul>\n\n\n\n<p><a href=\"https:\/\/podeduc.apps.education.fr\/sciences-economiques-et-sociales-academie-de-lille\/\" target=\"_blank\" rel=\"noreferrer noopener\">Vous pouvez y acc\u00e9der en cliquant sur ce lien.<\/a><\/p>\n\n\n\n<p><\/p>\n\n\n\n<ul class=\"wp-block-list\"><\/ul>\n\n\n\n<p><\/p>\n","protected":false},"excerpt":{"rendered":"<p>Le site acad\u00e9mique propose une cha\u00eene d\u00e9di\u00e9e \u00e0 la diffusion d&rsquo;interventions audiovisuelles en lien avec les programmes de Sciences \u00c9conomiques et Sociales. Actuellement, 14 vid\u00e9os y sont disponibles, abordant les th\u00e9matiques suivantes : Vous pouvez y acc\u00e9der en cliquant sur ce lien.<\/p>\n","protected":false},"author":55,"featured_media":0,"parent":0,"menu_order":0,"comment_status":"closed","ping_status":"closed","template":"","meta":{"ngg_post_thumbnail":0,"footnotes":""},"class_list":["post-1112","page","type-page","status-publish","czr-hentry"],"publishpress_future_action":{"enabled":false,"date":"2026-04-29 20:00:10","action":"change-status","newStatus":"draft","terms":[],"taxonomy":"","extraData":[]},"publishpress_future_workflow_manual_trigger":{"enabledWorkflows":[]},"_links":{"self":[{"href":"https:\/\/pedagogie.ac-lille.fr\/ses\/wp-json\/wp\/v2\/pages\/1112","targetHints":{"allow":["GET"]}}],"collection":[{"href":"https:\/\/pedagogie.ac-lille.fr\/ses\/wp-json\/wp\/v2\/pages"}],"about":[{"href":"https:\/\/pedagogie.ac-lille.fr\/ses\/wp-json\/wp\/v2\/types\/page"}],"author":[{"embeddable":true,"href":"https:\/\/pedagogie.ac-lille.fr\/ses\/wp-json\/wp\/v2\/users\/55"}],"replies":[{"embeddable":true,"href":"https:\/\/pedagogie.ac-lille.fr\/ses\/wp-json\/wp\/v2\/comments?post=1112"}],"version-history":[{"count":7,"href":"https:\/\/pedagogie.ac-lille.fr\/ses\/wp-json\/wp\/v2\/pages\/1112\/revisions"}],"predecessor-version":[{"id":1596,"href":"https:\/\/pedagogie.ac-lille.fr\/ses\/wp-json\/wp\/v2\/pages\/1112\/revisions\/1596"}],"wp:attachment":[{"href":"https:\/\/pedagogie.ac-lille.fr\/ses\/wp-json\/wp\/v2\/media?parent=1112"}],"curies":[{"name":"wp","href":"https:\/\/api.w.org\/{rel}","templated":true}]}}