{"id":1129,"date":"2024-02-10T12:10:19","date_gmt":"2024-02-10T11:10:19","guid":{"rendered":"https:\/\/pedagogie.ac-lille.fr\/ses\/?page_id=1129"},"modified":"2024-02-10T12:17:16","modified_gmt":"2024-02-10T11:17:16","slug":"les-ressources-de-radio-france","status":"publish","type":"page","link":"https:\/\/pedagogie.ac-lille.fr\/ses\/les-ressources-de-radio-france\/","title":{"rendered":"Les ressources de Radio France"},"content":{"rendered":"<div class=\"wp-block-image\">\n<figure class=\"aligncenter size-full is-resized\"><img loading=\"lazy\" decoding=\"async\" width=\"325\" height=\"314\" src=\"https:\/\/pedagogie.ac-lille.fr\/ses\/wp-content\/uploads\/sites\/35\/2024\/02\/LOGO-RADIO-FRANCE.jpg\" alt=\"\" class=\"wp-image-1131\" style=\"width:139px;height:auto\" srcset=\"https:\/\/pedagogie.ac-lille.fr\/ses\/wp-content\/uploads\/sites\/35\/2024\/02\/LOGO-RADIO-FRANCE.jpg 325w, https:\/\/pedagogie.ac-lille.fr\/ses\/wp-content\/uploads\/sites\/35\/2024\/02\/LOGO-RADIO-FRANCE-300x290.jpg 300w\" sizes=\"auto, (max-width: 325px) 100vw, 325px\" \/><\/figure>\n<\/div>\n\n\n<p> <\/p>\n\n\n\n<p>Le r\u00e9seau Radio France propose des \u00e9missions de qualit\u00e9 sur les Sciences \u00c9conomiques et Sociales&nbsp; \u00e0 savoir<\/p>\n\n\n\n<p>&#8211; On n\u2019arr\u00eate pas l\u2019\u00e9co (France inter, tous les samedis de 9h10 \u00e0 10 h 00)<\/p>\n\n\n\n<p>&#8211; Entendez-vous l\u2019\u00e9co (France culture, du lundi au vendredi de 14 h \u00e0 15 h)<\/p>\n\n\n\n<p>&#8211; Un journal quotidien de l\u2019actualit\u00e9 \u00e9conomique sur France culture (7 \u00e0 8 minutes)<\/p>\n\n\n\n<p>La vari\u00e9t\u00e9 des th\u00e8mes abord\u00e9s permet aux enseignants de b\u00e9n\u00e9ficier d\u2019un compl\u00e9ment original de formation. Par exemple, l\u2019\u00e9mission du 15 janvier 2024 portait sur <a href=\"https:\/\/www.radiofrance.fr\/franceculture\/podcasts\/entendez-vous-l-eco\/de-l-economiste-au-sociologue-9615126\" target=\"_blank\" rel=\"noreferrer noopener\">Max Weber\u00a0: une pens\u00e9e \u00e9conomique 1\/3 : De l&rsquo;\u00e9conomiste au sociologue<\/a> et celle du 16 janvier sur <a href=\"https:\/\/www.radiofrance.fr\/franceculture\/podcasts\/entendez-vous-l-eco\/le-saint-esprit-du-capitalisme-3556247\">Le saint esprit du capitalisme<\/a>.<\/p>\n\n\n\n<p>De\u00a0 plus,\u00a0 les probl\u00e9matiques propos\u00e9es peuvent constituer\u00a0 une inspiration\u00a0 pour le\u00a0 Grand Oral pour nos \u00e9l\u00e8ves. L\u2019\u00e9mission du 12 janvier 2024 avait comme probl\u00e9matique <a href=\"https:\/\/www.radiofrance.fr\/franceculture\/podcasts\/entendez-vous-l-eco\/le-pouvoir-de-la-monnaie-les-sanctions-economiques-peuvent-elles-reellement-endiguer-le-trafic-de-drogue-9995905\" target=\"_blank\" rel=\"noreferrer noopener\">\u00ab\u00a0Le pouvoir de la monnaie\u00a0\u00bb \/Les sanctions \u00e9conomiques peuvent-elles r\u00e9ellement endiguer le trafic de drogue\u00a0?<\/a> ou <a href=\"https:\/\/www.radiofrance.fr\/franceculture\/podcasts\/le-journal-de-l-eco\/la-taxe-sur-les-multinationales-entre-en-vigueur-des-ambitions-a-la-baisse-1350731\" target=\"_blank\" rel=\"noreferrer noopener\">La taxe sur les multinationales entre en vigueur\u00a0: des ambitions \u00e0 la baisse<\/a><\/p>\n\n\n\n<p>Toutes ces \u00e9missions peuvent s\u2019\u00e9couter en direct mais surtout se t\u00e9l\u00e9charger assez facilement (podcast).<\/p>\n\n\n\n<p><a href=\"http:\/\/pedagogie.ac-lille.fr\/ses\/wp-content\/uploads\/sites\/35\/2024\/02\/methode-pour-ecouter-les-emissions-de-Radio-France-selon-le-support-.pdf\" target=\"_blank\" rel=\"noreferrer noopener\">Vous trouverez la m\u00e9thode en cliquant sur ce pdf.<\/a><\/p>\n\n\n\n<p>Bonne \u00e9coute.<\/p>\n","protected":false},"excerpt":{"rendered":"<p>Le r\u00e9seau Radio France propose des \u00e9missions de qualit\u00e9 sur les Sciences \u00c9conomiques et Sociales&nbsp; \u00e0 savoir &#8211; On n\u2019arr\u00eate pas l\u2019\u00e9co (France inter, tous les samedis de 9h10 \u00e0 10 h 00) &#8211; Entendez-vous l\u2019\u00e9co (France culture, du lundi au vendredi de 14 h \u00e0 15 h) &#8211; Un journal quotidien de l\u2019actualit\u00e9 \u00e9conomique [&hellip;]<\/p>\n","protected":false},"author":55,"featured_media":0,"parent":0,"menu_order":0,"comment_status":"closed","ping_status":"closed","template":"","meta":{"ngg_post_thumbnail":0,"footnotes":""},"class_list":["post-1129","page","type-page","status-publish","czr-hentry"],"publishpress_future_action":{"enabled":false,"date":"2026-04-29 19:59:28","action":"change-status","newStatus":"draft","terms":[],"taxonomy":"","extraData":[]},"publishpress_future_workflow_manual_trigger":{"enabledWorkflows":[]},"_links":{"self":[{"href":"https:\/\/pedagogie.ac-lille.fr\/ses\/wp-json\/wp\/v2\/pages\/1129","targetHints":{"allow":["GET"]}}],"collection":[{"href":"https:\/\/pedagogie.ac-lille.fr\/ses\/wp-json\/wp\/v2\/pages"}],"about":[{"href":"https:\/\/pedagogie.ac-lille.fr\/ses\/wp-json\/wp\/v2\/types\/page"}],"author":[{"embeddable":true,"href":"https:\/\/pedagogie.ac-lille.fr\/ses\/wp-json\/wp\/v2\/users\/55"}],"replies":[{"embeddable":true,"href":"https:\/\/pedagogie.ac-lille.fr\/ses\/wp-json\/wp\/v2\/comments?post=1129"}],"version-history":[{"count":9,"href":"https:\/\/pedagogie.ac-lille.fr\/ses\/wp-json\/wp\/v2\/pages\/1129\/revisions"}],"predecessor-version":[{"id":1143,"href":"https:\/\/pedagogie.ac-lille.fr\/ses\/wp-json\/wp\/v2\/pages\/1129\/revisions\/1143"}],"wp:attachment":[{"href":"https:\/\/pedagogie.ac-lille.fr\/ses\/wp-json\/wp\/v2\/media?parent=1129"}],"curies":[{"name":"wp","href":"https:\/\/api.w.org\/{rel}","templated":true}]}}