{"id":1147,"date":"2024-02-16T18:23:35","date_gmt":"2024-02-16T17:23:35","guid":{"rendered":"https:\/\/pedagogie.ac-lille.fr\/ses\/?page_id=1147"},"modified":"2024-05-21T07:14:37","modified_gmt":"2024-05-21T05:14:37","slug":"ressources-eduscol","status":"publish","type":"page","link":"https:\/\/pedagogie.ac-lille.fr\/ses\/ressources-eduscol\/","title":{"rendered":"Les ressources \u00c9duscol"},"content":{"rendered":"<div class=\"wp-block-image\">\n<figure class=\"aligncenter size-full is-resized\"><img loading=\"lazy\" decoding=\"async\" width=\"403\" height=\"134\" src=\"https:\/\/pedagogie.ac-lille.fr\/ses\/wp-content\/uploads\/sites\/35\/2024\/02\/logo-eduscol.jpg\" alt=\"\" class=\"wp-image-1148\" style=\"width:198px;height:auto\" srcset=\"https:\/\/pedagogie.ac-lille.fr\/ses\/wp-content\/uploads\/sites\/35\/2024\/02\/logo-eduscol.jpg 403w, https:\/\/pedagogie.ac-lille.fr\/ses\/wp-content\/uploads\/sites\/35\/2024\/02\/logo-eduscol-300x100.jpg 300w\" sizes=\"auto, (max-width: 403px) 100vw, 403px\" \/><\/figure>\n<\/div>\n\n\n<p>Le site \u00c9duscol de l\u2019\u00c9ducation Nationale\u00a0 propose de nombreuses ressources p\u00e9dagogiques. \u00a0Voici quelques exemples r\u00e9cents. <a href=\"https:\/\/eduscol.education.fr\/1658\/programmes-et-ressources-en-sciences-economiques-et-sociales-voie-gt\" target=\"_blank\" rel=\"noreferrer noopener\">La page consacr\u00e9e aux ressources de SES est toujours accessible en cliquant ici.<\/a><\/p>\n\n\n<div class=\"wp-block-image\">\n<figure class=\"aligncenter size-full is-resized\"><img loading=\"lazy\" decoding=\"async\" width=\"977\" height=\"81\" src=\"https:\/\/pedagogie.ac-lille.fr\/ses\/wp-content\/uploads\/sites\/35\/2024\/02\/une-annee-delections.jpg\" alt=\"\" class=\"wp-image-1153\" style=\"width:514px;height:auto\" srcset=\"https:\/\/pedagogie.ac-lille.fr\/ses\/wp-content\/uploads\/sites\/35\/2024\/02\/une-annee-delections.jpg 977w, https:\/\/pedagogie.ac-lille.fr\/ses\/wp-content\/uploads\/sites\/35\/2024\/02\/une-annee-delections-300x25.jpg 300w, https:\/\/pedagogie.ac-lille.fr\/ses\/wp-content\/uploads\/sites\/35\/2024\/02\/une-annee-delections-768x64.jpg 768w\" sizes=\"auto, (max-width: 977px) 100vw, 977px\" \/><\/figure>\n<\/div>\n\n\n<p>L\u2019ann\u00e9e 2024 sera marqu\u00e9e par de nombreuses \u00e9lections sur l\u2019ensemble de la plan\u00e8te o\u00f9 la moiti\u00e9 de la population mondiale pourra voter. Cet \u00e9v\u00e8nement central est \u00e9tudi\u00e9 dans les diff\u00e9rents chapitres du champ      \u00ab science politique \u00bb au sein des programmes des sciences \u00e9conomiques et sociales.<\/p>\n\n\n\n<p><a href=\"https:\/\/eduscol.education.fr\/3987\/2024-une-annee-d-elections\" target=\"_blank\" rel=\"noreferrer noopener\">Vous y trouverez des ressources documentaires et  p\u00e9dagogiques, des exemples d&rsquo;actions \u00e9ducatives avec des  partenaires associatifs ..<\/a><a href=\"https:\/\/eduscol.education.fr\/3987\/2024-une-annee-d-elections\">.<\/a><\/p>\n\n\n\n<p>.<\/p>\n\n\n<div class=\"wp-block-image\">\n<figure class=\"aligncenter size-large is-resized\"><img loading=\"lazy\" decoding=\"async\" width=\"1024\" height=\"205\" src=\"https:\/\/pedagogie.ac-lille.fr\/ses\/wp-content\/uploads\/sites\/35\/2024\/02\/2024-02-16_18h55_30-1024x205.jpg\" alt=\"\" class=\"wp-image-1158\" style=\"width:529px;height:auto\" srcset=\"https:\/\/pedagogie.ac-lille.fr\/ses\/wp-content\/uploads\/sites\/35\/2024\/02\/2024-02-16_18h55_30-1024x205.jpg 1024w, https:\/\/pedagogie.ac-lille.fr\/ses\/wp-content\/uploads\/sites\/35\/2024\/02\/2024-02-16_18h55_30-300x60.jpg 300w, https:\/\/pedagogie.ac-lille.fr\/ses\/wp-content\/uploads\/sites\/35\/2024\/02\/2024-02-16_18h55_30-768x154.jpg 768w, https:\/\/pedagogie.ac-lille.fr\/ses\/wp-content\/uploads\/sites\/35\/2024\/02\/2024-02-16_18h55_30.jpg 1197w\" sizes=\"auto, (max-width: 1024px) 100vw, 1024px\" \/><\/figure>\n<\/div>\n\n\n<p>L&rsquo;acad\u00e9mie de Grenoble propose un parcours m@gist\u00e8re \u00ab DGEMC 2020 \u00bb accessible \u00e0 tous, con\u00e7u en 8 modules ind\u00e9pendants, proposant :    <\/p>\n\n\n\n<ul class=\"wp-block-list\">\n<li>une introduction au droit<\/li>\n\n\n\n<li>l&rsquo;approfondissement de th\u00e9matiques en lien direct avec le programme de DGEMC <\/li>\n\n\n\n<li>une aide \u00e0 la mise en \u0153uvre du nouveau programme.<\/li>\n<\/ul>\n\n\n\n<p><a href=\"https:\/\/eduscol.education.fr\/1718\/programmes-et-ressources-en-droit-et-grands-enjeux-du-monde-contemporain-voie-gt\" target=\"_blank\" rel=\"noreferrer noopener\">Ce parcours ainsi constitu\u00e9 s&rsquo;adresse \u00e0 tous les enseignants ayant l&rsquo;envie et\/ou le besoin d&rsquo;acqu\u00e9rir ou de mettre \u00e0 jour des connaissances juridiques.<\/a><\/p>\n\n\n\n<p>.<\/p>\n\n\n\n<p><\/p>\n","protected":false},"excerpt":{"rendered":"<p>Le site \u00c9duscol de l\u2019\u00c9ducation Nationale\u00a0 propose de nombreuses ressources p\u00e9dagogiques. \u00a0Voici quelques exemples r\u00e9cents. La page consacr\u00e9e aux ressources de SES est toujours accessible en cliquant ici. L\u2019ann\u00e9e 2024 sera marqu\u00e9e par de nombreuses \u00e9lections sur l\u2019ensemble de la plan\u00e8te o\u00f9 la moiti\u00e9 de la population mondiale pourra voter. Cet \u00e9v\u00e8nement central est \u00e9tudi\u00e9 [&hellip;]<\/p>\n","protected":false},"author":55,"featured_media":0,"parent":0,"menu_order":0,"comment_status":"closed","ping_status":"closed","template":"","meta":{"ngg_post_thumbnail":0,"footnotes":""},"class_list":["post-1147","page","type-page","status-publish","czr-hentry"],"publishpress_future_action":{"enabled":false,"date":"2026-04-29 19:59:27","action":"change-status","newStatus":"draft","terms":[],"taxonomy":"","extraData":[]},"publishpress_future_workflow_manual_trigger":{"enabledWorkflows":[]},"_links":{"self":[{"href":"https:\/\/pedagogie.ac-lille.fr\/ses\/wp-json\/wp\/v2\/pages\/1147","targetHints":{"allow":["GET"]}}],"collection":[{"href":"https:\/\/pedagogie.ac-lille.fr\/ses\/wp-json\/wp\/v2\/pages"}],"about":[{"href":"https:\/\/pedagogie.ac-lille.fr\/ses\/wp-json\/wp\/v2\/types\/page"}],"author":[{"embeddable":true,"href":"https:\/\/pedagogie.ac-lille.fr\/ses\/wp-json\/wp\/v2\/users\/55"}],"replies":[{"embeddable":true,"href":"https:\/\/pedagogie.ac-lille.fr\/ses\/wp-json\/wp\/v2\/comments?post=1147"}],"version-history":[{"count":14,"href":"https:\/\/pedagogie.ac-lille.fr\/ses\/wp-json\/wp\/v2\/pages\/1147\/revisions"}],"predecessor-version":[{"id":1259,"href":"https:\/\/pedagogie.ac-lille.fr\/ses\/wp-json\/wp\/v2\/pages\/1147\/revisions\/1259"}],"wp:attachment":[{"href":"https:\/\/pedagogie.ac-lille.fr\/ses\/wp-json\/wp\/v2\/media?parent=1147"}],"curies":[{"name":"wp","href":"https:\/\/api.w.org\/{rel}","templated":true}]}}