{"id":1242,"date":"2024-05-20T08:48:43","date_gmt":"2024-05-20T06:48:43","guid":{"rendered":"https:\/\/pedagogie.ac-lille.fr\/ses\/?page_id=1242"},"modified":"2024-05-20T08:50:36","modified_gmt":"2024-05-20T06:50:36","slug":"eduscol-culture-statistique-et-enseignements","status":"publish","type":"page","link":"https:\/\/pedagogie.ac-lille.fr\/ses\/eduscol-culture-statistique-et-enseignements\/","title":{"rendered":"Eduscol \u00ab Culture statistique et enseignements \u00bb"},"content":{"rendered":"<div class=\"wp-block-image\">\n<figure class=\"aligncenter size-full is-resized\"><img loading=\"lazy\" decoding=\"async\" width=\"687\" height=\"324\" src=\"https:\/\/pedagogie.ac-lille.fr\/ses\/wp-content\/uploads\/sites\/35\/2024\/05\/logo-eduscol-culture-statistique.jpg\" alt=\"\" class=\"wp-image-1243\" style=\"width:424px;height:auto\" srcset=\"https:\/\/pedagogie.ac-lille.fr\/ses\/wp-content\/uploads\/sites\/35\/2024\/05\/logo-eduscol-culture-statistique.jpg 687w, https:\/\/pedagogie.ac-lille.fr\/ses\/wp-content\/uploads\/sites\/35\/2024\/05\/logo-eduscol-culture-statistique-300x141.jpg 300w\" sizes=\"auto, (max-width: 687px) 100vw, 687px\" \/><\/figure>\n<\/div>\n\n\n<p>Eduscol propose une rubrique \u00ab Culture statistique et enseignements \u00bb<br>Cette page a vocation \u00e0 accompagner les professeurs de plusieurs disciplines dans leur travail d\u2019exploitation des statistiques en classe.<br>Eduscol propose un moteur de recherche permettant de retrouver plus facilement les donn\u00e9es statistiques li\u00e9es \u00e0 notre programme.<\/p>\n\n\n\n<figure class=\"wp-block-image size-large\"><img loading=\"lazy\" decoding=\"async\" width=\"1024\" height=\"282\" src=\"https:\/\/pedagogie.ac-lille.fr\/ses\/wp-content\/uploads\/sites\/35\/2024\/05\/moteur-recherche-eduscol-1024x282.jpg\" alt=\"\" class=\"wp-image-1245\" srcset=\"https:\/\/pedagogie.ac-lille.fr\/ses\/wp-content\/uploads\/sites\/35\/2024\/05\/moteur-recherche-eduscol-1024x282.jpg 1024w, https:\/\/pedagogie.ac-lille.fr\/ses\/wp-content\/uploads\/sites\/35\/2024\/05\/moteur-recherche-eduscol-300x83.jpg 300w, https:\/\/pedagogie.ac-lille.fr\/ses\/wp-content\/uploads\/sites\/35\/2024\/05\/moteur-recherche-eduscol-768x212.jpg 768w, https:\/\/pedagogie.ac-lille.fr\/ses\/wp-content\/uploads\/sites\/35\/2024\/05\/moteur-recherche-eduscol.jpg 1124w\" sizes=\"auto, (max-width: 1024px) 100vw, 1024px\" \/><\/figure>\n\n\n\n<p>A terme, treize th\u00e9matiques seront pr\u00e9sentes.<br><a href=\"https:\/\/eduscol.education.fr\/2597\/culture-statistique-et-enseignements\" target=\"_blank\" rel=\"noreferrer noopener\">La page est accessible en cliquant ici.<\/a><\/p>\n","protected":false},"excerpt":{"rendered":"<p>Eduscol propose une rubrique \u00ab Culture statistique et enseignements \u00bbCette page a vocation \u00e0 accompagner les professeurs de plusieurs disciplines dans leur travail d\u2019exploitation des statistiques en classe.Eduscol propose un moteur de recherche permettant de retrouver plus facilement les donn\u00e9es statistiques li\u00e9es \u00e0 notre programme. A terme, treize th\u00e9matiques seront pr\u00e9sentes.La page est accessible en [&hellip;]<\/p>\n","protected":false},"author":55,"featured_media":0,"parent":0,"menu_order":0,"comment_status":"closed","ping_status":"closed","template":"","meta":{"ngg_post_thumbnail":0,"footnotes":""},"class_list":["post-1242","page","type-page","status-publish","czr-hentry"],"publishpress_future_action":{"enabled":false,"date":"2026-04-29 20:00:10","action":"change-status","newStatus":"draft","terms":[],"taxonomy":"","extraData":[]},"publishpress_future_workflow_manual_trigger":{"enabledWorkflows":[]},"_links":{"self":[{"href":"https:\/\/pedagogie.ac-lille.fr\/ses\/wp-json\/wp\/v2\/pages\/1242","targetHints":{"allow":["GET"]}}],"collection":[{"href":"https:\/\/pedagogie.ac-lille.fr\/ses\/wp-json\/wp\/v2\/pages"}],"about":[{"href":"https:\/\/pedagogie.ac-lille.fr\/ses\/wp-json\/wp\/v2\/types\/page"}],"author":[{"embeddable":true,"href":"https:\/\/pedagogie.ac-lille.fr\/ses\/wp-json\/wp\/v2\/users\/55"}],"replies":[{"embeddable":true,"href":"https:\/\/pedagogie.ac-lille.fr\/ses\/wp-json\/wp\/v2\/comments?post=1242"}],"version-history":[{"count":3,"href":"https:\/\/pedagogie.ac-lille.fr\/ses\/wp-json\/wp\/v2\/pages\/1242\/revisions"}],"predecessor-version":[{"id":1248,"href":"https:\/\/pedagogie.ac-lille.fr\/ses\/wp-json\/wp\/v2\/pages\/1242\/revisions\/1248"}],"wp:attachment":[{"href":"https:\/\/pedagogie.ac-lille.fr\/ses\/wp-json\/wp\/v2\/media?parent=1242"}],"curies":[{"name":"wp","href":"https:\/\/api.w.org\/{rel}","templated":true}]}}