{"id":1297,"date":"2024-08-19T07:43:33","date_gmt":"2024-08-19T05:43:33","guid":{"rendered":"https:\/\/pedagogie.ac-lille.fr\/ses\/?page_id=1297"},"modified":"2024-08-19T07:47:52","modified_gmt":"2024-08-19T05:47:52","slug":"enseigner-a-laide-de-la-classe-inversee","status":"publish","type":"page","link":"https:\/\/pedagogie.ac-lille.fr\/ses\/enseigner-a-laide-de-la-classe-inversee\/","title":{"rendered":"Enseigner \u00e0 l&rsquo;aide de la classe invers\u00e9e"},"content":{"rendered":"\n<figure class=\"wp-block-image size-large is-resized\"><img loading=\"lazy\" decoding=\"async\" width=\"1024\" height=\"436\" src=\"https:\/\/pedagogie.ac-lille.fr\/ses\/wp-content\/uploads\/sites\/35\/2024\/08\/classe-inversee-1024x436.jpg\" alt=\"\" class=\"wp-image-1298\" style=\"width:594px;height:auto\" srcset=\"https:\/\/pedagogie.ac-lille.fr\/ses\/wp-content\/uploads\/sites\/35\/2024\/08\/classe-inversee-1024x436.jpg 1024w, https:\/\/pedagogie.ac-lille.fr\/ses\/wp-content\/uploads\/sites\/35\/2024\/08\/classe-inversee-300x128.jpg 300w, https:\/\/pedagogie.ac-lille.fr\/ses\/wp-content\/uploads\/sites\/35\/2024\/08\/classe-inversee-768x327.jpg 768w, https:\/\/pedagogie.ac-lille.fr\/ses\/wp-content\/uploads\/sites\/35\/2024\/08\/classe-inversee.jpg 1117w\" sizes=\"auto, (max-width: 1024px) 100vw, 1024px\" \/><\/figure>\n\n\n\n<p>Vous pouvez acc\u00e9der \u00e0 un digipad d\u00e9di\u00e9 \u00e0 des s\u00e9ances en classe invers\u00e9e.<br>Vous y trouverez les principes de la classe invers\u00e9e et des exemples de s\u00e9ances dans les diff\u00e9rents niveaux.<\/p>\n\n\n\n<p><a href=\"https:\/\/digipad.app\/p\/670939\/8a2169dd3b58a\" target=\"_blank\" rel=\"noreferrer noopener\">Voici le lien <\/a><\/p>\n","protected":false},"excerpt":{"rendered":"<p>Vous pouvez acc\u00e9der \u00e0 un digipad d\u00e9di\u00e9 \u00e0 des s\u00e9ances en classe invers\u00e9e.Vous y trouverez les principes de la classe invers\u00e9e et des exemples de s\u00e9ances dans les diff\u00e9rents niveaux. Voici le lien<\/p>\n","protected":false},"author":55,"featured_media":0,"parent":0,"menu_order":0,"comment_status":"closed","ping_status":"closed","template":"","meta":{"ngg_post_thumbnail":0,"footnotes":""},"class_list":["post-1297","page","type-page","status-publish","czr-hentry"],"publishpress_future_action":{"enabled":false,"date":"2026-04-29 19:59:12","action":"change-status","newStatus":"draft","terms":[],"taxonomy":"","extraData":[]},"publishpress_future_workflow_manual_trigger":{"enabledWorkflows":[]},"_links":{"self":[{"href":"https:\/\/pedagogie.ac-lille.fr\/ses\/wp-json\/wp\/v2\/pages\/1297","targetHints":{"allow":["GET"]}}],"collection":[{"href":"https:\/\/pedagogie.ac-lille.fr\/ses\/wp-json\/wp\/v2\/pages"}],"about":[{"href":"https:\/\/pedagogie.ac-lille.fr\/ses\/wp-json\/wp\/v2\/types\/page"}],"author":[{"embeddable":true,"href":"https:\/\/pedagogie.ac-lille.fr\/ses\/wp-json\/wp\/v2\/users\/55"}],"replies":[{"embeddable":true,"href":"https:\/\/pedagogie.ac-lille.fr\/ses\/wp-json\/wp\/v2\/comments?post=1297"}],"version-history":[{"count":3,"href":"https:\/\/pedagogie.ac-lille.fr\/ses\/wp-json\/wp\/v2\/pages\/1297\/revisions"}],"predecessor-version":[{"id":1303,"href":"https:\/\/pedagogie.ac-lille.fr\/ses\/wp-json\/wp\/v2\/pages\/1297\/revisions\/1303"}],"wp:attachment":[{"href":"https:\/\/pedagogie.ac-lille.fr\/ses\/wp-json\/wp\/v2\/media?parent=1297"}],"curies":[{"name":"wp","href":"https:\/\/api.w.org\/{rel}","templated":true}]}}