{"id":1304,"date":"2024-08-19T07:55:38","date_gmt":"2024-08-19T05:55:38","guid":{"rendered":"https:\/\/pedagogie.ac-lille.fr\/ses\/?page_id=1304"},"modified":"2024-11-27T10:41:35","modified_gmt":"2024-11-27T09:41:35","slug":"le-prix-lyceen-lire-leconomie-2024","status":"publish","type":"page","link":"https:\/\/pedagogie.ac-lille.fr\/ses\/le-prix-lyceen-lire-leconomie-2024\/","title":{"rendered":"Le Prix lyc\u00e9en \u00ab Lire l&rsquo;\u00c9conomie \u00bb (\u00e9dition 2024\/2025)"},"content":{"rendered":"\n<figure class=\"wp-block-image size-full\"><img loading=\"lazy\" decoding=\"async\" width=\"466\" height=\"188\" src=\"https:\/\/pedagogie.ac-lille.fr\/ses\/wp-content\/uploads\/sites\/35\/2024\/08\/logo-concours-le-prix-lyceen.jpg\" alt=\"\" class=\"wp-image-1305\" srcset=\"https:\/\/pedagogie.ac-lille.fr\/ses\/wp-content\/uploads\/sites\/35\/2024\/08\/logo-concours-le-prix-lyceen.jpg 466w, https:\/\/pedagogie.ac-lille.fr\/ses\/wp-content\/uploads\/sites\/35\/2024\/08\/logo-concours-le-prix-lyceen-300x121.jpg 300w\" sizes=\"auto, (max-width: 466px) 100vw, 466px\" \/><\/figure>\n\n\n\n<p>Organis\u00e9 par\u00a0le minist\u00e8re de l&rsquo;\u00c9ducation nationale et de la Jeunesse et le minist\u00e8re de l&rsquo;\u00c9conomie, des Finances et de la Souverainet\u00e9 industrielle et num\u00e9rique, en partenariat avec l&rsquo;association Lire la Soci\u00e9t\u00e9, le Prix Lyc\u00e9en \u00ab Lire l&rsquo;\u00c9conomie \u00bb est l&rsquo;occasion pour les lyc\u00e9ens\u00a0de\u00a0<strong>se familiariser avec le langage et la pens\u00e9e \u00e9conomiques et d&rsquo;appr\u00e9hender les\u00a0enjeux \u00e9conomiques contemporains<\/strong>.<\/p>\n\n\n\n<p><a href=\"https:\/\/eduscol.education.fr\/3469\/le-prix-lyceen-lire-l-economie\" target=\"_blank\" rel=\"noreferrer noopener\">Vous trouverez toutes les informations sur le site EDUSCOL en cliquant ici.<\/a><\/p>\n","protected":false},"excerpt":{"rendered":"<p>Organis\u00e9 par\u00a0le minist\u00e8re de l&rsquo;\u00c9ducation nationale et de la Jeunesse et le minist\u00e8re de l&rsquo;\u00c9conomie, des Finances et de la Souverainet\u00e9 industrielle et num\u00e9rique, en partenariat avec l&rsquo;association Lire la Soci\u00e9t\u00e9, le Prix Lyc\u00e9en \u00ab Lire l&rsquo;\u00c9conomie \u00bb est l&rsquo;occasion pour les lyc\u00e9ens\u00a0de\u00a0se familiariser avec le langage et la pens\u00e9e \u00e9conomiques et d&rsquo;appr\u00e9hender les\u00a0enjeux \u00e9conomiques [&hellip;]<\/p>\n","protected":false},"author":55,"featured_media":0,"parent":0,"menu_order":0,"comment_status":"closed","ping_status":"closed","template":"","meta":{"ngg_post_thumbnail":0,"footnotes":""},"class_list":["post-1304","page","type-page","status-publish","czr-hentry"],"publishpress_future_action":{"enabled":false,"date":"2026-04-29 19:59:27","action":"change-status","newStatus":"draft","terms":[],"taxonomy":"","extraData":[]},"publishpress_future_workflow_manual_trigger":{"enabledWorkflows":[]},"_links":{"self":[{"href":"https:\/\/pedagogie.ac-lille.fr\/ses\/wp-json\/wp\/v2\/pages\/1304","targetHints":{"allow":["GET"]}}],"collection":[{"href":"https:\/\/pedagogie.ac-lille.fr\/ses\/wp-json\/wp\/v2\/pages"}],"about":[{"href":"https:\/\/pedagogie.ac-lille.fr\/ses\/wp-json\/wp\/v2\/types\/page"}],"author":[{"embeddable":true,"href":"https:\/\/pedagogie.ac-lille.fr\/ses\/wp-json\/wp\/v2\/users\/55"}],"replies":[{"embeddable":true,"href":"https:\/\/pedagogie.ac-lille.fr\/ses\/wp-json\/wp\/v2\/comments?post=1304"}],"version-history":[{"count":3,"href":"https:\/\/pedagogie.ac-lille.fr\/ses\/wp-json\/wp\/v2\/pages\/1304\/revisions"}],"predecessor-version":[{"id":1520,"href":"https:\/\/pedagogie.ac-lille.fr\/ses\/wp-json\/wp\/v2\/pages\/1304\/revisions\/1520"}],"wp:attachment":[{"href":"https:\/\/pedagogie.ac-lille.fr\/ses\/wp-json\/wp\/v2\/media?parent=1304"}],"curies":[{"name":"wp","href":"https:\/\/api.w.org\/{rel}","templated":true}]}}