{"id":1313,"date":"2024-08-19T12:33:38","date_gmt":"2024-08-19T10:33:38","guid":{"rendered":"https:\/\/pedagogie.ac-lille.fr\/ses\/?page_id=1313"},"modified":"2024-08-19T12:36:44","modified_gmt":"2024-08-19T10:36:44","slug":"1313-2","status":"publish","type":"page","link":"https:\/\/pedagogie.ac-lille.fr\/ses\/1313-2\/","title":{"rendered":"Le podcast Recherche de l&rsquo;INSP\u00c9 Lille"},"content":{"rendered":"\n<figure class=\"wp-block-image size-full is-resized\"><img loading=\"lazy\" decoding=\"async\" width=\"425\" height=\"244\" src=\"https:\/\/pedagogie.ac-lille.fr\/ses\/wp-content\/uploads\/sites\/35\/2024\/08\/inspee-puzzle.jpg\" alt=\"\" class=\"wp-image-1314\" style=\"width:216px;height:auto\" srcset=\"https:\/\/pedagogie.ac-lille.fr\/ses\/wp-content\/uploads\/sites\/35\/2024\/08\/inspee-puzzle.jpg 425w, https:\/\/pedagogie.ac-lille.fr\/ses\/wp-content\/uploads\/sites\/35\/2024\/08\/inspee-puzzle-300x172.jpg 300w\" sizes=\"auto, (max-width: 425px) 100vw, 425px\" \/><\/figure>\n\n\n\n<p>L\u2019INSP\u00c9 Lille HdF a lanc\u00e9 depuis septembre 2023 des podcasts, PUZZLES. Tous les mois, une nouvelle rencontre de 25 minutes avec une chercheuse ou un chercheur sur une question \u00e9ducative qui anime la soci\u00e9t\u00e9.<\/p>\n\n\n\n<p><a href=\"https:\/\/www.inspe-lille-hdf.fr\/recherche\/puzzles\" target=\"_blank\" rel=\"noreferrer noopener\">Davantage d\u2019informations sur le site officiel de l\u2019insp\u00e9.<\/a><\/p>\n\n\n\n<p>Les \u00e9missions sont accessibles sur<\/p>\n\n\n\n<p><a href=\"https:\/\/open.spotify.com\/show\/0MU3Zl0ESfdu0AtWR78LIo\" target=\"_blank\" rel=\"noreferrer noopener\">Spotify<\/a><\/p>\n\n\n\n<p><a href=\"https:\/\/www.deezer.com\/fr\/show\/1000221115\" target=\"_blank\" rel=\"noreferrer noopener\">Deezer<\/a><\/p>\n\n\n\n<p><a href=\"https:\/\/soundcloud.com\/inspe-lille-hdf\" target=\"_blank\" rel=\"noreferrer noopener\">Sound cloud<\/a><\/p>\n\n\n\n<p><a href=\"https:\/\/www.youtube.com\/playlist?list=PLmsZ5y-pdsby3polVww2RSQYb68_xh4Xb\" target=\"_blank\" rel=\"noreferrer noopener\">YouTube<\/a><\/p>\n","protected":false},"excerpt":{"rendered":"<p>L\u2019INSP\u00c9 Lille HdF a lanc\u00e9 depuis septembre 2023 des podcasts, PUZZLES. Tous les mois, une nouvelle rencontre de 25 minutes avec une chercheuse ou un chercheur sur une question \u00e9ducative qui anime la soci\u00e9t\u00e9. Davantage d\u2019informations sur le site officiel de l\u2019insp\u00e9. Les \u00e9missions sont accessibles sur Spotify Deezer Sound cloud YouTube<\/p>\n","protected":false},"author":55,"featured_media":0,"parent":0,"menu_order":0,"comment_status":"closed","ping_status":"closed","template":"","meta":{"ngg_post_thumbnail":0,"footnotes":""},"class_list":["post-1313","page","type-page","status-publish","czr-hentry"],"publishpress_future_action":{"enabled":false,"date":"2026-04-29 19:59:27","action":"change-status","newStatus":"draft","terms":[],"taxonomy":"","extraData":[]},"publishpress_future_workflow_manual_trigger":{"enabledWorkflows":[]},"_links":{"self":[{"href":"https:\/\/pedagogie.ac-lille.fr\/ses\/wp-json\/wp\/v2\/pages\/1313","targetHints":{"allow":["GET"]}}],"collection":[{"href":"https:\/\/pedagogie.ac-lille.fr\/ses\/wp-json\/wp\/v2\/pages"}],"about":[{"href":"https:\/\/pedagogie.ac-lille.fr\/ses\/wp-json\/wp\/v2\/types\/page"}],"author":[{"embeddable":true,"href":"https:\/\/pedagogie.ac-lille.fr\/ses\/wp-json\/wp\/v2\/users\/55"}],"replies":[{"embeddable":true,"href":"https:\/\/pedagogie.ac-lille.fr\/ses\/wp-json\/wp\/v2\/comments?post=1313"}],"version-history":[{"count":6,"href":"https:\/\/pedagogie.ac-lille.fr\/ses\/wp-json\/wp\/v2\/pages\/1313\/revisions"}],"predecessor-version":[{"id":1322,"href":"https:\/\/pedagogie.ac-lille.fr\/ses\/wp-json\/wp\/v2\/pages\/1313\/revisions\/1322"}],"wp:attachment":[{"href":"https:\/\/pedagogie.ac-lille.fr\/ses\/wp-json\/wp\/v2\/media?parent=1313"}],"curies":[{"name":"wp","href":"https:\/\/api.w.org\/{rel}","templated":true}]}}