{"id":1326,"date":"2024-08-19T18:15:38","date_gmt":"2024-08-19T16:15:38","guid":{"rendered":"https:\/\/pedagogie.ac-lille.fr\/ses\/?page_id=1326"},"modified":"2024-11-04T13:23:22","modified_gmt":"2024-11-04T12:23:22","slug":"les-grilles-devaluation-formative-et-de-support-de-notation-pour-le-baccalaureat","status":"publish","type":"page","link":"https:\/\/pedagogie.ac-lille.fr\/ses\/les-grilles-devaluation-formative-et-de-support-de-notation-pour-le-baccalaureat\/","title":{"rendered":"Les grilles d&rsquo;\u00e9valuation formative et de support de notation pour le baccalaur\u00e9at"},"content":{"rendered":"\n<figure class=\"wp-block-image size-full\"><img loading=\"lazy\" decoding=\"async\" width=\"293\" height=\"96\" src=\"https:\/\/pedagogie.ac-lille.fr\/ses\/wp-content\/uploads\/sites\/35\/2024\/08\/grilles-de-notation-.jpg\" alt=\"\" class=\"wp-image-1327\" \/><\/figure>\n\n\n\n<p>La grille d&rsquo;\u00e9valuation formative est destin\u00e9e \u00e0 pr\u00e9parer les \u00e9l\u00e8ves aux \u00e9preuves finales. Explicite quant aux comp\u00e9tences attendues, elle peut \u00eatre utilis\u00e9e d\u00e8s la classe de premi\u00e8re avec et par les \u00e9l\u00e8ves. <\/p>\n\n\n\n<p>La grille support de notation, quant \u00e0 elle, est r\u00e9serv\u00e9e aux professeurs et a vocation \u00e0 \u00eatre utilis\u00e9e au moment du baccalaur\u00e9at.<\/p>\n\n\n\n<p>Vous pouvez acc\u00e9der \u00e0 ces grilles en cliquant ici <\/p>\n\n\n\n<ul class=\"wp-block-list\">\n<li><a href=\"http:\/\/pedagogie.ac-lille.fr\/ses\/wp-content\/uploads\/sites\/35\/2024\/08\/Baccalaure\u0301at-grilles-de\u0301valuation-formative.docx\" target=\"_blank\" rel=\"noreferrer noopener\">La grille d&rsquo;\u00e9valuation formative ( format word )<\/a><\/li>\n\n\n\n<li><a href=\"http:\/\/pedagogie.ac-lille.fr\/ses\/wp-content\/uploads\/sites\/35\/2024\/08\/Grilles-nationales-baccalaure\u0301at-SES-copie.pdf\" target=\"_blank\" rel=\"noreferrer noopener\">La grille support de notation ( format pdf )<\/a><\/li>\n<\/ul>\n\n\n\n<p>Les anciennes grilles acad\u00e9miques sont encore consultables.<\/p>\n\n\n\n<ul class=\"wp-block-list\">\n<li><a href=\"http:\/\/pedagogie.ac-lille.fr\/ses\/wp-content\/uploads\/sites\/35\/2024\/11\/GRILLE-Dissert-2020.pdf\" target=\"_blank\" rel=\"noreferrer noopener\">la grille acad\u00e9mique pour la dissertation<\/a><\/li>\n\n\n\n<li><a href=\"http:\/\/pedagogie.ac-lille.fr\/ses\/wp-content\/uploads\/sites\/35\/2024\/11\/Grille-epreuve-composee-Terminale-2020.pdf\" target=\"_blank\" rel=\"noreferrer noopener\">la grille acad\u00e9mique pour l&rsquo;\u00e9preuve compos\u00e9e<\/a><\/li>\n<\/ul>\n","protected":false},"excerpt":{"rendered":"<p>La grille d&rsquo;\u00e9valuation formative est destin\u00e9e \u00e0 pr\u00e9parer les \u00e9l\u00e8ves aux \u00e9preuves finales. Explicite quant aux comp\u00e9tences attendues, elle peut \u00eatre utilis\u00e9e d\u00e8s la classe de premi\u00e8re avec et par les \u00e9l\u00e8ves. La grille support de notation, quant \u00e0 elle, est r\u00e9serv\u00e9e aux professeurs et a vocation \u00e0 \u00eatre utilis\u00e9e au moment du baccalaur\u00e9at. Vous [&hellip;]<\/p>\n","protected":false},"author":55,"featured_media":0,"parent":0,"menu_order":0,"comment_status":"closed","ping_status":"closed","template":"","meta":{"ngg_post_thumbnail":0,"footnotes":""},"class_list":["post-1326","page","type-page","status-publish","czr-hentry"],"publishpress_future_action":{"enabled":false,"date":"2026-04-29 19:59:27","action":"change-status","newStatus":"draft","terms":[],"taxonomy":"","extraData":[]},"publishpress_future_workflow_manual_trigger":{"enabledWorkflows":[]},"_links":{"self":[{"href":"https:\/\/pedagogie.ac-lille.fr\/ses\/wp-json\/wp\/v2\/pages\/1326","targetHints":{"allow":["GET"]}}],"collection":[{"href":"https:\/\/pedagogie.ac-lille.fr\/ses\/wp-json\/wp\/v2\/pages"}],"about":[{"href":"https:\/\/pedagogie.ac-lille.fr\/ses\/wp-json\/wp\/v2\/types\/page"}],"author":[{"embeddable":true,"href":"https:\/\/pedagogie.ac-lille.fr\/ses\/wp-json\/wp\/v2\/users\/55"}],"replies":[{"embeddable":true,"href":"https:\/\/pedagogie.ac-lille.fr\/ses\/wp-json\/wp\/v2\/comments?post=1326"}],"version-history":[{"count":7,"href":"https:\/\/pedagogie.ac-lille.fr\/ses\/wp-json\/wp\/v2\/pages\/1326\/revisions"}],"predecessor-version":[{"id":1473,"href":"https:\/\/pedagogie.ac-lille.fr\/ses\/wp-json\/wp\/v2\/pages\/1326\/revisions\/1473"}],"wp:attachment":[{"href":"https:\/\/pedagogie.ac-lille.fr\/ses\/wp-json\/wp\/v2\/media?parent=1326"}],"curies":[{"name":"wp","href":"https:\/\/api.w.org\/{rel}","templated":true}]}}