{"id":1351,"date":"2024-09-15T16:47:27","date_gmt":"2024-09-15T14:47:27","guid":{"rendered":"https:\/\/pedagogie.ac-lille.fr\/ses\/?page_id=1351"},"modified":"2024-09-15T16:51:57","modified_gmt":"2024-09-15T14:51:57","slug":"les-ressources-de-lined","status":"publish","type":"page","link":"https:\/\/pedagogie.ac-lille.fr\/ses\/les-ressources-de-lined\/","title":{"rendered":"Les ressources de l&rsquo;INED"},"content":{"rendered":"\n<figure class=\"wp-block-image size-full\"><img loading=\"lazy\" decoding=\"async\" width=\"871\" height=\"171\" src=\"https:\/\/pedagogie.ac-lille.fr\/ses\/wp-content\/uploads\/sites\/35\/2024\/09\/ined.jpg\" alt=\"\" class=\"wp-image-1352\" srcset=\"https:\/\/pedagogie.ac-lille.fr\/ses\/wp-content\/uploads\/sites\/35\/2024\/09\/ined.jpg 871w, https:\/\/pedagogie.ac-lille.fr\/ses\/wp-content\/uploads\/sites\/35\/2024\/09\/ined-300x59.jpg 300w, https:\/\/pedagogie.ac-lille.fr\/ses\/wp-content\/uploads\/sites\/35\/2024\/09\/ined-768x151.jpg 768w\" sizes=\"auto, (max-width: 871px) 100vw, 871px\" \/><\/figure>\n\n\n\n<p>Le site de l&rsquo;Ined propose des ressources en lien avec les programmes de lyc\u00e9e pour les classes de seconde et de premi\u00e8re. Toutefois, les ressources pour l&rsquo;ann\u00e9e de terminale sont encore en cours de d\u00e9veloppement. <a href=\"https:\/\/ressources-pedagogiques.site.ined.fr\/#r34879\" target=\"_blank\" rel=\"noreferrer noopener\">Vous pouvez consulter les ressources disponibles pour notre discipline via le lien suivant : https:\/\/ressources-pedagogiques.site.ined.fr\/<\/a><\/p>\n","protected":false},"excerpt":{"rendered":"<p>Le site de l&rsquo;Ined propose des ressources en lien avec les programmes de lyc\u00e9e pour les classes de seconde et de premi\u00e8re. Toutefois, les ressources pour l&rsquo;ann\u00e9e de terminale sont encore en cours de d\u00e9veloppement. Vous pouvez consulter les ressources disponibles pour notre discipline via le lien suivant : https:\/\/ressources-pedagogiques.site.ined.fr\/<\/p>\n","protected":false},"author":55,"featured_media":0,"parent":0,"menu_order":0,"comment_status":"closed","ping_status":"closed","template":"","meta":{"ngg_post_thumbnail":0,"footnotes":""},"class_list":["post-1351","page","type-page","status-publish","czr-hentry"],"publishpress_future_action":{"enabled":false,"date":"2026-04-29 20:00:10","action":"change-status","newStatus":"draft","terms":[],"taxonomy":"","extraData":[]},"publishpress_future_workflow_manual_trigger":{"enabledWorkflows":[]},"_links":{"self":[{"href":"https:\/\/pedagogie.ac-lille.fr\/ses\/wp-json\/wp\/v2\/pages\/1351","targetHints":{"allow":["GET"]}}],"collection":[{"href":"https:\/\/pedagogie.ac-lille.fr\/ses\/wp-json\/wp\/v2\/pages"}],"about":[{"href":"https:\/\/pedagogie.ac-lille.fr\/ses\/wp-json\/wp\/v2\/types\/page"}],"author":[{"embeddable":true,"href":"https:\/\/pedagogie.ac-lille.fr\/ses\/wp-json\/wp\/v2\/users\/55"}],"replies":[{"embeddable":true,"href":"https:\/\/pedagogie.ac-lille.fr\/ses\/wp-json\/wp\/v2\/comments?post=1351"}],"version-history":[{"count":3,"href":"https:\/\/pedagogie.ac-lille.fr\/ses\/wp-json\/wp\/v2\/pages\/1351\/revisions"}],"predecessor-version":[{"id":1356,"href":"https:\/\/pedagogie.ac-lille.fr\/ses\/wp-json\/wp\/v2\/pages\/1351\/revisions\/1356"}],"wp:attachment":[{"href":"https:\/\/pedagogie.ac-lille.fr\/ses\/wp-json\/wp\/v2\/media?parent=1351"}],"curies":[{"name":"wp","href":"https:\/\/api.w.org\/{rel}","templated":true}]}}