{"id":1391,"date":"2024-10-07T18:19:25","date_gmt":"2024-10-07T16:19:25","guid":{"rendered":"https:\/\/pedagogie.ac-lille.fr\/ses\/?page_id=1391"},"modified":"2024-10-07T18:19:25","modified_gmt":"2024-10-07T16:19:25","slug":"le-catalogue-melodi-de-linsee","status":"publish","type":"page","link":"https:\/\/pedagogie.ac-lille.fr\/ses\/le-catalogue-melodi-de-linsee\/","title":{"rendered":"Le catalogue MELODI de l&rsquo;INSEE"},"content":{"rendered":"<div class=\"wp-block-image\">\n<figure class=\"aligncenter size-full\"><img loading=\"lazy\" decoding=\"async\" width=\"160\" height=\"143\" src=\"https:\/\/pedagogie.ac-lille.fr\/ses\/wp-content\/uploads\/sites\/35\/2024\/10\/LOGO-MELODI5.jpg\" alt=\"\" class=\"wp-image-1392\" \/><\/figure>\n<\/div>\n\n\n<p><a href=\"https:\/\/catalogue-donnees.insee.fr\/fr\/catalogue\/recherche\" target=\"_blank\" rel=\"noreferrer noopener\">L&rsquo;INSEE a r\u00e9cemment publi\u00e9 en ligne le catalogue MELODI, offrant un acc\u00e8s \u00e0 une large gamme de donn\u00e9es pour vos analyses, recherches ou \u00e9tudes.<\/a><\/p>\n\n\n\n<p><\/p>\n","protected":false},"excerpt":{"rendered":"<p>L&rsquo;INSEE a r\u00e9cemment publi\u00e9 en ligne le catalogue MELODI, offrant un acc\u00e8s \u00e0 une large gamme de donn\u00e9es pour vos analyses, recherches ou \u00e9tudes.<\/p>\n","protected":false},"author":55,"featured_media":0,"parent":0,"menu_order":0,"comment_status":"closed","ping_status":"closed","template":"","meta":{"ngg_post_thumbnail":0,"footnotes":""},"class_list":["post-1391","page","type-page","status-publish","czr-hentry"],"publishpress_future_action":{"enabled":false,"date":"2026-04-29 19:59:11","action":"change-status","newStatus":"draft","terms":[],"taxonomy":"","extraData":[]},"publishpress_future_workflow_manual_trigger":{"enabledWorkflows":[]},"_links":{"self":[{"href":"https:\/\/pedagogie.ac-lille.fr\/ses\/wp-json\/wp\/v2\/pages\/1391","targetHints":{"allow":["GET"]}}],"collection":[{"href":"https:\/\/pedagogie.ac-lille.fr\/ses\/wp-json\/wp\/v2\/pages"}],"about":[{"href":"https:\/\/pedagogie.ac-lille.fr\/ses\/wp-json\/wp\/v2\/types\/page"}],"author":[{"embeddable":true,"href":"https:\/\/pedagogie.ac-lille.fr\/ses\/wp-json\/wp\/v2\/users\/55"}],"replies":[{"embeddable":true,"href":"https:\/\/pedagogie.ac-lille.fr\/ses\/wp-json\/wp\/v2\/comments?post=1391"}],"version-history":[{"count":1,"href":"https:\/\/pedagogie.ac-lille.fr\/ses\/wp-json\/wp\/v2\/pages\/1391\/revisions"}],"predecessor-version":[{"id":1393,"href":"https:\/\/pedagogie.ac-lille.fr\/ses\/wp-json\/wp\/v2\/pages\/1391\/revisions\/1393"}],"wp:attachment":[{"href":"https:\/\/pedagogie.ac-lille.fr\/ses\/wp-json\/wp\/v2\/media?parent=1391"}],"curies":[{"name":"wp","href":"https:\/\/api.w.org\/{rel}","templated":true}]}}