{"id":1477,"date":"2024-11-13T16:11:02","date_gmt":"2024-11-13T15:11:02","guid":{"rendered":"https:\/\/pedagogie.ac-lille.fr\/ses\/?page_id=1477"},"modified":"2024-11-13T16:44:13","modified_gmt":"2024-11-13T15:44:13","slug":"compte-rendu-des-stages-non-academiques-2","status":"publish","type":"page","link":"https:\/\/pedagogie.ac-lille.fr\/ses\/compte-rendu-des-stages-non-academiques-2\/","title":{"rendered":"Compte rendu des Journ\u00e9es de l\u2019\u00e9conomie 2024"},"content":{"rendered":"<div class=\"wp-block-image\">\n<figure class=\"aligncenter size-full is-resized\"><img loading=\"lazy\" decoding=\"async\" width=\"281\" height=\"249\" src=\"https:\/\/pedagogie.ac-lille.fr\/ses\/wp-content\/uploads\/sites\/35\/2023\/12\/icone-de-compte-rendu-de-stage.jpg\" alt=\"\" class=\"wp-image-1052\" style=\"width:105px;height:auto\" \/><\/figure>\n<\/div>\n\n\n<p>Notre coll\u00e8gue Judith Leverbe a r\u00e9dig\u00e9 un certain nombre de comptes-rendus des conf\u00e9rences ou des tables-rondes qui ont eu lieu en novembre 2024 \u00e0 l&rsquo;occasion des JECO.<\/p>\n\n\n\n<p>Elle a r\u00e9dig\u00e9 7 synth\u00e8ses que vous pouvez consulter au format pdf.<\/p>\n\n\n\n<p><\/p>\n\n\n\n<p class=\"has-text-align-center\"><strong>Voici la liste des th\u00e8mes des conf\u00e9rences.<\/strong><\/p>\n\n\n\n<ul class=\"wp-block-list\">\n<li><strong><a href=\"http:\/\/pedagogie.ac-lille.fr\/ses\/wp-content\/uploads\/sites\/35\/2024\/11\/01Bien-e\u0302tre-individuel-et-transitionsXX.pdf\" target=\"_blank\" rel=\"noreferrer noopener\">Bien-\u00eatre individuel et transitions<\/a><\/strong><\/li>\n\n\n\n<li><strong><a href=\"http:\/\/pedagogie.ac-lille.fr\/ses\/wp-content\/uploads\/sites\/35\/2024\/11\/02Du-recul-du-niveau-scolaire-au-de\u0301crochage-franc\u0327aisXX.pdf\" target=\"_blank\" rel=\"noreferrer noopener\">Du recul du niveau scolaire au d\u00e9crochage fran\u00e7ais<\/a><\/strong><\/li>\n\n\n\n<li><strong><a href=\"http:\/\/pedagogie.ac-lille.fr\/ses\/wp-content\/uploads\/sites\/35\/2024\/11\/03Intelligence-artificielleX.pdf\" target=\"_blank\" rel=\"noreferrer noopener\">Intelligence artificielle : une menace pour l\u2019emploi ?<\/a><\/strong><\/li>\n\n\n\n<li><strong><a href=\"http:\/\/pedagogie.ac-lille.fr\/ses\/wp-content\/uploads\/sites\/35\/2024\/11\/04Le-revenu-universelXX.pdf\" target=\"_blank\" rel=\"noreferrer noopener\">Le revenu universel, une solution universelle ?<\/a><\/strong><\/li>\n\n\n\n<li><strong><a href=\"http:\/\/pedagogie.ac-lille.fr\/ses\/wp-content\/uploads\/sites\/35\/2024\/11\/05Les-ine\u0301galite\u0301s-dans-le-travail-et-lemploiX.pdf\" target=\"_blank\" rel=\"noreferrer noopener\">Les in\u00e9galit\u00e9s dans le travail et l\u2019emploi<\/a><\/strong><\/li>\n\n\n\n<li><strong><a href=\"http:\/\/pedagogie.ac-lille.fr\/ses\/wp-content\/uploads\/sites\/35\/2024\/11\/06Plein-emploiXX.pdf\" target=\"_blank\" rel=\"noreferrer noopener\">Peut-on parvenir au plein emploi ?<\/a><\/strong><\/li>\n\n\n\n<li><strong><a href=\"http:\/\/pedagogie.ac-lille.fr\/ses\/wp-content\/uploads\/sites\/35\/2024\/11\/07Taxer-les-riches-pour-re\u0301duire-les-ine\u0301galite\u0301sXX.pdf\" target=\"_blank\" rel=\"noreferrer noopener\">Taxer les riches pour r\u00e9duire les in\u00e9galit\u00e9s ?<\/a><\/strong><\/li>\n<\/ul>\n\n\n\n<p><\/p>\n\n\n\n<p><br><\/p>\n\n\n\n<p><\/p>\n","protected":false},"excerpt":{"rendered":"<p>Notre coll\u00e8gue Judith Leverbe a r\u00e9dig\u00e9 un certain nombre de comptes-rendus des conf\u00e9rences ou des tables-rondes qui ont eu lieu en novembre 2024 \u00e0 l&rsquo;occasion des JECO. Elle a r\u00e9dig\u00e9 7 synth\u00e8ses que vous pouvez consulter au format pdf. Voici la liste des th\u00e8mes des conf\u00e9rences.<\/p>\n","protected":false},"author":55,"featured_media":0,"parent":0,"menu_order":0,"comment_status":"closed","ping_status":"closed","template":"","meta":{"ngg_post_thumbnail":0,"footnotes":""},"class_list":["post-1477","page","type-page","status-publish","czr-hentry"],"publishpress_future_action":{"enabled":false,"date":"2026-04-29 20:00:10","action":"change-status","newStatus":"draft","terms":[],"taxonomy":"","extraData":[]},"publishpress_future_workflow_manual_trigger":{"enabledWorkflows":[]},"_links":{"self":[{"href":"https:\/\/pedagogie.ac-lille.fr\/ses\/wp-json\/wp\/v2\/pages\/1477","targetHints":{"allow":["GET"]}}],"collection":[{"href":"https:\/\/pedagogie.ac-lille.fr\/ses\/wp-json\/wp\/v2\/pages"}],"about":[{"href":"https:\/\/pedagogie.ac-lille.fr\/ses\/wp-json\/wp\/v2\/types\/page"}],"author":[{"embeddable":true,"href":"https:\/\/pedagogie.ac-lille.fr\/ses\/wp-json\/wp\/v2\/users\/55"}],"replies":[{"embeddable":true,"href":"https:\/\/pedagogie.ac-lille.fr\/ses\/wp-json\/wp\/v2\/comments?post=1477"}],"version-history":[{"count":11,"href":"https:\/\/pedagogie.ac-lille.fr\/ses\/wp-json\/wp\/v2\/pages\/1477\/revisions"}],"predecessor-version":[{"id":1506,"href":"https:\/\/pedagogie.ac-lille.fr\/ses\/wp-json\/wp\/v2\/pages\/1477\/revisions\/1506"}],"wp:attachment":[{"href":"https:\/\/pedagogie.ac-lille.fr\/ses\/wp-json\/wp\/v2\/media?parent=1477"}],"curies":[{"name":"wp","href":"https:\/\/api.w.org\/{rel}","templated":true}]}}