{"id":1701,"date":"2026-03-18T21:16:42","date_gmt":"2026-03-18T20:16:42","guid":{"rendered":"https:\/\/pedagogie.ac-lille.fr\/ses\/?page_id=1701"},"modified":"2026-03-18T21:16:43","modified_gmt":"2026-03-18T20:16:43","slug":"le-concours-lyceen-vive-leco-edition-2026","status":"publish","type":"page","link":"https:\/\/pedagogie.ac-lille.fr\/ses\/le-concours-lyceen-vive-leco-edition-2026\/","title":{"rendered":"Le concours lyc\u00e9en \u201cVive l\u2019\u00e9co ! \u00e9dition 2026"},"content":{"rendered":"\n<figure class=\"wp-block-image size-full\"><img loading=\"lazy\" decoding=\"async\" width=\"323\" height=\"265\" src=\"https:\/\/pedagogie.ac-lille.fr\/ses\/wp-content\/uploads\/sites\/35\/2026\/03\/image-concours-vive-leco.jpg\" alt=\"\" class=\"wp-image-1702\" srcset=\"https:\/\/pedagogie.ac-lille.fr\/ses\/wp-content\/uploads\/sites\/35\/2026\/03\/image-concours-vive-leco.jpg 323w, https:\/\/pedagogie.ac-lille.fr\/ses\/wp-content\/uploads\/sites\/35\/2026\/03\/image-concours-vive-leco-300x246.jpg 300w\" sizes=\"auto, (max-width: 323px) 100vw, 323px\" \/><\/figure>\n\n\n\n<p>Vous \u00eates enseignant en SES ou professeur documentaliste et vous connaissez un \u00e9l\u00e8ve passionn\u00e9 par les sujets \u00e9conomiques et soci\u00e9taux ?<\/p>\n\n\n\n<p>Vous \u00eates \u00e9tudiant en Premi\u00e8re ou Terminale sp\u00e9cialit\u00e9 SES et vous d\u00e9sirez vous entra\u00eener aux \u00e9preuves orales qui vous attendent ?<\/p>\n\n\n\n<p>Le concours lyc\u00e9en \u201cVive l\u2019\u00e9co !\u201d est fait pour vous !<\/p>\n\n\n\n<p>L\u2019objectif ? Cr\u00e9er une vid\u00e9o originale de 5 minutes maximum, pr\u00e9sentant une r\u00e9flexion sur un sujet \u00e9conomique ou soci\u00e9tal en lien avec le programme de SES.<\/p>\n\n\n\n<p>Ce concours national offre une opportunit\u00e9 unique de se pr\u00e9parer aux \u00e9preuves orales comme le Grand Oral ou les entretiens d\u2019\u00e9coles, d\u2019enrichir son dossier en pr\u00e9vision de Parcoursup et de d\u00e9velopper des comp\u00e9tences cl\u00e9s pour le futur : analyse critique, esprit de synth\u00e8se et aisance \u00e0 l\u2019oral.<\/p>\n\n\n\n<p><a href=\"https:\/\/www.brief.eco\/concours-viveleco\/\" data-type=\"link\" data-id=\"https:\/\/www.brief.eco\/concours-viveleco\/\" target=\"_blank\" rel=\"noreferrer noopener\">Davantage d\u2019informations en cliquant ici <\/a><\/p>\n\n\n\n<p><\/p>\n","protected":false},"excerpt":{"rendered":"<p>Vous \u00eates enseignant en SES ou professeur documentaliste et vous connaissez un \u00e9l\u00e8ve passionn\u00e9 par les sujets \u00e9conomiques et soci\u00e9taux ? Vous \u00eates \u00e9tudiant en Premi\u00e8re ou Terminale sp\u00e9cialit\u00e9 SES et vous d\u00e9sirez vous entra\u00eener aux \u00e9preuves orales qui vous attendent ? Le concours lyc\u00e9en \u201cVive l\u2019\u00e9co !\u201d est fait pour vous ! L\u2019objectif ? [&hellip;]<\/p>\n","protected":false},"author":55,"featured_media":0,"parent":0,"menu_order":0,"comment_status":"closed","ping_status":"closed","template":"","meta":{"ngg_post_thumbnail":0,"footnotes":""},"class_list":["post-1701","page","type-page","status-publish","czr-hentry"],"publishpress_future_action":{"enabled":false,"date":"2026-04-29 19:59:28","action":"change-status","newStatus":"draft","terms":[],"taxonomy":"","extraData":[]},"publishpress_future_workflow_manual_trigger":{"enabledWorkflows":[]},"_links":{"self":[{"href":"https:\/\/pedagogie.ac-lille.fr\/ses\/wp-json\/wp\/v2\/pages\/1701","targetHints":{"allow":["GET"]}}],"collection":[{"href":"https:\/\/pedagogie.ac-lille.fr\/ses\/wp-json\/wp\/v2\/pages"}],"about":[{"href":"https:\/\/pedagogie.ac-lille.fr\/ses\/wp-json\/wp\/v2\/types\/page"}],"author":[{"embeddable":true,"href":"https:\/\/pedagogie.ac-lille.fr\/ses\/wp-json\/wp\/v2\/users\/55"}],"replies":[{"embeddable":true,"href":"https:\/\/pedagogie.ac-lille.fr\/ses\/wp-json\/wp\/v2\/comments?post=1701"}],"version-history":[{"count":1,"href":"https:\/\/pedagogie.ac-lille.fr\/ses\/wp-json\/wp\/v2\/pages\/1701\/revisions"}],"predecessor-version":[{"id":1703,"href":"https:\/\/pedagogie.ac-lille.fr\/ses\/wp-json\/wp\/v2\/pages\/1701\/revisions\/1703"}],"wp:attachment":[{"href":"https:\/\/pedagogie.ac-lille.fr\/ses\/wp-json\/wp\/v2\/media?parent=1701"}],"curies":[{"name":"wp","href":"https:\/\/api.w.org\/{rel}","templated":true}]}}