{"id":1718,"date":"2026-03-18T21:45:20","date_gmt":"2026-03-18T20:45:20","guid":{"rendered":"https:\/\/pedagogie.ac-lille.fr\/ses\/?page_id=1718"},"modified":"2026-03-19T07:08:01","modified_gmt":"2026-03-19T06:08:01","slug":"traam-2025-2026-comment-permettre-aux-eleves-de-progresser-en-ses-en-utilisant-lia","status":"publish","type":"page","link":"https:\/\/pedagogie.ac-lille.fr\/ses\/traam-2025-2026-comment-permettre-aux-eleves-de-progresser-en-ses-en-utilisant-lia\/","title":{"rendered":"TRAAM 2025-2026\u00a0: comment permettre aux \u00e9l\u00e8ves de progresser en SES en utilisant l\u2019IA\u00a0?"},"content":{"rendered":"\n<figure class=\"wp-block-image size-full\"><img loading=\"lazy\" decoding=\"async\" width=\"654\" height=\"149\" src=\"https:\/\/pedagogie.ac-lille.fr\/ses\/wp-content\/uploads\/sites\/35\/2026\/03\/2026-03-18_21h39_17.jpg\" alt=\"\" class=\"wp-image-1719\" srcset=\"https:\/\/pedagogie.ac-lille.fr\/ses\/wp-content\/uploads\/sites\/35\/2026\/03\/2026-03-18_21h39_17.jpg 654w, https:\/\/pedagogie.ac-lille.fr\/ses\/wp-content\/uploads\/sites\/35\/2026\/03\/2026-03-18_21h39_17-300x68.jpg 300w\" sizes=\"auto, (max-width: 654px) 100vw, 654px\" \/><\/figure>\n\n\n\n<p>Le projet \u00ab&nbsp;S\u2019auto\u00e9valuer avec l\u2019IA&nbsp;\u00bb a \u00e9t\u00e9 retenu par le Direction du num\u00e9rique pour l\u2019\u00c9ducation (<strong><a href=\"https:\/\/www.education.gouv.fr\/direction-du-numerique-pour-l-education-dne-9983\" target=\"_blank\" rel=\"noreferrer noopener\">DNE<\/a>)<\/strong>  dans le cadre des <a href=\"https:\/\/eduscol.education.fr\/692\/les-travaux-academiques-mutualises-traam\" target=\"_blank\" rel=\"noreferrer noopener\">Travaux Acad\u00e9miques Mutualis\u00e9s<\/a> . Il est port\u00e9 par un groupe de professeur\u00b7e\u00b7s de SES &nbsp;de l\u2019acad\u00e9mie, engag\u00e9 dans la r\u00e9flexion, la recherche et l\u2019exp\u00e9rimentation du num\u00e9rique en classe.&nbsp;&nbsp;&nbsp;&nbsp;&nbsp;&nbsp;&nbsp;&nbsp;<br><br>L\u2019essor de l\u2019IA g\u00e9n\u00e9rative bouleverse les pratiques des \u00e9l\u00e8ves de lyc\u00e9e, tandis que sa ma\u00eetrise par les enseignants reste encore limit\u00e9e. Cette d\u00e9synchronisation soul\u00e8ve une question essentielle : comment repenser le travail personnel des \u00e9l\u00e8ves, en particulier hors la classe ? Deux r\u00e9actions extr\u00eames \u00e9mergent souvent : renoncer aux devoirs pour \u00e9viter toute utilisation de l\u2019IA assimil\u00e9e \u00e0 de la triche, ou, au contraire, maintenir les exercices inchang\u00e9s sans tenir compte de ces nouveaux outils.<\/p>\n\n\n\n<p>Le projet \u00ab&nbsp;S\u2019auto\u00e9valuer avec l\u2019IA&nbsp;\u00bb propose une approche plus nuanc\u00e9e et constructive : produire des sc\u00e9narii p\u00e9dagogiques permettant de renouveler et d\u2019enrichir le travail personnel des \u00e9l\u00e8ves gr\u00e2ce \u00e0 l\u2019IA. L\u2019objectif est d\u2019accompagner les lyc\u00e9ens vers une autonomie renforc\u00e9e, en leur offrant des outils pour s\u2019auto\u00e9valuer, progresser et am\u00e9liorer leurs comp\u00e9tences en SES\u2026 &nbsp;&nbsp;&nbsp;&nbsp;&nbsp;&nbsp;<\/p>\n\n\n\n<p>Le groupe s\u2019est engag\u00e9 \u00e0 produire des exercices et scenarii p\u00e9dagogiques int\u00e9grant des outils d\u2019IA&nbsp;: ces activit\u00e9s visent \u00e0 faire progresser les \u00e9l\u00e8ves dans leur ma\u00eetrise des notions, leur capacit\u00e9 argumentative mais aussi travailler des savoir-faire statistiques.<br>Plus exactement, le projet s\u2019articule autour de 4 axes&nbsp;:&nbsp;<br>&#8211; configurer un chatbot de r\u00e9vision en Seconde &nbsp;&nbsp;&nbsp;&nbsp;&nbsp;&nbsp;&nbsp;<br>&#8211; configurer plusieurs chatbots&nbsp; \u00e0 partir de <a href=\"https:\/\/chatmd.forge.apps.education.fr\/docs\/\" data-type=\"link\" data-id=\"https:\/\/chatmd.forge.apps.education.fr\/docs\/\" target=\"_blank\" rel=\"noreferrer noopener\">ChatMD <\/a><br>&#8211; proposer des activit\u00e9s et des exercices pour progresser dans l\u2019utilisation des donn\u00e9es quantitatives<br>&#8211; proposer des exercices d\u2019auto-correction apprendre de ses erreurs avec l\u2019IA<\/p>\n\n\n\n<p>Les Travaux Acad\u00e9miques Mutualis\u00e9s (TraAM) sont un dispositif national co-pilot\u00e9 par la Direction du num\u00e9rique pour l\u2019\u00c9ducation (DNE) et l\u2019Inspection g\u00e9n\u00e9rale (IGESR). Ils visent \u00e0 mobiliser \u00e0 bon escient le num\u00e9rique dans les usages p\u00e9dagogiques gr\u00e2ce \u00e0 des exp\u00e9rimentations men\u00e9es directement dans les classes, avec les enseignants et leurs \u00e9l\u00e8ves.<\/p>\n\n\n\n<p>Ces productions alimenteront <a href=\"https:\/\/edubase.eduscol.education.fr\/\" target=\"_blank\" rel=\"noreferrer noopener\">\u00c9dubase <\/a> sous forme de ressources p\u00e9dagogiques innovantes, et donnent aussi lieu \u00e0 des parcours d\u2019autoformation dans le catalogue de l\u2019offre en libre sur les plateformes Magist\u00e8re et r\u00e9seaux des concepteurs.<\/p>\n\n\n\n<p>Si vous souhaitez plus d\u2019informations sur le groupe acad\u00e9mique et sur les projets en construction sur l\u2019auto\u00e9valuation n\u2019h\u00e9sitez pas \u00e0 contacter\u00a0Julien Borelly   (  julien.borrelly@ac-lille.fr  )<\/p>\n\n\n\n<p><\/p>\n","protected":false},"excerpt":{"rendered":"<p>Le projet \u00ab&nbsp;S\u2019auto\u00e9valuer avec l\u2019IA&nbsp;\u00bb a \u00e9t\u00e9 retenu par le Direction du num\u00e9rique pour l\u2019\u00c9ducation (DNE) dans le cadre des Travaux Acad\u00e9miques Mutualis\u00e9s . Il est port\u00e9 par un groupe de professeur\u00b7e\u00b7s de SES &nbsp;de l\u2019acad\u00e9mie, engag\u00e9 dans la r\u00e9flexion, la recherche et l\u2019exp\u00e9rimentation du num\u00e9rique en classe.&nbsp;&nbsp;&nbsp;&nbsp;&nbsp;&nbsp;&nbsp;&nbsp; L\u2019essor de l\u2019IA g\u00e9n\u00e9rative bouleverse les pratiques [&hellip;]<\/p>\n","protected":false},"author":55,"featured_media":0,"parent":0,"menu_order":0,"comment_status":"closed","ping_status":"closed","template":"","meta":{"ngg_post_thumbnail":0,"footnotes":""},"class_list":["post-1718","page","type-page","status-publish","czr-hentry"],"publishpress_future_action":{"enabled":false,"date":"2026-04-29 19:59:27","action":"change-status","newStatus":"draft","terms":[],"taxonomy":"","extraData":[]},"publishpress_future_workflow_manual_trigger":{"enabledWorkflows":[]},"_links":{"self":[{"href":"https:\/\/pedagogie.ac-lille.fr\/ses\/wp-json\/wp\/v2\/pages\/1718","targetHints":{"allow":["GET"]}}],"collection":[{"href":"https:\/\/pedagogie.ac-lille.fr\/ses\/wp-json\/wp\/v2\/pages"}],"about":[{"href":"https:\/\/pedagogie.ac-lille.fr\/ses\/wp-json\/wp\/v2\/types\/page"}],"author":[{"embeddable":true,"href":"https:\/\/pedagogie.ac-lille.fr\/ses\/wp-json\/wp\/v2\/users\/55"}],"replies":[{"embeddable":true,"href":"https:\/\/pedagogie.ac-lille.fr\/ses\/wp-json\/wp\/v2\/comments?post=1718"}],"version-history":[{"count":4,"href":"https:\/\/pedagogie.ac-lille.fr\/ses\/wp-json\/wp\/v2\/pages\/1718\/revisions"}],"predecessor-version":[{"id":1733,"href":"https:\/\/pedagogie.ac-lille.fr\/ses\/wp-json\/wp\/v2\/pages\/1718\/revisions\/1733"}],"wp:attachment":[{"href":"https:\/\/pedagogie.ac-lille.fr\/ses\/wp-json\/wp\/v2\/media?parent=1718"}],"curies":[{"name":"wp","href":"https:\/\/api.w.org\/{rel}","templated":true}]}}