{"id":2,"date":"2021-01-04T09:29:20","date_gmt":"2021-01-04T08:29:20","guid":{"rendered":"http:\/\/pedagogie.ac-lille.fr\/theme\/?page_id=2"},"modified":"2023-11-26T09:32:04","modified_gmt":"2023-11-26T08:32:04","slug":"page-d-exemple","status":"publish","type":"page","link":"https:\/\/pedagogie.ac-lille.fr\/ses\/","title":{"rendered":"Bienvenue"},"content":{"rendered":"\n<p><\/p>\n\n\n\n<div class=\"wp-block-query is-layout-flow wp-block-query-is-layout-flow\"><ul class=\"columns-3 wp-block-post-template is-layout-grid wp-container-core-post-template-is-layout-6d3fbd8f wp-block-post-template-is-layout-grid\"><li class=\"wp-block-post post-1728 post type-post status-publish format-standard has-post-thumbnail category-non-classe czr-hentry\">\n\n<div class=\"wp-block-group\" style=\"padding-top:30px;padding-right:30px;padding-bottom:30px;padding-left:30px\"><div class=\"wp-block-group__inner-container is-layout-constrained wp-container-core-group-is-layout-e5c0cd5e wp-block-group-is-layout-constrained\"><figure style=\"aspect-ratio:auto;height:130px;\" class=\"wp-block-post-featured-image\"><img loading=\"lazy\" decoding=\"async\" width=\"654\" height=\"149\" src=\"https:\/\/pedagogie.ac-lille.fr\/ses\/wp-content\/uploads\/sites\/35\/2026\/03\/2026-03-18_21h39_17.jpg\" class=\"attachment-post-thumbnail size-post-thumbnail no-lazy wp-post-image\" alt=\"\" style=\"width:100%;height:100%;object-fit:cover;\" srcset=\"https:\/\/pedagogie.ac-lille.fr\/ses\/wp-content\/uploads\/sites\/35\/2026\/03\/2026-03-18_21h39_17.jpg 654w, https:\/\/pedagogie.ac-lille.fr\/ses\/wp-content\/uploads\/sites\/35\/2026\/03\/2026-03-18_21h39_17-300x68.jpg 300w\" sizes=\"auto, (max-width: 654px) 100vw, 654px\" \/><\/figure>\n\n<h4 class=\"has-text-align-center wp-block-post-title\"><a href=\"https:\/\/pedagogie.ac-lille.fr\/ses\/comment-permettre-aux-eleves-de-progresser-en-ses-en-utilisant-lia\/\" target=\"_self\" >Comment permettre aux \u00e9l\u00e8ves de progresser en SES en utilisant l\u2019IA ?<\/a><\/h4>\n\n<div class=\"has-text-align-center wp-block-post-excerpt\"><p class=\"wp-block-post-excerpt__excerpt\">Vous trouverez dans la rubrique \u00ab\u00a0NUMERIQUE\u00a0\u00bb un compte rendu des Travaux Acad\u00e9miques Mutualis\u00e9s\u2026 <\/p><\/div>\n\n<div class=\"has-text-align-center wp-block-post-date\"><time datetime=\"2026-03-18T21:56:13+01:00\">18 mars 2026<\/time><\/div><\/div><\/div>\n\n<\/li><li class=\"wp-block-post post-1713 post type-post status-publish format-standard has-post-thumbnail category-non-classe czr-hentry\">\n\n<div class=\"wp-block-group\" style=\"padding-top:30px;padding-right:30px;padding-bottom:30px;padding-left:30px\"><div class=\"wp-block-group__inner-container is-layout-constrained wp-container-core-group-is-layout-e5c0cd5e wp-block-group-is-layout-constrained\"><figure style=\"aspect-ratio:auto;height:130px;\" class=\"wp-block-post-featured-image\"><img loading=\"lazy\" decoding=\"async\" width=\"708\" height=\"319\" src=\"https:\/\/pedagogie.ac-lille.fr\/ses\/wp-content\/uploads\/sites\/35\/2026\/03\/2026-03-18_21h31_14.jpg\" class=\"attachment-post-thumbnail size-post-thumbnail no-lazy wp-post-image\" alt=\"\" style=\"width:100%;height:100%;object-fit:cover;\" srcset=\"https:\/\/pedagogie.ac-lille.fr\/ses\/wp-content\/uploads\/sites\/35\/2026\/03\/2026-03-18_21h31_14.jpg 708w, https:\/\/pedagogie.ac-lille.fr\/ses\/wp-content\/uploads\/sites\/35\/2026\/03\/2026-03-18_21h31_14-300x135.jpg 300w\" sizes=\"auto, (max-width: 708px) 100vw, 708px\" \/><\/figure>\n\n<h4 class=\"has-text-align-center wp-block-post-title\"><a href=\"https:\/\/pedagogie.ac-lille.fr\/ses\/webinaire-sur-leconomie-sociale-partenaire-de-lecole-de-la-republique\/\" target=\"_self\" >webinaire sur l\u2019\u00c9conomie Sociale Partenaire de l\u2019\u00c9cole de la R\u00e9publique<\/a><\/h4>\n\n<div class=\"has-text-align-center wp-block-post-excerpt\"><p class=\"wp-block-post-excerpt__excerpt\">Dans le cadre du partenariat avec l\u2019ESPER (\u00c9conomie Sociale Partenaire de l\u2019\u00c9cole de\u2026 <\/p><\/div>\n\n<div class=\"has-text-align-center wp-block-post-date\"><time datetime=\"2026-03-18T21:34:41+01:00\">18 mars 2026<\/time><\/div><\/div><\/div>\n\n<\/li><li class=\"wp-block-post post-1708 post type-post status-publish format-standard has-post-thumbnail category-non-classe czr-hentry\">\n\n<div class=\"wp-block-group\" style=\"padding-top:30px;padding-right:30px;padding-bottom:30px;padding-left:30px\"><div class=\"wp-block-group__inner-container is-layout-constrained wp-container-core-group-is-layout-e5c0cd5e wp-block-group-is-layout-constrained\"><figure style=\"aspect-ratio:auto;height:130px;\" class=\"wp-block-post-featured-image\"><img loading=\"lazy\" decoding=\"async\" width=\"215\" height=\"132\" src=\"https:\/\/pedagogie.ac-lille.fr\/ses\/wp-content\/uploads\/sites\/35\/2026\/03\/2026-03-18_21h19_20.jpg\" class=\"attachment-post-thumbnail size-post-thumbnail no-lazy wp-post-image\" alt=\"\" style=\"width:100%;height:100%;object-fit:cover;\" \/><\/figure>\n\n<h4 class=\"has-text-align-center wp-block-post-title\"><a href=\"https:\/\/pedagogie.ac-lille.fr\/ses\/entretiens-de-lorientation-2026\/\" target=\"_self\" >Entretiens de l\u2019Orientation 2026<\/a><\/h4>\n\n<div class=\"has-text-align-center wp-block-post-excerpt\"><p class=\"wp-block-post-excerpt__excerpt\">Le site Melchior organise les Entretiens de l\u2019Orientation en avril 2026, dont le\u2026 <\/p><\/div>\n\n<div class=\"has-text-align-center wp-block-post-date\"><time datetime=\"2026-03-18T21:28:28+01:00\">18 mars 2026<\/time><\/div><\/div><\/div>\n\n<\/li><li class=\"wp-block-post post-1705 post type-post status-publish format-standard has-post-thumbnail category-non-classe czr-hentry\">\n\n<div class=\"wp-block-group\" style=\"padding-top:30px;padding-right:30px;padding-bottom:30px;padding-left:30px\"><div class=\"wp-block-group__inner-container is-layout-constrained wp-container-core-group-is-layout-e5c0cd5e wp-block-group-is-layout-constrained\"><figure style=\"aspect-ratio:auto;height:130px;\" class=\"wp-block-post-featured-image\"><img loading=\"lazy\" decoding=\"async\" width=\"323\" height=\"265\" src=\"https:\/\/pedagogie.ac-lille.fr\/ses\/wp-content\/uploads\/sites\/35\/2026\/03\/image-concours-vive-leco.jpg\" class=\"attachment-post-thumbnail size-post-thumbnail no-lazy wp-post-image\" alt=\"\" style=\"width:100%;height:100%;object-fit:cover;\" srcset=\"https:\/\/pedagogie.ac-lille.fr\/ses\/wp-content\/uploads\/sites\/35\/2026\/03\/image-concours-vive-leco.jpg 323w, https:\/\/pedagogie.ac-lille.fr\/ses\/wp-content\/uploads\/sites\/35\/2026\/03\/image-concours-vive-leco-300x246.jpg 300w\" sizes=\"auto, (max-width: 323px) 100vw, 323px\" \/><\/figure>\n\n<h4 class=\"has-text-align-center wp-block-post-title\"><a href=\"https:\/\/pedagogie.ac-lille.fr\/ses\/concours-lyceen-vive-leco\/\" target=\"_self\" >Concours lyc\u00e9en \u201cVive l\u2019\u00e9co !\u201d<\/a><\/h4>\n\n<div class=\"has-text-align-center wp-block-post-excerpt\"><p class=\"wp-block-post-excerpt__excerpt\">Vous \u00eates enseignant en SES ou professeur documentaliste et vous connaissez un \u00e9l\u00e8ve\u2026 <\/p><\/div>\n\n<div class=\"has-text-align-center wp-block-post-date\"><time datetime=\"2026-03-18T21:22:26+01:00\">18 mars 2026<\/time><\/div><\/div><\/div>\n\n<\/li><li class=\"wp-block-post post-1697 post type-post status-publish format-standard has-post-thumbnail category-non-classe czr-hentry\">\n\n<div class=\"wp-block-group\" style=\"padding-top:30px;padding-right:30px;padding-bottom:30px;padding-left:30px\"><div class=\"wp-block-group__inner-container is-layout-constrained wp-container-core-group-is-layout-e5c0cd5e wp-block-group-is-layout-constrained\"><figure style=\"aspect-ratio:auto;height:130px;\" class=\"wp-block-post-featured-image\"><img loading=\"lazy\" decoding=\"async\" width=\"308\" height=\"163\" src=\"https:\/\/pedagogie.ac-lille.fr\/ses\/wp-content\/uploads\/sites\/35\/2024\/05\/Sans-titre.png\" class=\"attachment-post-thumbnail size-post-thumbnail no-lazy wp-post-image\" alt=\"\" style=\"width:100%;height:100%;object-fit:cover;\" srcset=\"https:\/\/pedagogie.ac-lille.fr\/ses\/wp-content\/uploads\/sites\/35\/2024\/05\/Sans-titre.png 308w, https:\/\/pedagogie.ac-lille.fr\/ses\/wp-content\/uploads\/sites\/35\/2024\/05\/Sans-titre-300x159.png 300w\" sizes=\"auto, (max-width: 308px) 100vw, 308px\" \/><\/figure>\n\n<h4 class=\"has-text-align-center wp-block-post-title\"><a href=\"https:\/\/pedagogie.ac-lille.fr\/ses\/fiches-synthese-en-seconde\/\" target=\"_self\" >Fiches  synth\u00e8se Seconde<\/a><\/h4>\n\n<div class=\"has-text-align-center wp-block-post-excerpt\"><p class=\"wp-block-post-excerpt__excerpt\">Les fiches de synth\u00e8se des s\u00e9quences de seconde viennent d\u2019\u00eatre mises en ligne\u2026 <\/p><\/div>\n\n<div class=\"has-text-align-center wp-block-post-date\"><time datetime=\"2026-01-27T16:48:10+01:00\">27 janvier 2026<\/time><\/div><\/div><\/div>\n\n<\/li><li class=\"wp-block-post post-1694 post type-post status-publish format-standard has-post-thumbnail category-non-classe czr-hentry\">\n\n<div class=\"wp-block-group\" style=\"padding-top:30px;padding-right:30px;padding-bottom:30px;padding-left:30px\"><div class=\"wp-block-group__inner-container is-layout-constrained wp-container-core-group-is-layout-e5c0cd5e wp-block-group-is-layout-constrained\"><figure style=\"aspect-ratio:auto;height:130px;\" class=\"wp-block-post-featured-image\"><img loading=\"lazy\" decoding=\"async\" width=\"308\" height=\"163\" src=\"https:\/\/pedagogie.ac-lille.fr\/ses\/wp-content\/uploads\/sites\/35\/2024\/05\/Sans-titre.png\" class=\"attachment-post-thumbnail size-post-thumbnail no-lazy wp-post-image\" alt=\"\" style=\"width:100%;height:100%;object-fit:cover;\" srcset=\"https:\/\/pedagogie.ac-lille.fr\/ses\/wp-content\/uploads\/sites\/35\/2024\/05\/Sans-titre.png 308w, https:\/\/pedagogie.ac-lille.fr\/ses\/wp-content\/uploads\/sites\/35\/2024\/05\/Sans-titre-300x159.png 300w\" sizes=\"auto, (max-width: 308px) 100vw, 308px\" \/><\/figure>\n\n<h4 class=\"has-text-align-center wp-block-post-title\"><a href=\"https:\/\/pedagogie.ac-lille.fr\/ses\/enseignement-moral-et-civique\/\" target=\"_self\" >Enseignement moral et civique<\/a><\/h4>\n\n<div class=\"has-text-align-center wp-block-post-excerpt\"><p class=\"wp-block-post-excerpt__excerpt\">Le livret d&rsquo;accompagnement de l&rsquo;enseignement moral et civique de la classe de premi\u00e8re,\u2026 <\/p><\/div>\n\n<div class=\"has-text-align-center wp-block-post-date\"><time datetime=\"2026-01-21T17:42:32+01:00\">21 janvier 2026<\/time><\/div><\/div><\/div>\n\n<\/li><li class=\"wp-block-post post-1691 post type-post status-publish format-standard has-post-thumbnail category-non-classe czr-hentry\">\n\n<div class=\"wp-block-group\" style=\"padding-top:30px;padding-right:30px;padding-bottom:30px;padding-left:30px\"><div class=\"wp-block-group__inner-container is-layout-constrained wp-container-core-group-is-layout-e5c0cd5e wp-block-group-is-layout-constrained\"><figure style=\"aspect-ratio:auto;height:130px;\" class=\"wp-block-post-featured-image\"><img loading=\"lazy\" decoding=\"async\" width=\"308\" height=\"163\" src=\"https:\/\/pedagogie.ac-lille.fr\/ses\/wp-content\/uploads\/sites\/35\/2024\/05\/Sans-titre.png\" class=\"attachment-post-thumbnail size-post-thumbnail no-lazy wp-post-image\" alt=\"\" style=\"width:100%;height:100%;object-fit:cover;\" srcset=\"https:\/\/pedagogie.ac-lille.fr\/ses\/wp-content\/uploads\/sites\/35\/2024\/05\/Sans-titre.png 308w, https:\/\/pedagogie.ac-lille.fr\/ses\/wp-content\/uploads\/sites\/35\/2024\/05\/Sans-titre-300x159.png 300w\" sizes=\"auto, (max-width: 308px) 100vw, 308px\" \/><\/figure>\n\n<h4 class=\"has-text-align-center wp-block-post-title\"><a href=\"https:\/\/pedagogie.ac-lille.fr\/ses\/nouvelle-ressource-ses-mathematiques\/\" target=\"_self\" >Nouvelle ressource S.E.S\/maths<\/a><\/h4>\n\n<div class=\"has-text-align-center wp-block-post-excerpt\"><p class=\"wp-block-post-excerpt__excerpt\">Une nouvelle ressource SES\/math\u00e9matiques portant sur les \u00e9carts de salaires entre les femmes\u2026 <\/p><\/div>\n\n<div class=\"has-text-align-center wp-block-post-date\"><time datetime=\"2026-01-21T17:39:11+01:00\">21 janvier 2026<\/time><\/div><\/div><\/div>\n\n<\/li><li class=\"wp-block-post post-1687 post type-post status-publish format-standard has-post-thumbnail category-non-classe czr-hentry\">\n\n<div class=\"wp-block-group\" style=\"padding-top:30px;padding-right:30px;padding-bottom:30px;padding-left:30px\"><div class=\"wp-block-group__inner-container is-layout-constrained wp-container-core-group-is-layout-e5c0cd5e wp-block-group-is-layout-constrained\"><figure style=\"aspect-ratio:auto;height:130px;\" class=\"wp-block-post-featured-image\"><img loading=\"lazy\" decoding=\"async\" width=\"308\" height=\"163\" src=\"https:\/\/pedagogie.ac-lille.fr\/ses\/wp-content\/uploads\/sites\/35\/2024\/05\/Sans-titre.png\" class=\"attachment-post-thumbnail size-post-thumbnail no-lazy wp-post-image\" alt=\"\" style=\"width:100%;height:100%;object-fit:cover;\" srcset=\"https:\/\/pedagogie.ac-lille.fr\/ses\/wp-content\/uploads\/sites\/35\/2024\/05\/Sans-titre.png 308w, https:\/\/pedagogie.ac-lille.fr\/ses\/wp-content\/uploads\/sites\/35\/2024\/05\/Sans-titre-300x159.png 300w\" sizes=\"auto, (max-width: 308px) 100vw, 308px\" \/><\/figure>\n\n<h4 class=\"has-text-align-center wp-block-post-title\"><a href=\"https:\/\/pedagogie.ac-lille.fr\/ses\/les-rendez-vous-socio-eco-du-clerse\/\" target=\"_self\" >Les rendez-vous socio-\u00e9co du Clers\u00e9\u00a0<\/a><\/h4>\n\n<div class=\"has-text-align-center wp-block-post-excerpt\"><p class=\"wp-block-post-excerpt__excerpt\">Dans le cadre des rendez-vous socio-\u00e9co du Clers\u00e9, l\u2019Universit\u00e9 de Lille propose une\u2026 <\/p><\/div>\n\n<div class=\"has-text-align-center wp-block-post-date\"><time datetime=\"2026-01-06T07:45:28+01:00\">6 janvier 2026<\/time><\/div><\/div><\/div>\n\n<\/li><li class=\"wp-block-post post-1675 post type-post status-publish format-standard has-post-thumbnail category-non-classe czr-hentry\">\n\n<div class=\"wp-block-group\" style=\"padding-top:30px;padding-right:30px;padding-bottom:30px;padding-left:30px\"><div class=\"wp-block-group__inner-container is-layout-constrained wp-container-core-group-is-layout-e5c0cd5e wp-block-group-is-layout-constrained\"><figure style=\"aspect-ratio:auto;height:130px;\" class=\"wp-block-post-featured-image\"><img loading=\"lazy\" decoding=\"async\" width=\"335\" height=\"93\" src=\"https:\/\/pedagogie.ac-lille.fr\/ses\/wp-content\/uploads\/sites\/35\/2025\/02\/LOGO-EDUNUM.jpg\" class=\"attachment-post-thumbnail size-post-thumbnail no-lazy wp-post-image\" alt=\"\" style=\"width:100%;height:100%;object-fit:cover;\" srcset=\"https:\/\/pedagogie.ac-lille.fr\/ses\/wp-content\/uploads\/sites\/35\/2025\/02\/LOGO-EDUNUM.jpg 335w, https:\/\/pedagogie.ac-lille.fr\/ses\/wp-content\/uploads\/sites\/35\/2025\/02\/LOGO-EDUNUM-300x83.jpg 300w\" sizes=\"auto, (max-width: 335px) 100vw, 335px\" \/><\/figure>\n\n<h4 class=\"has-text-align-center wp-block-post-title\"><a href=\"https:\/\/pedagogie.ac-lille.fr\/ses\/la-lettre-edunum-ses-n21\/\" target=\"_self\" >La nouvelle lettre \u00c9duNum SES n\u00b021 est disponible&#8230;<\/a><\/h4>\n\n<div class=\"has-text-align-center wp-block-post-excerpt\"><p class=\"wp-block-post-excerpt__excerpt\">Elle explore les usages p\u00e9dagogiques de l\u2019intelligence artificielle&#8230;(rubrique NUMERIQUE) <\/p><\/div>\n\n<div class=\"has-text-align-center wp-block-post-date\"><time datetime=\"2025-11-25T07:11:58+01:00\">25 novembre 2025<\/time><\/div><\/div><\/div>\n\n<\/li><\/ul><\/div>\n","protected":false},"excerpt":{"rendered":"","protected":false},"author":28,"featured_media":0,"parent":0,"menu_order":0,"comment_status":"closed","ping_status":"open","template":"","meta":{"ngg_post_thumbnail":0,"footnotes":""},"class_list":["post-2","page","type-page","status-publish","czr-hentry"],"publishpress_future_action":{"enabled":false,"date":"2026-04-12 13:03:05","action":"change-status","newStatus":"draft","terms":[],"taxonomy":"","extraData":[]},"publishpress_future_workflow_manual_trigger":{"enabledWorkflows":[]},"_links":{"self":[{"href":"https:\/\/pedagogie.ac-lille.fr\/ses\/wp-json\/wp\/v2\/pages\/2","targetHints":{"allow":["GET"]}}],"collection":[{"href":"https:\/\/pedagogie.ac-lille.fr\/ses\/wp-json\/wp\/v2\/pages"}],"about":[{"href":"https:\/\/pedagogie.ac-lille.fr\/ses\/wp-json\/wp\/v2\/types\/page"}],"author":[{"embeddable":true,"href":"https:\/\/pedagogie.ac-lille.fr\/ses\/wp-json\/wp\/v2\/users\/28"}],"replies":[{"embeddable":true,"href":"https:\/\/pedagogie.ac-lille.fr\/ses\/wp-json\/wp\/v2\/comments?post=2"}],"version-history":[{"count":13,"href":"https:\/\/pedagogie.ac-lille.fr\/ses\/wp-json\/wp\/v2\/pages\/2\/revisions"}],"predecessor-version":[{"id":1044,"href":"https:\/\/pedagogie.ac-lille.fr\/ses\/wp-json\/wp\/v2\/pages\/2\/revisions\/1044"}],"wp:attachment":[{"href":"https:\/\/pedagogie.ac-lille.fr\/ses\/wp-json\/wp\/v2\/media?parent=2"}],"curies":[{"name":"wp","href":"https:\/\/api.w.org\/{rel}","templated":true}]}}