{"id":379,"date":"2022-05-26T10:57:55","date_gmt":"2022-05-26T08:57:55","guid":{"rendered":"https:\/\/pedagogie.ac-lille.fr\/ses\/?page_id=379"},"modified":"2024-04-08T14:24:05","modified_gmt":"2024-04-08T12:24:05","slug":"compte-rendu-des-stages","status":"publish","type":"page","link":"https:\/\/pedagogie.ac-lille.fr\/ses\/compte-rendu-des-stages\/","title":{"rendered":"Compte-rendu des stages acad\u00e9miques"},"content":{"rendered":"<div class=\"wp-block-image\">\n<figure class=\"aligncenter size-full is-resized\"><img loading=\"lazy\" decoding=\"async\" width=\"435\" height=\"330\" src=\"https:\/\/pedagogie.ac-lille.fr\/ses\/wp-content\/uploads\/sites\/35\/2023\/09\/paf.jpg\" alt=\"\" class=\"wp-image-685\" style=\"aspect-ratio:1.3144654088050314;width:141px;height:auto\" srcset=\"https:\/\/pedagogie.ac-lille.fr\/ses\/wp-content\/uploads\/sites\/35\/2023\/09\/paf.jpg 435w, https:\/\/pedagogie.ac-lille.fr\/ses\/wp-content\/uploads\/sites\/35\/2023\/09\/paf-300x228.jpg 300w\" sizes=\"auto, (max-width: 435px) 100vw, 435px\" \/><\/figure>\n<\/div>\n\n\n<p class=\"has-text-align-center\"><\/p>\n\n\n<div class=\"wp-block-image\">\n<figure class=\"aligncenter size-full\"><img loading=\"lazy\" decoding=\"async\" width=\"299\" height=\"62\" src=\"https:\/\/pedagogie.ac-lille.fr\/ses\/wp-content\/uploads\/sites\/35\/2024\/03\/annee-2023-2024.jpg\" alt=\"\" class=\"wp-image-1189\" \/><\/figure>\n<\/div>\n\n<div class=\"wp-block-image\">\n<figure class=\"aligncenter size-large is-resized\"><img loading=\"lazy\" decoding=\"async\" width=\"1024\" height=\"72\" src=\"https:\/\/pedagogie.ac-lille.fr\/ses\/wp-content\/uploads\/sites\/35\/2024\/03\/2024-03-30_07h14_47-1024x72.png\" alt=\"\" class=\"wp-image-1190\" style=\"width:696px;height:auto\" srcset=\"https:\/\/pedagogie.ac-lille.fr\/ses\/wp-content\/uploads\/sites\/35\/2024\/03\/2024-03-30_07h14_47-1024x72.png 1024w, https:\/\/pedagogie.ac-lille.fr\/ses\/wp-content\/uploads\/sites\/35\/2024\/03\/2024-03-30_07h14_47-300x21.png 300w, https:\/\/pedagogie.ac-lille.fr\/ses\/wp-content\/uploads\/sites\/35\/2024\/03\/2024-03-30_07h14_47-768x54.png 768w, https:\/\/pedagogie.ac-lille.fr\/ses\/wp-content\/uploads\/sites\/35\/2024\/03\/2024-03-30_07h14_47.png 1096w\" sizes=\"auto, (max-width: 1024px) 100vw, 1024px\" \/><\/figure>\n<\/div>\n\n\n<p>La formation du 27 mars 2024 consacr\u00e9e \u00e0 l&rsquo;enseignement de la structure sociale en terminale a \u00e0 nouveau \u00e9t\u00e9 tr\u00e8s riche gr\u00e2ce \u00e0 une intervention dense et rigoureuse de Vincent Cl\u00e9ment : pr\u00e9cisions bienvenues sur la conception weberienne des classes sociales, exemples actualis\u00e9s sur l&rsquo;articulation classes sociales\/genre et l&rsquo;articulation classes sociales\/identifications subjectives \u00e9galement. Les coll\u00e8gues stagiaires ont \u00e9galement travaill\u00e9 \u00e0 l&rsquo;\u00e9bauche de fiches-rep\u00e8res pour le dernier OA de ce questionnement.<\/p>\n\n\n\n<p><a href=\"https:\/\/digipad.app\/p\/674274\/3310472926459\" target=\"_blank\" rel=\"noreferrer noopener\">Vous trouverez dans ce  digipad  tous les supports ayant servi  utilis\u00e9s <\/a> par notre coll\u00e8gue <strong>Vincent Cl\u00e9ment<\/strong>, enseignant de SES en CPGE-ECG2 au lyc\u00e9e Faidherbe de Lille ainsi que des ressources compl\u00e9mentaires.<\/p>\n\n\n\n<p><\/p>\n\n\n<div class=\"wp-block-image\">\n<figure class=\"aligncenter size-full is-resized\"><img loading=\"lazy\" decoding=\"async\" width=\"956\" height=\"64\" src=\"https:\/\/pedagogie.ac-lille.fr\/ses\/wp-content\/uploads\/sites\/35\/2024\/03\/phrase-de-cesure-crise-financiere.jpg\" alt=\"\" class=\"wp-image-1186\" style=\"width:478px;height:auto\" srcset=\"https:\/\/pedagogie.ac-lille.fr\/ses\/wp-content\/uploads\/sites\/35\/2024\/03\/phrase-de-cesure-crise-financiere.jpg 956w, https:\/\/pedagogie.ac-lille.fr\/ses\/wp-content\/uploads\/sites\/35\/2024\/03\/phrase-de-cesure-crise-financiere-300x20.jpg 300w, https:\/\/pedagogie.ac-lille.fr\/ses\/wp-content\/uploads\/sites\/35\/2024\/03\/phrase-de-cesure-crise-financiere-768x51.jpg 768w\" sizes=\"auto, (max-width: 956px) 100vw, 956px\" \/><\/figure>\n<\/div>\n\n\n<p>Vous trouverez un <a href=\"https:\/\/digipad.app\/p\/538149\/0d88625975a1f\" target=\"_blank\" rel=\"noreferrer noopener\"> lien vers un digipad  contenant tous les supports ayant servi lors des stages<\/a> sur                             <strong>\u00ab comment expliquer et r\u00e9guler les crises financi\u00e8res \u00bb<\/strong>  utilis\u00e9s par notre coll\u00e8gue <strong>Virginie Jailloux<\/strong>, professeure en CPGE ECG au lyc\u00e9e Gambetta d&rsquo;Arras.<\/p>\n\n\n\n<p><br>\u00c0 savoir :<br>&#8211; <a href=\"https:\/\/podeduc.apps.education.fr\/sciences-economiques-et-sociales-academie-de-lille\/\" target=\"_blank\" rel=\"noreferrer noopener\">Des s\u00e9quences vid\u00e9o de l\u2019intervention sur la chaine SES de l\u2019acad\u00e9mie<\/a><br>&#8211; <a href=\"http:\/\/pedagogie.ac-lille.fr\/ses\/wp-content\/uploads\/sites\/35\/2024\/02\/eafc_ses_-formation-crises-et-reigulations-du-systeme-financier-diaporama.pdf\" target=\"_blank\" rel=\"noreferrer noopener\">Le diaporama de pr\u00e9sentation<\/a><br>&#8211; <a href=\"http:\/\/pedagogie.ac-lille.fr\/ses\/wp-content\/uploads\/sites\/35\/2024\/02\/prise-de-note-formation-decembre-2023_juliette-jacobpdf.pdf\" target=\"_blank\" rel=\"noreferrer noopener\">Le compte rendu de l\u2019intervention<\/a><br>&#8211; <a href=\"http:\/\/pedagogie.ac-lille.fr\/ses\/wp-content\/uploads\/sites\/35\/2024\/02\/dossier-documentaire-eafc_ses_-formation-crises-et-regulations-du-systeime-financier-dossier-documentaire.pdf\" target=\"_blank\" rel=\"noreferrer noopener\">Le dossier documentaire<\/a><br>&#8211; <a href=\"http:\/\/pedagogie.ac-lille.fr\/ses\/wp-content\/uploads\/sites\/35\/2024\/02\/fiche-eduscol_crises-financieires_2v06cm1jl9f.pdf\" target=\"_blank\" rel=\"noreferrer noopener\">La fiche eduscol<\/a><br>&#8211; <a href=\"https:\/\/econofides.ac-versailles.fr\/terminale-ses\/text\/04.html#chapitre-4comment-expliquer-les-crises-financi%C3%A8res-et-r%C3%A9guler-le-syst%C3%A8me-financier\" target=\"_blank\" rel=\"noreferrer noopener\">Un lien vers une fiche econofide de l\u2019acad\u00e9mie de Versailles<\/a><br>&#8211; Les diff\u00e9rentes fiches de travail r\u00e9alis\u00e9es par les coll\u00e8gues \u00e0 partir des OA (s\u00e9ances de cours, id\u00e9es de devoirs type-bac, parfois d\u00e9j\u00e0 corrig\u00e9s)<br>&#8211; <a href=\"http:\/\/pedagogie.ac-lille.fr\/ses\/wp-content\/uploads\/sites\/35\/2024\/02\/cours-du-college-de-france-sur-comment-expliquer-et-reguler-les-crises-financieres.pdf\" target=\"_blank\" rel=\"noreferrer noopener\">La fiche du Coll\u00e8ge de France<\/a><\/p>\n\n\n\n<p><\/p>\n\n\n\n<p><\/p>\n\n\n\n<p><\/p>\n","protected":false},"excerpt":{"rendered":"<p>La formation du 27 mars 2024 consacr\u00e9e \u00e0 l&rsquo;enseignement de la structure sociale en terminale a \u00e0 nouveau \u00e9t\u00e9 tr\u00e8s riche gr\u00e2ce \u00e0 une intervention dense et rigoureuse de Vincent Cl\u00e9ment : pr\u00e9cisions bienvenues sur la conception weberienne des classes sociales, exemples actualis\u00e9s sur l&rsquo;articulation classes sociales\/genre et l&rsquo;articulation classes sociales\/identifications subjectives \u00e9galement. Les coll\u00e8gues [&hellip;]<\/p>\n","protected":false},"author":55,"featured_media":0,"parent":0,"menu_order":0,"comment_status":"closed","ping_status":"closed","template":"","meta":{"ngg_post_thumbnail":0,"footnotes":""},"class_list":["post-379","page","type-page","status-publish","czr-hentry"],"publishpress_future_action":{"enabled":false,"date":"2026-04-29 19:59:28","action":"change-status","newStatus":"draft","terms":[],"taxonomy":"","extraData":[]},"publishpress_future_workflow_manual_trigger":{"enabledWorkflows":[]},"_links":{"self":[{"href":"https:\/\/pedagogie.ac-lille.fr\/ses\/wp-json\/wp\/v2\/pages\/379","targetHints":{"allow":["GET"]}}],"collection":[{"href":"https:\/\/pedagogie.ac-lille.fr\/ses\/wp-json\/wp\/v2\/pages"}],"about":[{"href":"https:\/\/pedagogie.ac-lille.fr\/ses\/wp-json\/wp\/v2\/types\/page"}],"author":[{"embeddable":true,"href":"https:\/\/pedagogie.ac-lille.fr\/ses\/wp-json\/wp\/v2\/users\/55"}],"replies":[{"embeddable":true,"href":"https:\/\/pedagogie.ac-lille.fr\/ses\/wp-json\/wp\/v2\/comments?post=379"}],"version-history":[{"count":26,"href":"https:\/\/pedagogie.ac-lille.fr\/ses\/wp-json\/wp\/v2\/pages\/379\/revisions"}],"predecessor-version":[{"id":1202,"href":"https:\/\/pedagogie.ac-lille.fr\/ses\/wp-json\/wp\/v2\/pages\/379\/revisions\/1202"}],"wp:attachment":[{"href":"https:\/\/pedagogie.ac-lille.fr\/ses\/wp-json\/wp\/v2\/media?parent=379"}],"curies":[{"name":"wp","href":"https:\/\/api.w.org\/{rel}","templated":true}]}}