{"id":580,"date":"2023-09-21T10:19:52","date_gmt":"2023-09-21T08:19:52","guid":{"rendered":"https:\/\/pedagogie.ac-lille.fr\/ses\/?page_id=580"},"modified":"2023-10-14T11:23:11","modified_gmt":"2023-10-14T09:23:11","slug":"les-sujets-de-premiere-de-la-bns","status":"publish","type":"page","link":"https:\/\/pedagogie.ac-lille.fr\/ses\/les-sujets-de-premiere-de-la-bns\/","title":{"rendered":"La Banque Nationale de Sujets de premi\u00e8re"},"content":{"rendered":"\n<h1 class=\"wp-block-heading\"><\/h1>\n\n\n\n<figure class=\"wp-block-image size-full\"><img loading=\"lazy\" decoding=\"async\" width=\"1002\" height=\"184\" src=\"https:\/\/pedagogie.ac-lille.fr\/ses\/wp-content\/uploads\/sites\/35\/2023\/09\/la-banque-de-sujets-.jpg\" alt=\"\" class=\"wp-image-695\" srcset=\"https:\/\/pedagogie.ac-lille.fr\/ses\/wp-content\/uploads\/sites\/35\/2023\/09\/la-banque-de-sujets-.jpg 1002w, https:\/\/pedagogie.ac-lille.fr\/ses\/wp-content\/uploads\/sites\/35\/2023\/09\/la-banque-de-sujets--300x55.jpg 300w, https:\/\/pedagogie.ac-lille.fr\/ses\/wp-content\/uploads\/sites\/35\/2023\/09\/la-banque-de-sujets--768x141.jpg 768w\" sizes=\"auto, (max-width: 1002px) 100vw, 1002px\" \/><\/figure>\n\n\n\n<p>Afin d\u2019accompagner les lyc\u00e9en(ne)s dans leur pr\u00e9paration aux examens, le site du minist\u00e8re de l\u2019\u00c9ducation nationale \u00ab\u00a0Quand je passe le bac\u00a0\u00bb met en ligne une banque de sujets que vous pourrez consulter<a href=\"https:\/\/www.education.gouv.fr\/reussir-au-lycee\/bns\" target=\"_blank\" rel=\"noreferrer noopener\"> en cliquant ici.<\/a><\/p>\n\n\n\n<p><\/p>\n\n\n\n<p>Ces sujets portent sur le programme actuel.<\/p>\n","protected":false},"excerpt":{"rendered":"<p>Afin d\u2019accompagner les lyc\u00e9en(ne)s dans leur pr\u00e9paration aux examens, le site du minist\u00e8re de l\u2019\u00c9ducation nationale \u00ab\u00a0Quand je passe le bac\u00a0\u00bb met en ligne une banque de sujets que vous pourrez consulter en cliquant ici. Ces sujets portent sur le programme actuel.<\/p>\n","protected":false},"author":55,"featured_media":0,"parent":0,"menu_order":0,"comment_status":"closed","ping_status":"closed","template":"","meta":{"ngg_post_thumbnail":0,"footnotes":""},"class_list":["post-580","page","type-page","status-publish","czr-hentry"],"publishpress_future_action":{"enabled":false,"date":"2026-04-29 19:59:28","action":"change-status","newStatus":"draft","terms":[],"taxonomy":"","extraData":[]},"publishpress_future_workflow_manual_trigger":{"enabledWorkflows":[]},"_links":{"self":[{"href":"https:\/\/pedagogie.ac-lille.fr\/ses\/wp-json\/wp\/v2\/pages\/580","targetHints":{"allow":["GET"]}}],"collection":[{"href":"https:\/\/pedagogie.ac-lille.fr\/ses\/wp-json\/wp\/v2\/pages"}],"about":[{"href":"https:\/\/pedagogie.ac-lille.fr\/ses\/wp-json\/wp\/v2\/types\/page"}],"author":[{"embeddable":true,"href":"https:\/\/pedagogie.ac-lille.fr\/ses\/wp-json\/wp\/v2\/users\/55"}],"replies":[{"embeddable":true,"href":"https:\/\/pedagogie.ac-lille.fr\/ses\/wp-json\/wp\/v2\/comments?post=580"}],"version-history":[{"count":11,"href":"https:\/\/pedagogie.ac-lille.fr\/ses\/wp-json\/wp\/v2\/pages\/580\/revisions"}],"predecessor-version":[{"id":951,"href":"https:\/\/pedagogie.ac-lille.fr\/ses\/wp-json\/wp\/v2\/pages\/580\/revisions\/951"}],"wp:attachment":[{"href":"https:\/\/pedagogie.ac-lille.fr\/ses\/wp-json\/wp\/v2\/media?parent=580"}],"curies":[{"name":"wp","href":"https:\/\/api.w.org\/{rel}","templated":true}]}}