{"id":582,"date":"2023-09-21T10:20:25","date_gmt":"2023-09-21T08:20:25","guid":{"rendered":"https:\/\/pedagogie.ac-lille.fr\/ses\/?page_id=582"},"modified":"2025-11-25T07:14:36","modified_gmt":"2025-11-25T06:14:36","slug":"les-lettres-edunum","status":"publish","type":"page","link":"https:\/\/pedagogie.ac-lille.fr\/ses\/les-lettres-edunum\/","title":{"rendered":"Les lettres EduNum"},"content":{"rendered":"<div class=\"wp-block-image\">\n<figure class=\"aligncenter size-full is-resized\"><img loading=\"lazy\" decoding=\"async\" width=\"643\" height=\"246\" src=\"http:\/\/pedagogie.ac-lille.fr\/ses\/wp-content\/uploads\/sites\/35\/2022\/05\/edunum.png\" alt=\"\" class=\"wp-image-353\" style=\"width:421px;height:161px\" srcset=\"https:\/\/pedagogie.ac-lille.fr\/ses\/wp-content\/uploads\/sites\/35\/2022\/05\/edunum.png 643w, https:\/\/pedagogie.ac-lille.fr\/ses\/wp-content\/uploads\/sites\/35\/2022\/05\/edunum-300x115.png 300w\" sizes=\"auto, (max-width: 643px) 100vw, 643px\" \/><\/figure>\n<\/div>\n\n\n<p>Ces lettres ont pour objectif d&rsquo;accompagner les priorit\u00e9s minist\u00e9rielles du d\u00e9veloppement des usages du num\u00e9rique dans les pratiques p\u00e9dagogiques en SES. <\/p>\n\n\n\n<p>Elles visent, en cons\u00e9quence, \u00e0 diffuser des informations et des liens pointant vers les services et exemples d&rsquo;activit\u00e9s disciplinaires disponibles sur le site \u00e9duscol et le r\u00e9seau des acad\u00e9mies.<\/p>\n\n\n\n<p><a href=\"https:\/\/eduscol.education.fr\/2637\/lettre-edunum-sciences-economiques-et-sociales\" target=\"_blank\" rel=\"noreferrer noopener\">Vous y acc\u00e9der en cliquant ici ou en vous abonnant via votre adresse acad\u00e9mique.<\/a><\/p>\n\n\n\n<ul class=\"wp-block-list\">\n<li><a rel=\"noreferrer noopener\" href=\"http:\/\/pedagogie.ac-lille.fr\/ses\/wp-content\/uploads\/sites\/35\/2023\/09\/lettre-edunum-ses-18-avril-2022.pdf\" data-type=\"link\" data-id=\"http:\/\/pedagogie.ac-lille.fr\/ses\/wp-content\/uploads\/sites\/35\/2023\/09\/lettre-edunum-ses-18-avril-2022.pdf\" target=\"_blank\">La lettre \u00c9duNum SES n\u00b018 est disponible ici<\/a><\/li>\n\n\n\n<li><a href=\"http:\/\/pedagogie.ac-lille.fr\/ses\/wp-content\/uploads\/sites\/35\/2023\/11\/lettre_edunum_ses19-novembre2023.pdf\" target=\"_blank\" rel=\"noreferrer noopener\">La lettre \u00c9duNum SES n\u00b019 (novembre 2023) est disponible ici<\/a>. Elle porte sur la ludification p\u00e9dagogique et s&rsquo;appuie sur les sc\u00e9narios cr\u00e9\u00e9s lors des TraAM.<\/li>\n\n\n\n<li><a href=\"http:\/\/pedagogie.ac-lille.fr\/ses\/wp-content\/uploads\/sites\/35\/2025\/02\/lettre_edunum_ses_2025.pdf\" target=\"_blank\" rel=\"noreferrer noopener\">La lettre \u00c9duNum SES n\u00b020 (f\u00e9vrier 2025) est disponible ici.<\/a> Elle recense diff\u00e9rentes ressources reliant l&rsquo;activit\u00e9 p\u00e9dagogique au num\u00e9rique&#8230;<\/li>\n\n\n\n<li><a href=\"https:\/\/eduscol.education.fr\/4123\/les-lettres-d-actualite-edunum-sur-le-numerique-educatif#SES\" target=\"_blank\" rel=\"noreferrer noopener\">La lettre \u00c9duNum SES n\u00b021 (novembre 2025) est disponible ici <\/a>. Elle  explore les usages p\u00e9dagogiques de l\u2019intelligence artificielle&#8230;<\/li>\n<\/ul>\n\n\n\n<p><\/p>\n","protected":false},"excerpt":{"rendered":"<p>Ces lettres ont pour objectif d&rsquo;accompagner les priorit\u00e9s minist\u00e9rielles du d\u00e9veloppement des usages du num\u00e9rique dans les pratiques p\u00e9dagogiques en SES. Elles visent, en cons\u00e9quence, \u00e0 diffuser des informations et des liens pointant vers les services et exemples d&rsquo;activit\u00e9s disciplinaires disponibles sur le site \u00e9duscol et le r\u00e9seau des acad\u00e9mies. Vous y acc\u00e9der en cliquant [&hellip;]<\/p>\n","protected":false},"author":55,"featured_media":0,"parent":0,"menu_order":0,"comment_status":"closed","ping_status":"closed","template":"","meta":{"ngg_post_thumbnail":0,"footnotes":""},"class_list":["post-582","page","type-page","status-publish","czr-hentry"],"publishpress_future_action":{"enabled":false,"date":"2026-04-29 19:59:28","action":"change-status","newStatus":"draft","terms":[],"taxonomy":"","extraData":[]},"publishpress_future_workflow_manual_trigger":{"enabledWorkflows":[]},"_links":{"self":[{"href":"https:\/\/pedagogie.ac-lille.fr\/ses\/wp-json\/wp\/v2\/pages\/582","targetHints":{"allow":["GET"]}}],"collection":[{"href":"https:\/\/pedagogie.ac-lille.fr\/ses\/wp-json\/wp\/v2\/pages"}],"about":[{"href":"https:\/\/pedagogie.ac-lille.fr\/ses\/wp-json\/wp\/v2\/types\/page"}],"author":[{"embeddable":true,"href":"https:\/\/pedagogie.ac-lille.fr\/ses\/wp-json\/wp\/v2\/users\/55"}],"replies":[{"embeddable":true,"href":"https:\/\/pedagogie.ac-lille.fr\/ses\/wp-json\/wp\/v2\/comments?post=582"}],"version-history":[{"count":13,"href":"https:\/\/pedagogie.ac-lille.fr\/ses\/wp-json\/wp\/v2\/pages\/582\/revisions"}],"predecessor-version":[{"id":1679,"href":"https:\/\/pedagogie.ac-lille.fr\/ses\/wp-json\/wp\/v2\/pages\/582\/revisions\/1679"}],"wp:attachment":[{"href":"https:\/\/pedagogie.ac-lille.fr\/ses\/wp-json\/wp\/v2\/media?parent=582"}],"curies":[{"name":"wp","href":"https:\/\/api.w.org\/{rel}","templated":true}]}}