{"id":584,"date":"2023-09-21T10:20:46","date_gmt":"2023-09-21T08:20:46","guid":{"rendered":"https:\/\/pedagogie.ac-lille.fr\/ses\/?page_id=584"},"modified":"2023-10-14T11:22:47","modified_gmt":"2023-10-14T09:22:47","slug":"edubase","status":"publish","type":"page","link":"https:\/\/pedagogie.ac-lille.fr\/ses\/edubase\/","title":{"rendered":"Edubase"},"content":{"rendered":"<div class=\"wp-block-image\">\n<figure class=\"aligncenter size-full is-resized\"><img loading=\"lazy\" decoding=\"async\" width=\"599\" height=\"273\" src=\"https:\/\/pedagogie.ac-lille.fr\/ses\/wp-content\/uploads\/sites\/35\/2023\/09\/edubase-logo.png\" alt=\"\" class=\"wp-image-690\" style=\"width:371px;height:169px\" srcset=\"https:\/\/pedagogie.ac-lille.fr\/ses\/wp-content\/uploads\/sites\/35\/2023\/09\/edubase-logo.png 599w, https:\/\/pedagogie.ac-lille.fr\/ses\/wp-content\/uploads\/sites\/35\/2023\/09\/edubase-logo-300x137.png 300w, https:\/\/pedagogie.ac-lille.fr\/ses\/wp-content\/uploads\/sites\/35\/2023\/09\/edubase-logo-517x235.png 517w\" sizes=\"auto, (max-width: 599px) 100vw, 599px\" \/><\/figure>\n<\/div>\n\n\n<p><strong>\u00c9dubase <\/strong>est un outil du site <strong>Eduscol<\/strong>. <\/p>\n\n\n\n<p>Il dispose d&rsquo;un moteur  de recherche qui recense  <strong>des sc\u00e9narios p\u00e9dagogiques <\/strong>utilisant <strong>le num\u00e9rique<\/strong> <strong>\u00e9ducatif<\/strong>&nbsp; \u00e9labor\u00e9s<strong> dans toutes les acad\u00e9mie<\/strong>s en lien avec les<strong> programmes<\/strong>&nbsp;<\/p>\n\n\n\n<p>Il permet  d&rsquo;afficher sa description pour 20 disciplines et enseignements du premier degr\u00e9 au post-bac.<\/p>\n\n\n\n<p><a href=\"https:\/\/edubase.eduscol.education.fr\/recherche?discipline%5B0%5D=Sciences%20%C3%A9conomiques%20et%20sociales\" target=\"_blank\" rel=\"noreferrer noopener\">Voici le lien direct pour notre mati\u00e8re.<\/a><\/p>\n\n\n\n<p>Il suffit ensuite de choisir le niveau souhait\u00e9. <\/p>\n\n\n\n<p>A noter que les sc\u00e9narios sont class\u00e9s par ordre de d\u00e9p\u00f4t et non par pertinence.<\/p>\n","protected":false},"excerpt":{"rendered":"<p>\u00c9dubase est un outil du site Eduscol. Il dispose d&rsquo;un moteur de recherche qui recense des sc\u00e9narios p\u00e9dagogiques utilisant le num\u00e9rique \u00e9ducatif&nbsp; \u00e9labor\u00e9s dans toutes les acad\u00e9mies en lien avec les programmes&nbsp; Il permet d&rsquo;afficher sa description pour 20 disciplines et enseignements du premier degr\u00e9 au post-bac. Voici le lien direct pour notre mati\u00e8re. Il [&hellip;]<\/p>\n","protected":false},"author":55,"featured_media":0,"parent":0,"menu_order":0,"comment_status":"closed","ping_status":"closed","template":"","meta":{"ngg_post_thumbnail":0,"footnotes":""},"class_list":["post-584","page","type-page","status-publish","czr-hentry"],"publishpress_future_action":{"enabled":false,"date":"2026-04-29 19:59:27","action":"change-status","newStatus":"draft","terms":[],"taxonomy":"","extraData":[]},"publishpress_future_workflow_manual_trigger":{"enabledWorkflows":[]},"_links":{"self":[{"href":"https:\/\/pedagogie.ac-lille.fr\/ses\/wp-json\/wp\/v2\/pages\/584","targetHints":{"allow":["GET"]}}],"collection":[{"href":"https:\/\/pedagogie.ac-lille.fr\/ses\/wp-json\/wp\/v2\/pages"}],"about":[{"href":"https:\/\/pedagogie.ac-lille.fr\/ses\/wp-json\/wp\/v2\/types\/page"}],"author":[{"embeddable":true,"href":"https:\/\/pedagogie.ac-lille.fr\/ses\/wp-json\/wp\/v2\/users\/55"}],"replies":[{"embeddable":true,"href":"https:\/\/pedagogie.ac-lille.fr\/ses\/wp-json\/wp\/v2\/comments?post=584"}],"version-history":[{"count":8,"href":"https:\/\/pedagogie.ac-lille.fr\/ses\/wp-json\/wp\/v2\/pages\/584\/revisions"}],"predecessor-version":[{"id":950,"href":"https:\/\/pedagogie.ac-lille.fr\/ses\/wp-json\/wp\/v2\/pages\/584\/revisions\/950"}],"wp:attachment":[{"href":"https:\/\/pedagogie.ac-lille.fr\/ses\/wp-json\/wp\/v2\/media?parent=584"}],"curies":[{"name":"wp","href":"https:\/\/api.w.org\/{rel}","templated":true}]}}