{"id":588,"date":"2023-09-21T10:21:54","date_gmt":"2023-09-21T08:21:54","guid":{"rendered":"https:\/\/pedagogie.ac-lille.fr\/ses\/?page_id=588"},"modified":"2024-09-15T16:25:42","modified_gmt":"2024-09-15T14:25:42","slug":"les-ressources-du-college-de-france","status":"publish","type":"page","link":"https:\/\/pedagogie.ac-lille.fr\/ses\/les-ressources-du-college-de-france\/","title":{"rendered":"Les ressources du Coll\u00e8ge de France"},"content":{"rendered":"<div class=\"wp-block-image\">\n<figure class=\"aligncenter size-full\"><img loading=\"lazy\" decoding=\"async\" width=\"360\" height=\"191\" src=\"http:\/\/pedagogie.ac-lille.fr\/ses\/wp-content\/uploads\/sites\/35\/2024\/09\/logo-college-de-france.jpg\" alt=\"\" class=\"wp-image-1346\" srcset=\"https:\/\/pedagogie.ac-lille.fr\/ses\/wp-content\/uploads\/sites\/35\/2024\/09\/logo-college-de-france.jpg 360w, https:\/\/pedagogie.ac-lille.fr\/ses\/wp-content\/uploads\/sites\/35\/2024\/09\/logo-college-de-france-300x159.jpg 300w\" sizes=\"auto, (max-width: 360px) 100vw, 360px\" \/><\/figure>\n<\/div>\n\n\n<p>Le Coll\u00e8ge de France propose des ressources en partenariat avec le campus de l&rsquo;innovation  en libre acc\u00e8s sur son site.<\/p>\n\n\n\n<p>Cet \u00e9tablissement d\u2019enseignement sup\u00e9rieur a pour devise \u00ab\u00a0<strong>Enseigner la recherche en train de se faire<\/strong>\u00a0\u00bb.<\/p>\n\n\n\n<p> A cet \u00e9gard, plusieurs \u00e9conomistes sont dispos\u00e9s \u00e0 intervenir dans les lyc\u00e9es au contact direct des \u00e9l\u00e8ves et de leurs professeurs de SES. En voici la liste\u00a0:<\/p>\n\n\n\n<ul class=\"wp-block-list\">\n<li>M. Philippe Aghion, professeur au Coll\u00e8ge de France, \u00e0 l\u2019INSEAD et \u00e0 la London School of Economics<\/li>\n\n\n\n<li>M. Antonin Bergeaud, professeur associ\u00e9 \u00e0 HEC Paris, et chercheur associ\u00e9 au Coll\u00e8ge de France.<\/li>\n\n\n\n<li>M. Simon Bunel, administrateur de l\u2019Insee, \u00e9conomiste-chercheur \u00e0 la Banque de France et chercheur associ\u00e9 au \u00ab&nbsp;Farhi Innovation Lab&nbsp;\u00bb du Coll\u00e8ge de France. Il travaille notamment sur les politiques publiques en Recherche et D\u00e9veloppement.<\/li>\n\n\n\n<li>M. Gilbert Cette, directeur des \u00e9tudes micro\u00e9conomiques et structurelles \u00e0 la Banque de France, et professeur associ\u00e9 en sciences \u00e9conomiques de l\u2019Universit\u00e9 d\u2019Aix-Marseille. Ses th\u00e8mes de recherche sont la macro\u00e9conomie, la croissance, l\u2019analyse de la productivit\u00e9, l\u2019\u00e9conomie de la production, ainsi que l\u2019\u00e9conomie du travail.<\/li>\n\n\n\n<li>Mme C\u00e9cilia Garcia-Penalosa, \u00e9conomiste et charg\u00e9e de recherche \u00e0 Aix-Marseille Universit\u00e9.<\/li>\n\n\n\n<li>M. Philippe Mils, directeur g\u00e9n\u00e9ral de SFIL, ancien pr\u00e9sident de la Banque Europ\u00e9enne d\u2019Investissement (2013-2018) et de l\u2019Association europ\u00e9enne des banques publiques (2016-2022).<\/li>\n\n\n\n<li>M. Villeroy de Galhau, Gouverneur de la Banque de France.<\/li>\n<\/ul>\n\n\n\n<p><a href=\"mailto:Sandrine.Verdiere2@ac-lille.fr\">Si cette d\u00e9marche vous int\u00e9resse, vous pouvez contacter l\u2019inspectrice.<\/a><\/p>\n\n\n\n<p><strong>Deux types de ressources sont disponibles depuis septembre 2024.<\/strong><\/p>\n\n\n\n<ul class=\"wp-block-list\">\n<li><strong>Des chapitres du programme r\u00e9dig\u00e9s<\/strong> par des professeurs de sciences \u00e9conomiques et sociales exp\u00e9riment\u00e9s et est enrichi d\u2019activit\u00e9s, de jeux et de vid\u00e9os. L\u2019ensemble est relu et valid\u00e9 scientifiquement par les professeurs du Coll\u00e8ge de France et p\u00e9dagogiquement par les inspecteurs g\u00e9n\u00e9raux. Vous pouvez acc\u00e9der \u00e0 des ressources \u00e9crites mais aussi \u00e0 des vid\u00e9os sur les chapitres d\u2019\u00e9conomie des programmes de S.E.S sur\u00a0<a href=\"https:\/\/www.youtube.com\/channel\/UC6jWhYUqm80VejWV4NZ6jhA\" target=\"_blank\" rel=\"noreferrer noopener\">la cha\u00eene YouTube du coll\u00e8ge de France<\/a>\u00a0du Campus du Coll\u00e8ge de France.<\/li>\n\n\n\n<li><strong>Des fiches  sur le programme de Terminale<\/strong>. L&rsquo;objectif est de d\u00e9finir pr\u00e9cis\u00e9ment, dans le respect du programme officiel 2023-2024, les connaissances qu&rsquo;un excellent \u00e9l\u00e8ve devrait ma\u00eetriser : vocabulaire \u00e9conomique et\/ou sociologique, m\u00e9canismes et processus, ainsi que les faits essentiels (grands rep\u00e8res historiques). Il est important de noter que ces fiches se concentrent uniquement sur les savoirs, sans aborder les savoir-faire ni les aspects p\u00e9dagogiques, qui restent de la responsabilit\u00e9 de l&rsquo;enseignant. Elles repr\u00e9sentent donc les attentes raisonnables envers un \u00e9l\u00e8ve, en fonction du programme.Ces fiches r\u00e9pondent \u00e0 un besoin fr\u00e9quemment exprim\u00e9 de clarification et de d\u00e9limitation des attentes. <a href=\"https:\/\/campus-innovation-lycees.fr\/quelles-sont-les-sources-et-les-defis-de-la-croissance-economique\/\" target=\"_blank\" rel=\"noreferrer noopener\">Elles sont disponibles sur le site du Coll\u00e8ge de France sous la rubrique \u00ab d\u00e9couvrir la synth\u00e8se du cours \u00bb pour chaque questionnement.<\/a><\/li>\n<\/ul>\n\n\n\n<p> <\/p>\n","protected":false},"excerpt":{"rendered":"<p>Le Coll\u00e8ge de France propose des ressources en partenariat avec le campus de l&rsquo;innovation en libre acc\u00e8s sur son site. Cet \u00e9tablissement d\u2019enseignement sup\u00e9rieur a pour devise \u00ab\u00a0Enseigner la recherche en train de se faire\u00a0\u00bb. A cet \u00e9gard, plusieurs \u00e9conomistes sont dispos\u00e9s \u00e0 intervenir dans les lyc\u00e9es au contact direct des \u00e9l\u00e8ves et de leurs [&hellip;]<\/p>\n","protected":false},"author":55,"featured_media":1346,"parent":0,"menu_order":0,"comment_status":"closed","ping_status":"closed","template":"","meta":{"ngg_post_thumbnail":0,"footnotes":""},"class_list":["post-588","page","type-page","status-publish","has-post-thumbnail","czr-hentry"],"publishpress_future_action":{"enabled":false,"date":"2026-04-29 19:59:12","action":"change-status","newStatus":"draft","terms":[],"taxonomy":"","extraData":[]},"publishpress_future_workflow_manual_trigger":{"enabledWorkflows":[]},"_links":{"self":[{"href":"https:\/\/pedagogie.ac-lille.fr\/ses\/wp-json\/wp\/v2\/pages\/588","targetHints":{"allow":["GET"]}}],"collection":[{"href":"https:\/\/pedagogie.ac-lille.fr\/ses\/wp-json\/wp\/v2\/pages"}],"about":[{"href":"https:\/\/pedagogie.ac-lille.fr\/ses\/wp-json\/wp\/v2\/types\/page"}],"author":[{"embeddable":true,"href":"https:\/\/pedagogie.ac-lille.fr\/ses\/wp-json\/wp\/v2\/users\/55"}],"replies":[{"embeddable":true,"href":"https:\/\/pedagogie.ac-lille.fr\/ses\/wp-json\/wp\/v2\/comments?post=588"}],"version-history":[{"count":11,"href":"https:\/\/pedagogie.ac-lille.fr\/ses\/wp-json\/wp\/v2\/pages\/588\/revisions"}],"predecessor-version":[{"id":1348,"href":"https:\/\/pedagogie.ac-lille.fr\/ses\/wp-json\/wp\/v2\/pages\/588\/revisions\/1348"}],"wp:featuredmedia":[{"embeddable":true,"href":"https:\/\/pedagogie.ac-lille.fr\/ses\/wp-json\/wp\/v2\/media\/1346"}],"wp:attachment":[{"href":"https:\/\/pedagogie.ac-lille.fr\/ses\/wp-json\/wp\/v2\/media?parent=588"}],"curies":[{"name":"wp","href":"https:\/\/api.w.org\/{rel}","templated":true}]}}