{"id":590,"date":"2023-09-21T10:22:47","date_gmt":"2023-09-21T08:22:47","guid":{"rendered":"https:\/\/pedagogie.ac-lille.fr\/ses\/?page_id=590"},"modified":"2023-11-06T16:20:59","modified_gmt":"2023-11-06T15:20:59","slug":"le-kit-de-demarrage-pour-les-contractuels","status":"publish","type":"page","link":"https:\/\/pedagogie.ac-lille.fr\/ses\/le-kit-de-demarrage-pour-les-contractuels\/","title":{"rendered":"Le kit de d\u00e9marrage pour les contractuels"},"content":{"rendered":"<div class=\"wp-block-image\">\n<figure class=\"aligncenter size-full is-resized\"><img loading=\"lazy\" decoding=\"async\" width=\"920\" height=\"520\" src=\"https:\/\/pedagogie.ac-lille.fr\/ses\/wp-content\/uploads\/sites\/35\/2023\/11\/logo-contracturel.jpeg\" alt=\"\" class=\"wp-image-979\" style=\"aspect-ratio:1.7692307692307692;width:276px;height:auto\" srcset=\"https:\/\/pedagogie.ac-lille.fr\/ses\/wp-content\/uploads\/sites\/35\/2023\/11\/logo-contracturel.jpeg 920w, https:\/\/pedagogie.ac-lille.fr\/ses\/wp-content\/uploads\/sites\/35\/2023\/11\/logo-contracturel-300x170.jpeg 300w, https:\/\/pedagogie.ac-lille.fr\/ses\/wp-content\/uploads\/sites\/35\/2023\/11\/logo-contracturel-768x434.jpeg 768w, https:\/\/pedagogie.ac-lille.fr\/ses\/wp-content\/uploads\/sites\/35\/2023\/11\/logo-contracturel-528x297.jpeg 528w\" sizes=\"auto, (max-width: 920px) 100vw, 920px\" \/><\/figure>\n<\/div>\n\n\n<p><a href=\"http:\/\/pedagogie.ac-lille.fr\/ses\/wp-content\/uploads\/sites\/35\/2023\/11\/MEMENTO-ADMINISTRATIF-DE-LAGENT-CONTRACTUEL.pdf\" target=\"_blank\" rel=\"noreferrer noopener\">Vous pouvez t\u00e9l\u00e9charger  en cliquant ici un m\u00e9mento  administratif qui vous guidera au mieux dans le suivi de votre situation administrative et de votre r\u00e9mun\u00e9ration. <\/a><\/p>\n","protected":false},"excerpt":{"rendered":"<p>Vous pouvez t\u00e9l\u00e9charger en cliquant ici un m\u00e9mento administratif qui vous guidera au mieux dans le suivi de votre situation administrative et de votre r\u00e9mun\u00e9ration.<\/p>\n","protected":false},"author":55,"featured_media":0,"parent":0,"menu_order":0,"comment_status":"closed","ping_status":"closed","template":"","meta":{"ngg_post_thumbnail":0,"footnotes":""},"class_list":["post-590","page","type-page","status-publish","czr-hentry"],"publishpress_future_action":{"enabled":false,"date":"2026-04-29 19:59:27","action":"change-status","newStatus":"draft","terms":[],"taxonomy":"","extraData":[]},"publishpress_future_workflow_manual_trigger":{"enabledWorkflows":[]},"_links":{"self":[{"href":"https:\/\/pedagogie.ac-lille.fr\/ses\/wp-json\/wp\/v2\/pages\/590","targetHints":{"allow":["GET"]}}],"collection":[{"href":"https:\/\/pedagogie.ac-lille.fr\/ses\/wp-json\/wp\/v2\/pages"}],"about":[{"href":"https:\/\/pedagogie.ac-lille.fr\/ses\/wp-json\/wp\/v2\/types\/page"}],"author":[{"embeddable":true,"href":"https:\/\/pedagogie.ac-lille.fr\/ses\/wp-json\/wp\/v2\/users\/55"}],"replies":[{"embeddable":true,"href":"https:\/\/pedagogie.ac-lille.fr\/ses\/wp-json\/wp\/v2\/comments?post=590"}],"version-history":[{"count":6,"href":"https:\/\/pedagogie.ac-lille.fr\/ses\/wp-json\/wp\/v2\/pages\/590\/revisions"}],"predecessor-version":[{"id":984,"href":"https:\/\/pedagogie.ac-lille.fr\/ses\/wp-json\/wp\/v2\/pages\/590\/revisions\/984"}],"wp:attachment":[{"href":"https:\/\/pedagogie.ac-lille.fr\/ses\/wp-json\/wp\/v2\/media?parent=590"}],"curies":[{"name":"wp","href":"https:\/\/api.w.org\/{rel}","templated":true}]}}