{"id":592,"date":"2023-09-21T10:23:41","date_gmt":"2023-09-21T08:23:41","guid":{"rendered":"https:\/\/pedagogie.ac-lille.fr\/ses\/?page_id=592"},"modified":"2025-09-06T09:52:56","modified_gmt":"2025-09-06T07:52:56","slug":"decouvrons-notre-constitution","status":"publish","type":"page","link":"https:\/\/pedagogie.ac-lille.fr\/ses\/decouvrons-notre-constitution\/","title":{"rendered":"D\u00e9couvrons notre Constitution (\u00e9dition 2025\/2026)"},"content":{"rendered":"<div class=\"wp-block-image\">\n<figure class=\"aligncenter size-full is-resized\"><img loading=\"lazy\" decoding=\"async\" width=\"306\" height=\"85\" src=\"https:\/\/pedagogie.ac-lille.fr\/ses\/wp-content\/uploads\/sites\/35\/2024\/11\/2024-11-27-10_57_24-Concours-_Decouvrons-notre-Constitution_-_-Decouvrons-notre-constitution.jpg\" alt=\"\" class=\"wp-image-1525\" style=\"aspect-ratio:2;width:316px;height:auto\" srcset=\"https:\/\/pedagogie.ac-lille.fr\/ses\/wp-content\/uploads\/sites\/35\/2024\/11\/2024-11-27-10_57_24-Concours-_Decouvrons-notre-Constitution_-_-Decouvrons-notre-constitution.jpg 306w, https:\/\/pedagogie.ac-lille.fr\/ses\/wp-content\/uploads\/sites\/35\/2024\/11\/2024-11-27-10_57_24-Concours-_Decouvrons-notre-Constitution_-_-Decouvrons-notre-constitution-300x83.jpg 300w\" sizes=\"auto, (max-width: 306px) 100vw, 306px\" \/><\/figure>\n<\/div>\n\n\n<p>Ce concours, cr\u00e9\u00e9 \u00e0 l\u2019initiative du pr\u00e9sident du Conseil constitutionnel, est organis\u00e9 chaque ann\u00e9e depuis 2016. <\/p>\n\n\n\n<p>Ouvert aux classes du cycle 3 au lyc\u00e9e, il s\u2019adresse \u00e0 tous les \u00e9l\u00e8ves et vise \u00e0 leur faire comprendre le r\u00f4le de la Constitution dans l\u2019organisation de notre \u00c9tat de droit et celui du Conseil constitutionnel dans la d\u00e9finition et la garantie des principes et valeurs de la R\u00e9publique fran\u00e7aise.<\/p>\n\n\n\n<p>Le th\u00e8me retenu pour cette ann\u00e9e scolaire est \u00ab\u00a0L&rsquo;Etat de droit\u00a0\u00bb.<\/p>\n\n\n\n<p><a href=\"https:\/\/www.decouvronsnotreconstitution.fr\/concours-decouvrons-notre-constitution\" target=\"_blank\" rel=\"noreferrer noopener\">Vous pouvez acc\u00e9der \u00e0 des informations compl\u00e9mentaires  sur le site officiel en cliquant ici.<\/a><\/p>\n\n\n\n<p><\/p>\n","protected":false},"excerpt":{"rendered":"<p>Ce concours, cr\u00e9\u00e9 \u00e0 l\u2019initiative du pr\u00e9sident du Conseil constitutionnel, est organis\u00e9 chaque ann\u00e9e depuis 2016. Ouvert aux classes du cycle 3 au lyc\u00e9e, il s\u2019adresse \u00e0 tous les \u00e9l\u00e8ves et vise \u00e0 leur faire comprendre le r\u00f4le de la Constitution dans l\u2019organisation de notre \u00c9tat de droit et celui du Conseil constitutionnel dans la [&hellip;]<\/p>\n","protected":false},"author":55,"featured_media":0,"parent":0,"menu_order":0,"comment_status":"closed","ping_status":"closed","template":"","meta":{"ngg_post_thumbnail":0,"footnotes":""},"class_list":["post-592","page","type-page","status-publish","czr-hentry"],"publishpress_future_action":{"enabled":false,"date":"2026-04-29 19:59:12","action":"change-status","newStatus":"draft","terms":[],"taxonomy":"","extraData":[]},"publishpress_future_workflow_manual_trigger":{"enabledWorkflows":[]},"_links":{"self":[{"href":"https:\/\/pedagogie.ac-lille.fr\/ses\/wp-json\/wp\/v2\/pages\/592","targetHints":{"allow":["GET"]}}],"collection":[{"href":"https:\/\/pedagogie.ac-lille.fr\/ses\/wp-json\/wp\/v2\/pages"}],"about":[{"href":"https:\/\/pedagogie.ac-lille.fr\/ses\/wp-json\/wp\/v2\/types\/page"}],"author":[{"embeddable":true,"href":"https:\/\/pedagogie.ac-lille.fr\/ses\/wp-json\/wp\/v2\/users\/55"}],"replies":[{"embeddable":true,"href":"https:\/\/pedagogie.ac-lille.fr\/ses\/wp-json\/wp\/v2\/comments?post=592"}],"version-history":[{"count":13,"href":"https:\/\/pedagogie.ac-lille.fr\/ses\/wp-json\/wp\/v2\/pages\/592\/revisions"}],"predecessor-version":[{"id":1619,"href":"https:\/\/pedagogie.ac-lille.fr\/ses\/wp-json\/wp\/v2\/pages\/592\/revisions\/1619"}],"wp:attachment":[{"href":"https:\/\/pedagogie.ac-lille.fr\/ses\/wp-json\/wp\/v2\/media?parent=592"}],"curies":[{"name":"wp","href":"https:\/\/api.w.org\/{rel}","templated":true}]}}