{"id":651,"date":"2023-09-25T13:32:39","date_gmt":"2023-09-25T11:32:39","guid":{"rendered":"https:\/\/pedagogie.ac-lille.fr\/ses\/?page_id=651"},"modified":"2024-11-27T10:37:35","modified_gmt":"2024-11-27T09:37:35","slug":"concours-generation-euro-septembre-2023","status":"publish","type":"page","link":"https:\/\/pedagogie.ac-lille.fr\/ses\/concours-generation-euro-septembre-2023\/","title":{"rendered":"Concours G\u00e9n\u00e9ration \u20acuro (\u00e9dition 2024\/2025)"},"content":{"rendered":"\n<figure class=\"wp-block-image size-full\"><img loading=\"lazy\" decoding=\"async\" width=\"429\" height=\"254\" src=\"https:\/\/pedagogie.ac-lille.fr\/ses\/wp-content\/uploads\/sites\/35\/2023\/09\/generation-euro-.jpg\" alt=\"\" class=\"wp-image-652\" srcset=\"https:\/\/pedagogie.ac-lille.fr\/ses\/wp-content\/uploads\/sites\/35\/2023\/09\/generation-euro-.jpg 429w, https:\/\/pedagogie.ac-lille.fr\/ses\/wp-content\/uploads\/sites\/35\/2023\/09\/generation-euro--300x178.jpg 300w\" sizes=\"auto, (max-width: 429px) 100vw, 429px\" \/><\/figure>\n\n\n\n<p>La France participe au concours G\u00e9n\u00e9ration \u20acuro pour la cinqui\u00e8me fois, organis\u00e9 dans notre pays\u00a0par la Banque de France en partenariat avec le minist\u00e8re de l&rsquo;Education Nationale.<\/p>\n\n\n\n<p>Ce concours G\u00e9n\u00e9ration \u20acuro est organis\u00e9 par la Banque de France et est destin\u00e9 aux \u00e9l\u00e8ves de premi\u00e8re et terminale. Il est ax\u00e9 sur la politique mon\u00e9taire.<\/p>\n\n\n\n<p>Attention, l&rsquo;inscription commence le  04 octobre 2024.<\/p>\n\n\n\n<p><a href=\"https:\/\/www.generationeuro.eu\/fr-fr\/node\/364560\" target=\"_blank\" rel=\"noreferrer noopener\">Davantage d&rsquo;informations en cliquant ici. <\/a><\/p>\n\n\n\n<p><\/p>\n","protected":false},"excerpt":{"rendered":"<p>La France participe au concours G\u00e9n\u00e9ration \u20acuro pour la cinqui\u00e8me fois, organis\u00e9 dans notre pays\u00a0par la Banque de France en partenariat avec le minist\u00e8re de l&rsquo;Education Nationale. Ce concours G\u00e9n\u00e9ration \u20acuro est organis\u00e9 par la Banque de France et est destin\u00e9 aux \u00e9l\u00e8ves de premi\u00e8re et terminale. Il est ax\u00e9 sur la politique mon\u00e9taire. Attention, [&hellip;]<\/p>\n","protected":false},"author":55,"featured_media":0,"parent":0,"menu_order":0,"comment_status":"closed","ping_status":"closed","template":"","meta":{"ngg_post_thumbnail":0,"footnotes":""},"class_list":["post-651","page","type-page","status-publish","czr-hentry"],"publishpress_future_action":{"enabled":false,"date":"2026-04-29 19:59:11","action":"change-status","newStatus":"draft","terms":[],"taxonomy":"","extraData":[]},"publishpress_future_workflow_manual_trigger":{"enabledWorkflows":[]},"_links":{"self":[{"href":"https:\/\/pedagogie.ac-lille.fr\/ses\/wp-json\/wp\/v2\/pages\/651","targetHints":{"allow":["GET"]}}],"collection":[{"href":"https:\/\/pedagogie.ac-lille.fr\/ses\/wp-json\/wp\/v2\/pages"}],"about":[{"href":"https:\/\/pedagogie.ac-lille.fr\/ses\/wp-json\/wp\/v2\/types\/page"}],"author":[{"embeddable":true,"href":"https:\/\/pedagogie.ac-lille.fr\/ses\/wp-json\/wp\/v2\/users\/55"}],"replies":[{"embeddable":true,"href":"https:\/\/pedagogie.ac-lille.fr\/ses\/wp-json\/wp\/v2\/comments?post=651"}],"version-history":[{"count":6,"href":"https:\/\/pedagogie.ac-lille.fr\/ses\/wp-json\/wp\/v2\/pages\/651\/revisions"}],"predecessor-version":[{"id":1514,"href":"https:\/\/pedagogie.ac-lille.fr\/ses\/wp-json\/wp\/v2\/pages\/651\/revisions\/1514"}],"wp:attachment":[{"href":"https:\/\/pedagogie.ac-lille.fr\/ses\/wp-json\/wp\/v2\/media?parent=651"}],"curies":[{"name":"wp","href":"https:\/\/api.w.org\/{rel}","templated":true}]}}