{"id":656,"date":"2023-09-25T13:36:21","date_gmt":"2023-09-25T11:36:21","guid":{"rendered":"https:\/\/pedagogie.ac-lille.fr\/ses\/?page_id=656"},"modified":"2025-10-14T15:44:37","modified_gmt":"2025-10-14T13:44:37","slug":"competition-europeenne-de-statistiques-septembre-2023","status":"publish","type":"page","link":"https:\/\/pedagogie.ac-lille.fr\/ses\/competition-europeenne-de-statistiques-septembre-2023\/","title":{"rendered":"Comp\u00e9tition europ\u00e9enne de statistiques (\u00e9dition 2025\/2026)"},"content":{"rendered":"\n<figure class=\"wp-block-image size-full\"><img loading=\"lazy\" decoding=\"async\" width=\"945\" height=\"165\" src=\"https:\/\/pedagogie.ac-lille.fr\/ses\/wp-content\/uploads\/sites\/35\/2024\/10\/concours-statistiques.jpg\" alt=\"\" class=\"wp-image-1396\" srcset=\"https:\/\/pedagogie.ac-lille.fr\/ses\/wp-content\/uploads\/sites\/35\/2024\/10\/concours-statistiques.jpg 945w, https:\/\/pedagogie.ac-lille.fr\/ses\/wp-content\/uploads\/sites\/35\/2024\/10\/concours-statistiques-300x52.jpg 300w, https:\/\/pedagogie.ac-lille.fr\/ses\/wp-content\/uploads\/sites\/35\/2024\/10\/concours-statistiques-768x134.jpg 768w\" sizes=\"auto, (max-width: 945px) 100vw, 945px\" \/><\/figure>\n\n\n\n<p>La <a href=\"https:\/\/www.insee.fr\/fr\/information\/4495976\">Comp\u00e9tition europ\u00e9enne de statistiques<\/a> est propos\u00e9e chaque ann\u00e9e depuis 2017 par Eurostat, l\u2019office statistique europ\u00e9en. Elle confronte des \u00e9l\u00e8ves d\u2019une vingtaine de pays de l\u2019Union europ\u00e9enne. <\/p>\n\n\n\n<p>L\u2019Insee organise les \u00e9preuves fran\u00e7aises avec le concours du minist\u00e8re de l\u2019\u00c9ducation nationale et de la Jeunesse, de la Soci\u00e9t\u00e9 fran\u00e7aise de Statistique (SFdS) et de la Cit\u00e9 de l\u2019\u00c9conomie (Cit\u00e9co).<\/p>\n\n\n\n<p><strong>Les inscriptions sont ouvertes du 13 octobre au 23 novembre 2025.<\/strong><\/p>\n\n\n\n<p>Pour exemple, voici les <strong>r\u00e9sultats de l&rsquo;\u00e9dition 2022-2023<\/strong> de cette comp\u00e9tition dont le th\u00e8me \u00e9tait <strong>\u00ab\u00a0les pratiques physiques et sportives des Fran\u00e7ais\u00a0\u00bb.<\/strong><\/p>\n\n\n\n<p>Vous pouvez cliquer sur le nom de l\u2019\u00e9quipe et du  lyc\u00e9e afin de d\u00e9couvrir leur production finale.<\/p>\n\n\n\n<p><a href=\"http:\/\/pedagogie.ac-lille.fr\/ses\/wp-content\/uploads\/sites\/35\/2024\/05\/MATOS.pdf\" target=\"_blank\" rel=\"noreferrer noopener\">L\u2019\u00e9quipe MATOS est la gagnante de l\u2019\u00e9tape fran\u00e7aise de la comp\u00e9tition europ\u00e9enne de statistiques 2023-2024. Cette \u00e9quipe du lyc\u00e9e Germaine Tillion du Bourget (93), acad\u00e9mie de Cr\u00e9teil, est compos\u00e9e de 3 \u00e9l\u00e8ves encadr\u00e9s par leur professeure de sciences \u00e9conomiques et sociales.<\/a><\/p>\n\n\n\n<p><a href=\"http:\/\/pedagogie.ac-lille.fr\/ses\/wp-content\/uploads\/sites\/35\/2024\/05\/BELGAUSS.pdf\" target=\"_blank\" rel=\"noreferrer noopener\">L&rsquo;\u00e9quipe BELGAUSS, du lyc\u00e9e Henri IV de Paris (75), acad\u00e9mie de Paris, compos\u00e9e de 2 \u00e9l\u00e8ves.<\/a><br><a href=\"http:\/\/pedagogie.ac-lille.fr\/ses\/wp-content\/uploads\/sites\/35\/2024\/05\/VAUGELAS.pdf\" target=\"_blank\" rel=\"noreferrer noopener\">L&rsquo;\u00e9quipe VAUGELAS, du lyc\u00e9e Vaugelas de Chamb\u00e9ry (73), acad\u00e9mie de Grenoble, compos\u00e9e de 3 \u00e9l\u00e8ves.<\/a><br><a href=\"http:\/\/pedagogie.ac-lille.fr\/ses\/wp-content\/uploads\/sites\/35\/2024\/05\/BELLIGOL.pdf\" target=\"_blank\" rel=\"noreferrer noopener\">L&rsquo;\u00e9quipe BELLIGOL, du lyc\u00e9e Pierre Larousse de Toucy (89), acad\u00e9mie de Dijon, compos\u00e9e de 3 \u00e9l\u00e8ves.<\/a><br><a href=\"http:\/\/pedagogie.ac-lille.fr\/ses\/wp-content\/uploads\/sites\/35\/2024\/05\/PIXIS.pdf\" target=\"_blank\" rel=\"noreferrer noopener\">L&rsquo;\u00e9quipe PIXIS, du lyc\u00e9e Jos\u00e9phine Baker de Toulouse (31), acad\u00e9mie de Toulouse, compos\u00e9e de 2 \u00e9l\u00e8ves.<\/a><\/p>\n\n\n\n<p>F\u00e9licitations \u00e0 tous les participants pour la qualit\u00e9 de leur travail et de leurs analyses.<\/p>\n\n\n\n<p><\/p>\n","protected":false},"excerpt":{"rendered":"<p>La Comp\u00e9tition europ\u00e9enne de statistiques est propos\u00e9e chaque ann\u00e9e depuis 2017 par Eurostat, l\u2019office statistique europ\u00e9en. Elle confronte des \u00e9l\u00e8ves d\u2019une vingtaine de pays de l\u2019Union europ\u00e9enne. L\u2019Insee organise les \u00e9preuves fran\u00e7aises avec le concours du minist\u00e8re de l\u2019\u00c9ducation nationale et de la Jeunesse, de la Soci\u00e9t\u00e9 fran\u00e7aise de Statistique (SFdS) et de la Cit\u00e9 [&hellip;]<\/p>\n","protected":false},"author":55,"featured_media":0,"parent":0,"menu_order":0,"comment_status":"closed","ping_status":"closed","template":"","meta":{"ngg_post_thumbnail":0,"footnotes":""},"class_list":["post-656","page","type-page","status-publish","czr-hentry"],"publishpress_future_action":{"enabled":false,"date":"2026-04-29 19:59:07","action":"change-status","newStatus":"draft","terms":[],"taxonomy":"","extraData":[]},"publishpress_future_workflow_manual_trigger":{"enabledWorkflows":[]},"_links":{"self":[{"href":"https:\/\/pedagogie.ac-lille.fr\/ses\/wp-json\/wp\/v2\/pages\/656","targetHints":{"allow":["GET"]}}],"collection":[{"href":"https:\/\/pedagogie.ac-lille.fr\/ses\/wp-json\/wp\/v2\/pages"}],"about":[{"href":"https:\/\/pedagogie.ac-lille.fr\/ses\/wp-json\/wp\/v2\/types\/page"}],"author":[{"embeddable":true,"href":"https:\/\/pedagogie.ac-lille.fr\/ses\/wp-json\/wp\/v2\/users\/55"}],"replies":[{"embeddable":true,"href":"https:\/\/pedagogie.ac-lille.fr\/ses\/wp-json\/wp\/v2\/comments?post=656"}],"version-history":[{"count":14,"href":"https:\/\/pedagogie.ac-lille.fr\/ses\/wp-json\/wp\/v2\/pages\/656\/revisions"}],"predecessor-version":[{"id":1624,"href":"https:\/\/pedagogie.ac-lille.fr\/ses\/wp-json\/wp\/v2\/pages\/656\/revisions\/1624"}],"wp:attachment":[{"href":"https:\/\/pedagogie.ac-lille.fr\/ses\/wp-json\/wp\/v2\/media?parent=656"}],"curies":[{"name":"wp","href":"https:\/\/api.w.org\/{rel}","templated":true}]}}