{"id":748,"date":"2023-09-30T07:30:50","date_gmt":"2023-09-30T05:30:50","guid":{"rendered":"https:\/\/pedagogie.ac-lille.fr\/ses\/?page_id=748"},"modified":"2023-10-14T11:22:30","modified_gmt":"2023-10-14T09:22:30","slug":"des-mots-places-pour-reviser","status":"publish","type":"page","link":"https:\/\/pedagogie.ac-lille.fr\/ses\/des-mots-places-pour-reviser\/","title":{"rendered":"Des mots plac\u00e9s pour r\u00e9viser"},"content":{"rendered":"<div class=\"wp-block-image\">\n<figure class=\"aligncenter size-full is-resized\"><img loading=\"lazy\" decoding=\"async\" width=\"617\" height=\"282\" src=\"https:\/\/pedagogie.ac-lille.fr\/ses\/wp-content\/uploads\/sites\/35\/2023\/09\/puzzlemaker.jpg\" alt=\"\" class=\"wp-image-751\" style=\"width:352px;height:161px\" srcset=\"https:\/\/pedagogie.ac-lille.fr\/ses\/wp-content\/uploads\/sites\/35\/2023\/09\/puzzlemaker.jpg 617w, https:\/\/pedagogie.ac-lille.fr\/ses\/wp-content\/uploads\/sites\/35\/2023\/09\/puzzlemaker-300x137.jpg 300w, https:\/\/pedagogie.ac-lille.fr\/ses\/wp-content\/uploads\/sites\/35\/2023\/09\/puzzlemaker-517x235.jpg 517w\" sizes=\"auto, (max-width: 617px) 100vw, 617px\" \/><\/figure>\n<\/div>\n\n\n<p>Puzzlemaker est un logiciel en ligne (pas d\u2019installation) qui permet de r\u00e9aliser des mots plac\u00e9s tr\u00e8s facilement, &nbsp;gratuitement et rapidement.<\/p>\n\n\n\n<p>Voici un exemple de r\u00e9sultat<\/p>\n\n\n\n<figure class=\"wp-block-image size-large\"><img loading=\"lazy\" decoding=\"async\" width=\"1024\" height=\"618\" src=\"https:\/\/pedagogie.ac-lille.fr\/ses\/wp-content\/uploads\/sites\/35\/2023\/09\/exemple1-1024x618.jpg\" alt=\"\" class=\"wp-image-754\" srcset=\"https:\/\/pedagogie.ac-lille.fr\/ses\/wp-content\/uploads\/sites\/35\/2023\/09\/exemple1-1024x618.jpg 1024w, https:\/\/pedagogie.ac-lille.fr\/ses\/wp-content\/uploads\/sites\/35\/2023\/09\/exemple1-300x181.jpg 300w, https:\/\/pedagogie.ac-lille.fr\/ses\/wp-content\/uploads\/sites\/35\/2023\/09\/exemple1-768x463.jpg 768w, https:\/\/pedagogie.ac-lille.fr\/ses\/wp-content\/uploads\/sites\/35\/2023\/09\/exemple1.jpg 1205w\" sizes=\"auto, (max-width: 1024px) 100vw, 1024px\" \/><\/figure>\n\n\n\n<p><a href=\"http:\/\/pedagogie.ac-lille.fr\/ses\/wp-content\/uploads\/sites\/35\/2023\/09\/faire-des-MOTS-PLACES.pdf\" target=\"_blank\" rel=\"noreferrer noopener\">Vous trouverez la d\u00e9marche en fichier pdf en cliquant ici<\/a>. Il suffit maintenant de se lancer\u2026<\/p>\n","protected":false},"excerpt":{"rendered":"<p>Puzzlemaker est un logiciel en ligne (pas d\u2019installation) qui permet de r\u00e9aliser des mots plac\u00e9s tr\u00e8s facilement, &nbsp;gratuitement et rapidement. Voici un exemple de r\u00e9sultat Vous trouverez la d\u00e9marche en fichier pdf en cliquant ici. Il suffit maintenant de se lancer\u2026<\/p>\n","protected":false},"author":55,"featured_media":0,"parent":0,"menu_order":0,"comment_status":"closed","ping_status":"closed","template":"","meta":{"ngg_post_thumbnail":0,"footnotes":""},"class_list":["post-748","page","type-page","status-publish","czr-hentry"],"publishpress_future_action":{"enabled":false,"date":"2026-04-29 19:59:28","action":"change-status","newStatus":"draft","terms":[],"taxonomy":"","extraData":[]},"publishpress_future_workflow_manual_trigger":{"enabledWorkflows":[]},"_links":{"self":[{"href":"https:\/\/pedagogie.ac-lille.fr\/ses\/wp-json\/wp\/v2\/pages\/748","targetHints":{"allow":["GET"]}}],"collection":[{"href":"https:\/\/pedagogie.ac-lille.fr\/ses\/wp-json\/wp\/v2\/pages"}],"about":[{"href":"https:\/\/pedagogie.ac-lille.fr\/ses\/wp-json\/wp\/v2\/types\/page"}],"author":[{"embeddable":true,"href":"https:\/\/pedagogie.ac-lille.fr\/ses\/wp-json\/wp\/v2\/users\/55"}],"replies":[{"embeddable":true,"href":"https:\/\/pedagogie.ac-lille.fr\/ses\/wp-json\/wp\/v2\/comments?post=748"}],"version-history":[{"count":5,"href":"https:\/\/pedagogie.ac-lille.fr\/ses\/wp-json\/wp\/v2\/pages\/748\/revisions"}],"predecessor-version":[{"id":949,"href":"https:\/\/pedagogie.ac-lille.fr\/ses\/wp-json\/wp\/v2\/pages\/748\/revisions\/949"}],"wp:attachment":[{"href":"https:\/\/pedagogie.ac-lille.fr\/ses\/wp-json\/wp\/v2\/media?parent=748"}],"curies":[{"name":"wp","href":"https:\/\/api.w.org\/{rel}","templated":true}]}}