{"id":768,"date":"2023-10-01T15:54:47","date_gmt":"2023-10-01T13:54:47","guid":{"rendered":"https:\/\/pedagogie.ac-lille.fr\/ses\/?page_id=768"},"modified":"2023-10-14T11:23:56","modified_gmt":"2023-10-14T09:23:56","slug":"la-digitale-des-outils-pour-leducation","status":"publish","type":"page","link":"https:\/\/pedagogie.ac-lille.fr\/ses\/la-digitale-des-outils-pour-leducation\/","title":{"rendered":"La digitale&#8230; des outils pour l&rsquo;\u00e9ducation"},"content":{"rendered":"<div class=\"wp-block-image\">\n<figure class=\"aligncenter size-full is-resized\"><img loading=\"lazy\" decoding=\"async\" width=\"1025\" height=\"357\" src=\"https:\/\/pedagogie.ac-lille.fr\/ses\/wp-content\/uploads\/sites\/35\/2023\/10\/2023-10-01_15h50_04.jpg\" alt=\"\" class=\"wp-image-769\" style=\"width:464px;height:162px\" srcset=\"https:\/\/pedagogie.ac-lille.fr\/ses\/wp-content\/uploads\/sites\/35\/2023\/10\/2023-10-01_15h50_04.jpg 1025w, https:\/\/pedagogie.ac-lille.fr\/ses\/wp-content\/uploads\/sites\/35\/2023\/10\/2023-10-01_15h50_04-300x104.jpg 300w, https:\/\/pedagogie.ac-lille.fr\/ses\/wp-content\/uploads\/sites\/35\/2023\/10\/2023-10-01_15h50_04-768x267.jpg 768w\" sizes=\"auto, (max-width: 1025px) 100vw, 1025px\" \/><\/figure>\n<\/div>\n\n\n<p>Dans sa volont\u00e9 d&rsquo;\u00eatre utile \u00e0 la communaut\u00e9 \u00e9ducative, <strong>La Digitale<\/strong> propose des outils num\u00e9riques <strong>responsables<\/strong> et <strong>gratuits<\/strong> pour accompagner les processus d&rsquo;<strong>enseignement<\/strong> et d&rsquo;<strong>apprentissage<\/strong> en pr\u00e9sence et \u00e0 distance.<\/p>\n\n\n\n<p><a href=\"https:\/\/ladigitale.dev\/\" data-type=\"link\" data-id=\"https:\/\/ladigitale.dev\/\" target=\"_blank\" rel=\"noreferrer noopener\">A  essayer sans mod\u00e9rations car c&rsquo;est 100 %  RGPD ! <\/a><\/p>\n","protected":false},"excerpt":{"rendered":"<p>Dans sa volont\u00e9 d&rsquo;\u00eatre utile \u00e0 la communaut\u00e9 \u00e9ducative, La Digitale propose des outils num\u00e9riques responsables et gratuits pour accompagner les processus d&rsquo;enseignement et d&rsquo;apprentissage en pr\u00e9sence et \u00e0 distance. A essayer sans mod\u00e9rations car c&rsquo;est 100 % RGPD !<\/p>\n","protected":false},"author":55,"featured_media":0,"parent":0,"menu_order":0,"comment_status":"closed","ping_status":"closed","template":"","meta":{"ngg_post_thumbnail":0,"footnotes":""},"class_list":["post-768","page","type-page","status-publish","czr-hentry"],"publishpress_future_action":{"enabled":false,"date":"2026-04-29 19:59:12","action":"change-status","newStatus":"draft","terms":[],"taxonomy":"","extraData":[]},"publishpress_future_workflow_manual_trigger":{"enabledWorkflows":[]},"_links":{"self":[{"href":"https:\/\/pedagogie.ac-lille.fr\/ses\/wp-json\/wp\/v2\/pages\/768","targetHints":{"allow":["GET"]}}],"collection":[{"href":"https:\/\/pedagogie.ac-lille.fr\/ses\/wp-json\/wp\/v2\/pages"}],"about":[{"href":"https:\/\/pedagogie.ac-lille.fr\/ses\/wp-json\/wp\/v2\/types\/page"}],"author":[{"embeddable":true,"href":"https:\/\/pedagogie.ac-lille.fr\/ses\/wp-json\/wp\/v2\/users\/55"}],"replies":[{"embeddable":true,"href":"https:\/\/pedagogie.ac-lille.fr\/ses\/wp-json\/wp\/v2\/comments?post=768"}],"version-history":[{"count":2,"href":"https:\/\/pedagogie.ac-lille.fr\/ses\/wp-json\/wp\/v2\/pages\/768\/revisions"}],"predecessor-version":[{"id":953,"href":"https:\/\/pedagogie.ac-lille.fr\/ses\/wp-json\/wp\/v2\/pages\/768\/revisions\/953"}],"wp:attachment":[{"href":"https:\/\/pedagogie.ac-lille.fr\/ses\/wp-json\/wp\/v2\/media?parent=768"}],"curies":[{"name":"wp","href":"https:\/\/api.w.org\/{rel}","templated":true}]}}