{"id":785,"date":"2023-10-05T08:40:34","date_gmt":"2023-10-05T06:40:34","guid":{"rendered":"https:\/\/pedagogie.ac-lille.fr\/ses\/?page_id=785"},"modified":"2023-10-14T11:29:06","modified_gmt":"2023-10-14T09:29:06","slug":"savoir-utiliser-le-logiciel-learning-apps","status":"publish","type":"page","link":"https:\/\/pedagogie.ac-lille.fr\/ses\/savoir-utiliser-le-logiciel-learning-apps\/","title":{"rendered":"Savoir utiliser le logiciel Learning Apps"},"content":{"rendered":"\n<figure class=\"wp-block-image size-full is-resized\"><img loading=\"lazy\" decoding=\"async\" width=\"927\" height=\"171\" src=\"https:\/\/pedagogie.ac-lille.fr\/ses\/wp-content\/uploads\/sites\/35\/2023\/10\/leearning-apps.jpg\" alt=\"\" class=\"wp-image-786\" style=\"width:683px;height:126px\" srcset=\"https:\/\/pedagogie.ac-lille.fr\/ses\/wp-content\/uploads\/sites\/35\/2023\/10\/leearning-apps.jpg 927w, https:\/\/pedagogie.ac-lille.fr\/ses\/wp-content\/uploads\/sites\/35\/2023\/10\/leearning-apps-300x55.jpg 300w, https:\/\/pedagogie.ac-lille.fr\/ses\/wp-content\/uploads\/sites\/35\/2023\/10\/leearning-apps-768x142.jpg 768w\" sizes=\"auto, (max-width: 927px) 100vw, 927px\" \/><\/figure>\n\n\n\n<p>LearningApps est un site Internet GRATUIT proposant une vingtaine de modules d\u2019exercices en ligne interactifs, allant des classiques QCM ou mots crois\u00e9s \u00e0 des activit\u00e9s plus originales comme la vid\u00e9o avec insertion qui permet d\u2019ins\u00e9rer des questions directement lors de la lecture d\u2019une vid\u00e9o.<\/p>\n\n\n\n<p><a href=\"https:\/\/learningapps.org\/index.php?overview&amp;s=&amp;category=0&amp;tool=\" data-type=\"link\" data-id=\"https:\/\/learningapps.org\/index.php?overview&amp;s=&amp;category=0&amp;tool=\" target=\"_blank\" rel=\"noreferrer noopener\">Pour utiliser LearningApps, il suffit de se cr\u00e9er un compte.<\/a><\/p>\n\n\n\n<p><br>Vous avez ensuite deux possibilit\u00e9s&nbsp;: soit vous cr\u00e9ez enti\u00e8rement un exercice \u00e0 partir des mod\u00e8les propos\u00e9s de mani\u00e8re totalement enti\u00e8rement intuitive soit vous&nbsp; modifiez des &nbsp;exercices originaux d\u00e9j\u00e0 cr\u00e9\u00e9s.<\/p>\n\n\n\n<p>Une fois, l\u2019exercice cr\u00e9\u00e9, il suffit d\u2019envoyer le lien hypertexte ou le QR-Code \u00e0 vos \u00e9l\u00e8ves.<\/p>\n\n\n\n<p>Voici des exemples d\u2019exercices possibles.<\/p>\n\n\n\n<ul class=\"wp-block-list\">\n<li><a href=\"https:\/\/learningapps.org\/display?v=pukpatn9c20\" data-type=\"link\" data-id=\"https:\/\/learningapps.org\/display?v=pukpatn9c20\" target=\"_blank\" rel=\"noreferrer noopener\">un exemple de mots plac\u00e9s sur le chapitre introductif de Seconde<\/a><\/li>\n\n\n\n<li><a href=\"https:\/\/learningapps.org\/display?v=pbe26ruk517\" data-type=\"link\" data-id=\"https:\/\/learningapps.org\/display?v=pbe26ruk517\" target=\"_blank\" rel=\"noreferrer noopener\">un texte \u00e0 trous sur la notion d&rsquo;\u00e9galit\u00e9 en terminale<\/a><\/li>\n<\/ul>\n\n\n\n<p><strong>INCONV\u00c9NIENTS<\/strong>&nbsp;: on ne sait pas si l\u2019\u00e9l\u00e8ve a r\u00e9ellement fait l\u2019exercice de r\u00e9vision&nbsp;; pas possible de r\u00e9cup\u00e9rer des notes.<\/p>\n\n\n\n<p><strong>AVANTAGES <\/strong>: gratuit, tr\u00e8s grande vari\u00e9t\u00e9 des exercices, site fiable et p\u00e9renne , donc on peut stocker nos exercices pendant plusieurs ann\u00e9es pour rentabiliser les efforts.<\/p>\n","protected":false},"excerpt":{"rendered":"<p>LearningApps est un site Internet GRATUIT proposant une vingtaine de modules d\u2019exercices en ligne interactifs, allant des classiques QCM ou mots crois\u00e9s \u00e0 des activit\u00e9s plus originales comme la vid\u00e9o avec insertion qui permet d\u2019ins\u00e9rer des questions directement lors de la lecture d\u2019une vid\u00e9o. Pour utiliser LearningApps, il suffit de se cr\u00e9er un compte. Vous [&hellip;]<\/p>\n","protected":false},"author":55,"featured_media":0,"parent":0,"menu_order":0,"comment_status":"closed","ping_status":"closed","template":"","meta":{"ngg_post_thumbnail":0,"footnotes":""},"class_list":["post-785","page","type-page","status-publish","czr-hentry"],"publishpress_future_action":{"enabled":false,"date":"2026-04-29 19:59:27","action":"change-status","newStatus":"draft","terms":[],"taxonomy":"","extraData":[]},"publishpress_future_workflow_manual_trigger":{"enabledWorkflows":[]},"_links":{"self":[{"href":"https:\/\/pedagogie.ac-lille.fr\/ses\/wp-json\/wp\/v2\/pages\/785","targetHints":{"allow":["GET"]}}],"collection":[{"href":"https:\/\/pedagogie.ac-lille.fr\/ses\/wp-json\/wp\/v2\/pages"}],"about":[{"href":"https:\/\/pedagogie.ac-lille.fr\/ses\/wp-json\/wp\/v2\/types\/page"}],"author":[{"embeddable":true,"href":"https:\/\/pedagogie.ac-lille.fr\/ses\/wp-json\/wp\/v2\/users\/55"}],"replies":[{"embeddable":true,"href":"https:\/\/pedagogie.ac-lille.fr\/ses\/wp-json\/wp\/v2\/comments?post=785"}],"version-history":[{"count":12,"href":"https:\/\/pedagogie.ac-lille.fr\/ses\/wp-json\/wp\/v2\/pages\/785\/revisions"}],"predecessor-version":[{"id":960,"href":"https:\/\/pedagogie.ac-lille.fr\/ses\/wp-json\/wp\/v2\/pages\/785\/revisions\/960"}],"wp:attachment":[{"href":"https:\/\/pedagogie.ac-lille.fr\/ses\/wp-json\/wp\/v2\/media?parent=785"}],"curies":[{"name":"wp","href":"https:\/\/api.w.org\/{rel}","templated":true}]}}