{"id":796,"date":"2023-10-05T09:01:00","date_gmt":"2023-10-05T07:01:00","guid":{"rendered":"https:\/\/pedagogie.ac-lille.fr\/ses\/?page_id=796"},"modified":"2024-11-27T10:40:33","modified_gmt":"2024-11-27T09:40:33","slug":"concours-du-campus-de-linnovation-edition-2023","status":"publish","type":"page","link":"https:\/\/pedagogie.ac-lille.fr\/ses\/concours-du-campus-de-linnovation-edition-2023\/","title":{"rendered":"Concours du Coll\u00e8ge de France (\u00e9dition 2024\/2025)"},"content":{"rendered":"\n<figure class=\"wp-block-image size-large is-resized\"><img loading=\"lazy\" decoding=\"async\" width=\"1024\" height=\"373\" src=\"https:\/\/pedagogie.ac-lille.fr\/ses\/wp-content\/uploads\/sites\/35\/2023\/10\/college-de-france-2023-1024x373.jpg\" alt=\"\" class=\"wp-image-798\" style=\"width:639px;height:auto\" srcset=\"https:\/\/pedagogie.ac-lille.fr\/ses\/wp-content\/uploads\/sites\/35\/2023\/10\/college-de-france-2023-1024x373.jpg 1024w, https:\/\/pedagogie.ac-lille.fr\/ses\/wp-content\/uploads\/sites\/35\/2023\/10\/college-de-france-2023-300x109.jpg 300w, https:\/\/pedagogie.ac-lille.fr\/ses\/wp-content\/uploads\/sites\/35\/2023\/10\/college-de-france-2023-768x280.jpg 768w, https:\/\/pedagogie.ac-lille.fr\/ses\/wp-content\/uploads\/sites\/35\/2023\/10\/college-de-france-2023.jpg 1108w\" sizes=\"auto, (max-width: 1024px) 100vw, 1024px\" \/><\/figure>\n\n\n\n<p><\/p>\n\n\n\n<p>Le Campus de l&rsquo;Innovation lance en 2024 la troisi\u00e8me \u00e9dition de son concours de SES, destin\u00e9 aux \u00e9l\u00e8ves de Premi\u00e8re. <strong>Les inscriptions sont ouvertes du 23 septembre au 12 octobre 2024.<\/strong><\/p>\n\n\n\n<p>Le th\u00e8me reste inchang\u00e9  : <em>Les SES au c\u0153ur de mon quotidien : la d\u00e9marche scientifique \u00e0 l\u2019\u00e9preuve des faits.<\/em><\/p>\n\n\n\n<p><a href=\"http:\/\/pedagogie.ac-lille.fr\/ses\/wp-content\/uploads\/sites\/35\/2024\/09\/Flyer-Concours-de-SES-college-de-france-2024.pdf\" target=\"_blank\" rel=\"noreferrer noopener\">Pour plus d&rsquo;informations, consultez le flyer en cliquant ici.<\/a><\/p>\n\n\n\n<p><\/p>\n\n\n\n<p>En 2023, plus de 400 lyc\u00e9ens r\u00e9partis en 117 \u00e9quipes et issus de 40 \u00e9tablissements ont particip\u00e9 \u00e0 cette r\u00e9flexion dont voici les r\u00e9sultats.<\/p>\n\n\n\n<p><strong>1\u00e8re place<\/strong> : Lyc\u00e9e Isma\u00ebl Dauphin, \u00e0 Cavaillon (Comprendre, a\u0300 l\u2019aide d\u2019exemples, les principales sources du pouvoir de marche\u0301). <a href=\"https:\/\/drive.google.com\/drive\/folders\/11o4LYqK0-TiOZDJytSm-gnWmOkzCuRsJ\" target=\"_blank\" rel=\"noreferrer noopener\">(vid\u00e9o en cliquant ici)<\/a><\/p>\n\n\n\n<p><strong>2\u00e8me place<\/strong> : Cit\u00e9 scolaire Frison-Roches, \u00e0 Chamonix Mont-Blanc (l\u2019assurance dans le monde de l\u2019alpinisme) <a href=\"https:\/\/www.youtube.com\/watch?v=giFSBchAZVI\" target=\"_blank\" rel=\"noreferrer noopener\">(vid\u00e9o accessible ici) <\/a><br><\/p>\n\n\n\n<p><strong>3\u00e8me place (ex-aequo)<\/strong> : Lyc\u00e9e Sud des Landes, \u00e0 Saint-Vincent de Tyrosse (La production de ma\u00efs dans les Landes et les externalit\u00e9s n\u00e9gatives associ\u00e9es) <a href=\"https:\/\/drive.google.com\/drive\/folders\/1XTkf0wrNbKXOC0vaLtO_39QUTtQPmGCL\" target=\"_blank\" rel=\"noreferrer noopener\">(vid\u00e9o accessible ici)<\/a><br><\/p>\n\n\n\n<p><strong>3\u00e8me place (ex-aequo)<\/strong> : Lyc\u00e9e du Bugey, \u00e0 Belley (L\u2019Oligopole) <a href=\"https:\/\/tube-arts-lettres-sciences-humaines.apps.education.fr\/w\/u8VDJqHUhbPYaZpJVhmqZj\" target=\"_blank\" rel=\"noreferrer noopener\">le jeu de soci\u00e9t\u00e9 et la vid\u00e9o associ\u00e9e ici<\/a><\/p>\n\n\n\n<p><\/p>\n","protected":false},"excerpt":{"rendered":"<p>Le Campus de l&rsquo;Innovation lance en 2024 la troisi\u00e8me \u00e9dition de son concours de SES, destin\u00e9 aux \u00e9l\u00e8ves de Premi\u00e8re. Les inscriptions sont ouvertes du 23 septembre au 12 octobre 2024. Le th\u00e8me reste inchang\u00e9 : Les SES au c\u0153ur de mon quotidien : la d\u00e9marche scientifique \u00e0 l\u2019\u00e9preuve des faits. Pour plus d&rsquo;informations, consultez [&hellip;]<\/p>\n","protected":false},"author":55,"featured_media":0,"parent":0,"menu_order":0,"comment_status":"closed","ping_status":"closed","template":"","meta":{"ngg_post_thumbnail":0,"footnotes":""},"class_list":["post-796","page","type-page","status-publish","czr-hentry"],"publishpress_future_action":{"enabled":false,"date":"2026-04-29 19:59:06","action":"change-status","newStatus":"draft","terms":[],"taxonomy":"","extraData":[]},"publishpress_future_workflow_manual_trigger":{"enabledWorkflows":[]},"_links":{"self":[{"href":"https:\/\/pedagogie.ac-lille.fr\/ses\/wp-json\/wp\/v2\/pages\/796","targetHints":{"allow":["GET"]}}],"collection":[{"href":"https:\/\/pedagogie.ac-lille.fr\/ses\/wp-json\/wp\/v2\/pages"}],"about":[{"href":"https:\/\/pedagogie.ac-lille.fr\/ses\/wp-json\/wp\/v2\/types\/page"}],"author":[{"embeddable":true,"href":"https:\/\/pedagogie.ac-lille.fr\/ses\/wp-json\/wp\/v2\/users\/55"}],"replies":[{"embeddable":true,"href":"https:\/\/pedagogie.ac-lille.fr\/ses\/wp-json\/wp\/v2\/comments?post=796"}],"version-history":[{"count":14,"href":"https:\/\/pedagogie.ac-lille.fr\/ses\/wp-json\/wp\/v2\/pages\/796\/revisions"}],"predecessor-version":[{"id":1518,"href":"https:\/\/pedagogie.ac-lille.fr\/ses\/wp-json\/wp\/v2\/pages\/796\/revisions\/1518"}],"wp:attachment":[{"href":"https:\/\/pedagogie.ac-lille.fr\/ses\/wp-json\/wp\/v2\/media?parent=796"}],"curies":[{"name":"wp","href":"https:\/\/api.w.org\/{rel}","templated":true}]}}