{"id":834,"date":"2023-10-07T07:02:39","date_gmt":"2023-10-07T05:02:39","guid":{"rendered":"https:\/\/pedagogie.ac-lille.fr\/ses\/?page_id=834"},"modified":"2023-10-14T11:29:30","modified_gmt":"2023-10-14T09:29:30","slug":"ses-webclass","status":"publish","type":"page","link":"https:\/\/pedagogie.ac-lille.fr\/ses\/ses-webclass\/","title":{"rendered":"SES.Webclass"},"content":{"rendered":"<div class=\"wp-block-image\">\n<figure class=\"aligncenter size-full is-resized\"><img loading=\"lazy\" decoding=\"async\" width=\"416\" height=\"224\" src=\"https:\/\/pedagogie.ac-lille.fr\/ses\/wp-content\/uploads\/sites\/35\/2023\/10\/webclass.jpg\" alt=\"\" class=\"wp-image-835\" style=\"width:437px;height:153px\" srcset=\"https:\/\/pedagogie.ac-lille.fr\/ses\/wp-content\/uploads\/sites\/35\/2023\/10\/webclass.jpg 416w, https:\/\/pedagogie.ac-lille.fr\/ses\/wp-content\/uploads\/sites\/35\/2023\/10\/webclass-300x162.jpg 300w\" sizes=\"auto, (max-width: 416px) 100vw, 416px\" \/><\/figure>\n<\/div>\n\n\n<p>SES.Webclass offre des ressources en Sciences Economiques et Sociales pour l&rsquo;enseignement de sp\u00e9cialit\u00e9 de SES au baccalaur\u00e9at.  Il est r\u00e9alis\u00e9 par des enseignants de l&rsquo;acad\u00e9mie de Lyon, avec le soutien de l&rsquo;inspection p\u00e9dagogique de SES, du r\u00e9seau Canop\u00e9, et de la DANE<\/p>\n\n\n\n<p>Vous pouvez y trouver des extraits de journaux t\u00e9l\u00e9vis\u00e9s de France 2  class\u00e9s par th\u00e8mes et niveaux <a href=\"https:\/\/ses.webclass.fr\/extraits-jt\/\" data-type=\"link\" data-id=\"https:\/\/ses.webclass.fr\/extraits-jt\/\" target=\"_blank\" rel=\"noreferrer noopener\">en cliquant ici<\/a><\/p>\n","protected":false},"excerpt":{"rendered":"<p>SES.Webclass offre des ressources en Sciences Economiques et Sociales pour l&rsquo;enseignement de sp\u00e9cialit\u00e9 de SES au baccalaur\u00e9at. Il est r\u00e9alis\u00e9 par des enseignants de l&rsquo;acad\u00e9mie de Lyon, avec le soutien de l&rsquo;inspection p\u00e9dagogique de SES, du r\u00e9seau Canop\u00e9, et de la DANE Vous pouvez y trouver des extraits de journaux t\u00e9l\u00e9vis\u00e9s de France 2 class\u00e9s [&hellip;]<\/p>\n","protected":false},"author":55,"featured_media":0,"parent":0,"menu_order":0,"comment_status":"closed","ping_status":"closed","template":"","meta":{"ngg_post_thumbnail":0,"footnotes":""},"class_list":["post-834","page","type-page","status-publish","czr-hentry"],"publishpress_future_action":{"enabled":false,"date":"2026-04-29 19:59:12","action":"change-status","newStatus":"draft","terms":[],"taxonomy":"","extraData":[]},"publishpress_future_workflow_manual_trigger":{"enabledWorkflows":[]},"_links":{"self":[{"href":"https:\/\/pedagogie.ac-lille.fr\/ses\/wp-json\/wp\/v2\/pages\/834","targetHints":{"allow":["GET"]}}],"collection":[{"href":"https:\/\/pedagogie.ac-lille.fr\/ses\/wp-json\/wp\/v2\/pages"}],"about":[{"href":"https:\/\/pedagogie.ac-lille.fr\/ses\/wp-json\/wp\/v2\/types\/page"}],"author":[{"embeddable":true,"href":"https:\/\/pedagogie.ac-lille.fr\/ses\/wp-json\/wp\/v2\/users\/55"}],"replies":[{"embeddable":true,"href":"https:\/\/pedagogie.ac-lille.fr\/ses\/wp-json\/wp\/v2\/comments?post=834"}],"version-history":[{"count":3,"href":"https:\/\/pedagogie.ac-lille.fr\/ses\/wp-json\/wp\/v2\/pages\/834\/revisions"}],"predecessor-version":[{"id":961,"href":"https:\/\/pedagogie.ac-lille.fr\/ses\/wp-json\/wp\/v2\/pages\/834\/revisions\/961"}],"wp:attachment":[{"href":"https:\/\/pedagogie.ac-lille.fr\/ses\/wp-json\/wp\/v2\/media?parent=834"}],"curies":[{"name":"wp","href":"https:\/\/api.w.org\/{rel}","templated":true}]}}