{"id":912,"date":"2023-10-14T09:41:48","date_gmt":"2023-10-14T07:41:48","guid":{"rendered":"https:\/\/pedagogie.ac-lille.fr\/ses\/?page_id=912"},"modified":"2023-10-14T11:19:33","modified_gmt":"2023-10-14T09:19:33","slug":"preparer-une-visite-conseil-ou-une-inspection-hors-rendez-vous-de-carriere","status":"publish","type":"page","link":"https:\/\/pedagogie.ac-lille.fr\/ses\/preparer-une-visite-conseil-ou-une-inspection-hors-rendez-vous-de-carriere\/","title":{"rendered":"Pr\u00e9parer une visite-conseil ou une inspection    (hors rendez-vous de carri\u00e8re)"},"content":{"rendered":"<div class=\"wp-block-image\">\n<figure class=\"aligncenter size-large is-resized\"><img loading=\"lazy\" decoding=\"async\" width=\"1024\" height=\"512\" src=\"https:\/\/pedagogie.ac-lille.fr\/ses\/wp-content\/uploads\/sites\/35\/2023\/10\/Bien-preparer-une-inspection-2048x1024-1-1024x512.png\" alt=\"\" class=\"wp-image-914\" style=\"aspect-ratio:2;width:312px;height:auto\" srcset=\"https:\/\/pedagogie.ac-lille.fr\/ses\/wp-content\/uploads\/sites\/35\/2023\/10\/Bien-preparer-une-inspection-2048x1024-1-1024x512.png 1024w, https:\/\/pedagogie.ac-lille.fr\/ses\/wp-content\/uploads\/sites\/35\/2023\/10\/Bien-preparer-une-inspection-2048x1024-1-300x150.png 300w, https:\/\/pedagogie.ac-lille.fr\/ses\/wp-content\/uploads\/sites\/35\/2023\/10\/Bien-preparer-une-inspection-2048x1024-1-768x384.png 768w, https:\/\/pedagogie.ac-lille.fr\/ses\/wp-content\/uploads\/sites\/35\/2023\/10\/Bien-preparer-une-inspection-2048x1024-1-1536x768.png 1536w, https:\/\/pedagogie.ac-lille.fr\/ses\/wp-content\/uploads\/sites\/35\/2023\/10\/Bien-preparer-une-inspection-2048x1024-1.png 2048w\" sizes=\"auto, (max-width: 1024px) 100vw, 1024px\" \/><\/figure>\n<\/div>\n\n\n<p>Quelques jours avant l\u2019inspection, <a href=\"mailto:sandrine.verdiere2@ac-lille.fr\">l\u2019<\/a><a href=\"mailto:sandrine.verdiere2@ac-lille.fr\" target=\"_blank\" rel=\"noreferrer noopener\">inspectrice <\/a>ou les charg\u00e9s de mission (<a href=\"mailto:isabelle.Gougelet@ac-lille.fr\" data-type=\"link\" data-id=\"Isabelle.Gougelet@ac-lille.fr\">Isabelle <\/a><a href=\"mailto:Isabelle.Gougelet@ac-lille.fr\" data-type=\"link\" data-id=\"Isabelle.Gougelet@ac-lille.fr\" target=\"_blank\" rel=\"noreferrer noopener\">Gougele<\/a>t ou <a href=\"mailto:christophe.inghels@ac-lille.fr\" target=\"_blank\" rel=\"noreferrer noopener\">Christophe <\/a><a href=\"mailto:christophe.inghels@ac-lille.fr\">Inghels<\/a>) vous communiquent par l\u2019interm\u00e9diaire du chef d\u2019\u00e9tablissement\u00a0une version num\u00e9rique de la fiche concernant la s\u00e9ance observ\u00e9e\u00a0(<a href=\"http:\/\/pedagogie.ac-lille.fr\/ses\/wp-content\/uploads\/sites\/35\/2023\/10\/Visite-daccompagnement_SES_M.Mme_.doc\">\u00e0 t\u00e9l\u00e9charger <\/a><a href=\"http:\/\/pedagogie.ac-lille.fr\/ses\/wp-content\/uploads\/sites\/35\/2023\/10\/Visite-daccompagnement_SES_M.Mme_.doc\" target=\"_blank\" rel=\"noreferrer noopener\">ici<\/a>), \u00e0 transmettre dans la mesure du possible par courrier \u00e9lectronique \u00e0 l\u2019inspectrice  ou \u00e0 l\u2019un des charg\u00e9s de mission qui vient vous voir.<\/p>\n\n\n\n<p>En classe, nous vous demandons de mettre \u00e0 notre disposition d\u00e8s le d\u00e9but de la s\u00e9ance un certain nombre de documents pour les classes dont vous avez la charge&nbsp;:<\/p>\n\n\n\n<ul class=\"wp-block-list\">\n<li>Les documents utilis\u00e9s durant la s\u00e9ance&nbsp;;<\/li>\n\n\n\n<li>Deux cahiers d\u2019\u00e9l\u00e8ves de chaque niveau&nbsp;(ou l\u2019acc\u00e8s \u00e0 leur version num\u00e9rique le cas \u00e9ch\u00e9ant) ;<\/li>\n\n\n\n<li>Les progressions annuelles choisies&nbsp;;<\/li>\n\n\n\n<li>Les devoirs r\u00e9alis\u00e9s ou \u00e0 venir ainsi que quelques copies corrig\u00e9es&nbsp;;<\/li>\n<\/ul>\n\n\n\n<p>Tout autre document qu\u2019il vous semblera utile de pr\u00e9senter dans le but de valoriser ou d\u2019expliciter vos activit\u00e9s p\u00e9dagogiques<\/p>\n","protected":false},"excerpt":{"rendered":"<p>Quelques jours avant l\u2019inspection, l\u2019inspectrice ou les charg\u00e9s de mission (Isabelle Gougelet ou Christophe Inghels) vous communiquent par l\u2019interm\u00e9diaire du chef d\u2019\u00e9tablissement\u00a0une version num\u00e9rique de la fiche concernant la s\u00e9ance observ\u00e9e\u00a0(\u00e0 t\u00e9l\u00e9charger ici), \u00e0 transmettre dans la mesure du possible par courrier \u00e9lectronique \u00e0 l\u2019inspectrice ou \u00e0 l\u2019un des charg\u00e9s de mission qui vient vous [&hellip;]<\/p>\n","protected":false},"author":55,"featured_media":0,"parent":0,"menu_order":0,"comment_status":"closed","ping_status":"closed","template":"","meta":{"ngg_post_thumbnail":0,"footnotes":""},"class_list":["post-912","page","type-page","status-publish","czr-hentry"],"publishpress_future_action":{"enabled":false,"date":"2026-04-29 19:59:28","action":"change-status","newStatus":"draft","terms":[],"taxonomy":"","extraData":[]},"publishpress_future_workflow_manual_trigger":{"enabledWorkflows":[]},"_links":{"self":[{"href":"https:\/\/pedagogie.ac-lille.fr\/ses\/wp-json\/wp\/v2\/pages\/912","targetHints":{"allow":["GET"]}}],"collection":[{"href":"https:\/\/pedagogie.ac-lille.fr\/ses\/wp-json\/wp\/v2\/pages"}],"about":[{"href":"https:\/\/pedagogie.ac-lille.fr\/ses\/wp-json\/wp\/v2\/types\/page"}],"author":[{"embeddable":true,"href":"https:\/\/pedagogie.ac-lille.fr\/ses\/wp-json\/wp\/v2\/users\/55"}],"replies":[{"embeddable":true,"href":"https:\/\/pedagogie.ac-lille.fr\/ses\/wp-json\/wp\/v2\/comments?post=912"}],"version-history":[{"count":7,"href":"https:\/\/pedagogie.ac-lille.fr\/ses\/wp-json\/wp\/v2\/pages\/912\/revisions"}],"predecessor-version":[{"id":943,"href":"https:\/\/pedagogie.ac-lille.fr\/ses\/wp-json\/wp\/v2\/pages\/912\/revisions\/943"}],"wp:attachment":[{"href":"https:\/\/pedagogie.ac-lille.fr\/ses\/wp-json\/wp\/v2\/media?parent=912"}],"curies":[{"name":"wp","href":"https:\/\/api.w.org\/{rel}","templated":true}]}}