{"id":986,"date":"2023-11-06T18:05:15","date_gmt":"2023-11-06T17:05:15","guid":{"rendered":"https:\/\/pedagogie.ac-lille.fr\/ses\/?page_id=986"},"modified":"2024-08-19T07:41:09","modified_gmt":"2024-08-19T05:41:09","slug":"guide-daccueil-des-personnels-titulaires-2","status":"publish","type":"page","link":"https:\/\/pedagogie.ac-lille.fr\/ses\/guide-daccueil-des-personnels-titulaires-2\/","title":{"rendered":"D\u00e9buter les SES"},"content":{"rendered":"<div class=\"wp-block-image\">\n<figure class=\"aligncenter size-full is-resized\"><img loading=\"lazy\" decoding=\"async\" width=\"401\" height=\"228\" src=\"https:\/\/pedagogie.ac-lille.fr\/ses\/wp-content\/uploads\/sites\/35\/2023\/11\/guide-dacceuil.jpg\" alt=\"\" class=\"wp-image-987\" style=\"aspect-ratio:1.7587719298245614;width:248px;height:auto\" srcset=\"https:\/\/pedagogie.ac-lille.fr\/ses\/wp-content\/uploads\/sites\/35\/2023\/11\/guide-dacceuil.jpg 401w, https:\/\/pedagogie.ac-lille.fr\/ses\/wp-content\/uploads\/sites\/35\/2023\/11\/guide-dacceuil-300x171.jpg 300w\" sizes=\"auto, (max-width: 401px) 100vw, 401px\" \/><\/figure>\n<\/div>\n\n\n<p>Le minist\u00e8re de l\u2019\u00c9ducation met \u00e0 votre disposition une formation en libre acc\u00e8s via un&nbsp; M@gist\u00e8re national.<\/p>\n\n\n\n<p>(<a href=\"https:\/\/magistere.education.fr\/local\/magistere_offers\/index.php?v=formation#offer=1455\">https:\/\/magistere.education.fr\/local\/magistere_offers\/index.php?v=formation#offer=1455<\/a>).<\/p>\n\n\n\n<p>Il a \u00e9t\u00e9 con\u00e7u pour des contractuels mais se r\u00e9v\u00e8le en r\u00e9alit\u00e9 tr\u00e8s riche et utile pour tout enseignant, en particulier d\u00e9butant.<\/p>\n","protected":false},"excerpt":{"rendered":"<p>Le minist\u00e8re de l\u2019\u00c9ducation met \u00e0 votre disposition une formation en libre acc\u00e8s via un&nbsp; M@gist\u00e8re national. (https:\/\/magistere.education.fr\/local\/magistere_offers\/index.php?v=formation#offer=1455). Il a \u00e9t\u00e9 con\u00e7u pour des contractuels mais se r\u00e9v\u00e8le en r\u00e9alit\u00e9 tr\u00e8s riche et utile pour tout enseignant, en particulier d\u00e9butant.<\/p>\n","protected":false},"author":55,"featured_media":0,"parent":0,"menu_order":0,"comment_status":"closed","ping_status":"closed","template":"","meta":{"ngg_post_thumbnail":0,"footnotes":""},"class_list":["post-986","page","type-page","status-publish","czr-hentry"],"publishpress_future_action":{"enabled":false,"date":"2026-04-29 19:59:11","action":"change-status","newStatus":"draft","terms":[],"taxonomy":"","extraData":[]},"publishpress_future_workflow_manual_trigger":{"enabledWorkflows":[]},"_links":{"self":[{"href":"https:\/\/pedagogie.ac-lille.fr\/ses\/wp-json\/wp\/v2\/pages\/986","targetHints":{"allow":["GET"]}}],"collection":[{"href":"https:\/\/pedagogie.ac-lille.fr\/ses\/wp-json\/wp\/v2\/pages"}],"about":[{"href":"https:\/\/pedagogie.ac-lille.fr\/ses\/wp-json\/wp\/v2\/types\/page"}],"author":[{"embeddable":true,"href":"https:\/\/pedagogie.ac-lille.fr\/ses\/wp-json\/wp\/v2\/users\/55"}],"replies":[{"embeddable":true,"href":"https:\/\/pedagogie.ac-lille.fr\/ses\/wp-json\/wp\/v2\/comments?post=986"}],"version-history":[{"count":5,"href":"https:\/\/pedagogie.ac-lille.fr\/ses\/wp-json\/wp\/v2\/pages\/986\/revisions"}],"predecessor-version":[{"id":1296,"href":"https:\/\/pedagogie.ac-lille.fr\/ses\/wp-json\/wp\/v2\/pages\/986\/revisions\/1296"}],"wp:attachment":[{"href":"https:\/\/pedagogie.ac-lille.fr\/ses\/wp-json\/wp\/v2\/media?parent=986"}],"curies":[{"name":"wp","href":"https:\/\/api.w.org\/{rel}","templated":true}]}}