{"id":796,"date":"2022-09-19T10:35:15","date_gmt":"2022-09-19T08:35:15","guid":{"rendered":"https:\/\/pedagogie.ac-lille.fr\/svt\/?page_id=796"},"modified":"2024-10-13T22:01:40","modified_gmt":"2024-10-13T20:01:40","slug":"en-classe-svt-et-dnl","status":"publish","type":"page","link":"https:\/\/pedagogie.ac-lille.fr\/svt\/en-classe\/en-classe-svt-et-dnl\/","title":{"rendered":"SVT et DNL"},"content":{"rendered":"<p>Ressource Eduscol : <a href=\"https:\/\/eduscol.education.fr\/679\/enseignements-europeens-et-internationaux\">Enseignements europ\u00e9ens et internationaux<\/a><\/p>\n<p>&nbsp;<\/p>\n<p><strong>R\u00e9f\u00e9rences r\u00e9glementaires<\/strong><\/p>\n<ul>\n<li><strong><a href=\"https:\/\/www.education.gouv.fr\/bo\/22\/Hebdo2\/MENE2121403N.htm\">Note de service du 15 d\u00e9cembre 2021<\/a> <\/strong>relative aux classes de premi\u00e8re et de terminale menant au baccalaur\u00e9at fran\u00e7ais international \u00e0 compter de la rentr\u00e9e scolaire 2022<\/li>\n<li><a href=\"https:\/\/www.legifrance.gouv.fr\/jorf\/id\/JORFTEXT000044201983\"><strong>Arr\u00eat\u00e9 du 24 septembre 2021<\/strong><\/a> fixant le programme de l\u2019enseignement de connaissance du monde pour les classes de premi\u00e8re et terminale menant au baccalaur\u00e9at fran\u00e7ais international<\/li>\n<li><strong><a href=\"https:\/\/www.education.gouv.fr\/bo\/21\/Hebdo31\/MENE2121393N.htm\">Bulletin officiel n\u00b031 du 26 ao\u00fbt 2021<\/a> <\/strong>relatif \u00e0 l&rsquo;\u00e9valuation sp\u00e9cifique de contr\u00f4le continu organis\u00e9e pour les candidats au baccalaur\u00e9at scolaris\u00e9s dans les sections europ\u00e9ennes ou de langues orientales et pour les candidats pr\u00e9sentant une discipline non linguistique ayant fait l&rsquo;objet d&rsquo;un enseignement en langue vivante, \u00e0 compter de la session 2022.<\/li>\n<li><strong><a href=\"https:\/\/www.legifrance.gouv.fr\/jorf\/id\/JORFTEXT000043914890\">D\u00e9cret n\u00b0 2021-1054 du 6 ao\u00fbt 2021<\/a><\/strong> modifiant les dispositions du code de l\u2019\u00e9ducation pour la mise en place des classes menant \u00e0 l\u2019option internationale du baccalaur\u00e9at intitul\u00e9e \u00ab baccalaur\u00e9at fran\u00e7ais international \u00bb<\/li>\n<li><strong><a href=\"https:\/\/www.legifrance.gouv.fr\/jorf\/id\/JORFTEXT000043915060\">Arr\u00eat\u00e9 du 6 ao\u00fbt 2021<\/a> <\/strong>relatif aux sections internationales de classe de seconde et aux classes menant au baccalaur\u00e9at fran\u00e7ais international (BFI)<\/li>\n<li><strong><a href=\"https:\/\/www.education.gouv.fr\/bo\/20\/Special7\/MENE2019306N.htm\">Bulletin officiel du 30 juillet 2021<\/a><\/strong><\/li>\n<li><a href=\"https:\/\/www.education.gouv.fr\/bo\/21\/Hebdo30\/MENE2121270N.htm\"><strong>Note de service du 28 juillet 2021<\/strong><\/a> relative aux modalit\u00e9s d&rsquo;\u00e9valuation des candidats \u00e0 compter de la session 2022<\/li>\n<li>\u00a0<strong><a href=\"https:\/\/www.legifrance.gouv.fr\/loda\/id\/JORFTEXT000037846249\/\">Arr\u00eat\u00e9 du 20 d\u00e9cembre 2018<\/a>\u00a0<\/strong>relatif aux conditions d&rsquo;attribution de l&rsquo;indication section europ\u00e9enne ou section de langue orientale (SELO) et de l&rsquo;indication discipline non linguistique ayant fait l&rsquo;objet d&rsquo;un enseignement en langue vivante (DNL) sur les dipl\u00f4mes du baccalaur\u00e9at g\u00e9n\u00e9ral et du baccalaur\u00e9at technologique.<\/li>\n<\/ul>\n<p><strong>Se former<\/strong><\/p>\n<ul>\n<li>Une formation DNL est ouverte \u00e0 l&rsquo;inscription au PAF, il s&rsquo;agit du module \u00ab\u00a0Se former aux enjeux du lyc\u00e9e au travers de l&rsquo;enseignement de DNL en SVT\u00a0\u00bb.<\/li>\n<\/ul>\n<p><strong>Passer la certification en DNL<\/strong><\/p>\n<ul>\n<li><a href=\"https:\/\/www1.ac-lille.fr\/certification-complementaire-121662\"><strong>Passer la certification compl\u00e9mentaire en DNL dans l&rsquo;acad\u00e9mie de Lille<\/strong><\/a><\/li>\n<\/ul>\n<p>&nbsp;<\/p>\n","protected":false},"excerpt":{"rendered":"<p>Ressource Eduscol : Enseignements europ\u00e9ens et internationaux &nbsp; R\u00e9f\u00e9rences r\u00e9glementaires Note de service du 15 d\u00e9cembre 2021 relative aux classes de premi\u00e8re et de terminale menant au baccalaur\u00e9at fran\u00e7ais international [&hellip;]<\/p>\n","protected":false},"author":100,"featured_media":0,"parent":343,"menu_order":1,"comment_status":"closed","ping_status":"closed","template":"","meta":{"footnotes":""},"class_list":["post-796","page","type-page","status-publish","czr-hentry"],"publishpress_future_action":{"enabled":false,"date":"2026-04-14 13:25:13","action":"change-status","newStatus":"draft","terms":[],"taxonomy":"","extraData":[]},"publishpress_future_workflow_manual_trigger":{"enabledWorkflows":[]},"_links":{"self":[{"href":"https:\/\/pedagogie.ac-lille.fr\/svt\/wp-json\/wp\/v2\/pages\/796","targetHints":{"allow":["GET"]}}],"collection":[{"href":"https:\/\/pedagogie.ac-lille.fr\/svt\/wp-json\/wp\/v2\/pages"}],"about":[{"href":"https:\/\/pedagogie.ac-lille.fr\/svt\/wp-json\/wp\/v2\/types\/page"}],"author":[{"embeddable":true,"href":"https:\/\/pedagogie.ac-lille.fr\/svt\/wp-json\/wp\/v2\/users\/100"}],"replies":[{"embeddable":true,"href":"https:\/\/pedagogie.ac-lille.fr\/svt\/wp-json\/wp\/v2\/comments?post=796"}],"version-history":[{"count":21,"href":"https:\/\/pedagogie.ac-lille.fr\/svt\/wp-json\/wp\/v2\/pages\/796\/revisions"}],"predecessor-version":[{"id":1388,"href":"https:\/\/pedagogie.ac-lille.fr\/svt\/wp-json\/wp\/v2\/pages\/796\/revisions\/1388"}],"up":[{"embeddable":true,"href":"https:\/\/pedagogie.ac-lille.fr\/svt\/wp-json\/wp\/v2\/pages\/343"}],"wp:attachment":[{"href":"https:\/\/pedagogie.ac-lille.fr\/svt\/wp-json\/wp\/v2\/media?parent=796"}],"curies":[{"name":"wp","href":"https:\/\/api.w.org\/{rel}","templated":true}]}}