{"id":513,"date":"2025-10-12T15:49:00","date_gmt":"2025-10-12T13:49:00","guid":{"rendered":"https:\/\/pedagogie.ac-lille.fr\/technologie\/?page_id=513"},"modified":"2025-12-02T10:43:35","modified_gmt":"2025-12-02T09:43:35","slug":"contacts","status":"publish","type":"page","link":"https:\/\/pedagogie.ac-lille.fr\/technologie\/contacts\/","title":{"rendered":"Contacts"},"content":{"rendered":"\n<h2 class=\"wp-block-heading\">IA\/IPR STI<\/h2>\n\n\n\n<ul class=\"wp-block-list\">\n<li>Yves CAUSSE<br><\/li>\n\n\n\n<li>Christophe DELATTRE<br><\/li>\n\n\n\n<li>No\u00ebl DELLEAUX<br><\/li>\n\n\n\n<li>Eric DUPUIS<br><\/li>\n\n\n\n<li>Christophe LASSON<br><\/li>\n\n\n\n<li>Fabrice ROSE<\/li>\n<\/ul>\n\n\n\n<hr class=\"wp-block-separator has-alpha-channel-opacity\" \/>\n\n\n\n<h2 class=\"wp-block-heading\">Charg\u00e9s de Mission d&rsquo;Inspection<\/h2>\n\n\n\n<ul class=\"wp-block-list\">\n<li>Rudy ALBA &#8211; Coll\u00e8ge Jean Jaur\u00e8s &#8211; Aire sur la Lys<br><\/li>\n\n\n\n<li>Peggy ANDRIEUX &#8211; Coll\u00e8ge Lucie Aubrac &#8211; Dunkerque<br><\/li>\n\n\n\n<li>Francis BLANQUART &#8211; Coll\u00e8ge Ren\u00e9 Cassin &#8211; Loos en Gohelle<br><\/li>\n\n\n\n<li>Isabelle DESSAINT &#8211; Coll\u00e8ge Alphonse Terroir &#8211; Marly<br><\/li>\n\n\n\n<li>Caroline DUQUENNE &#8211; Coll\u00e8ge Jules Ferry &#8211; Haubourdin<br><\/li>\n\n\n\n<li>Jean-Fran\u00e7ois JEDRASZAK &#8211; Coll\u00e8ge Jacques Pr\u00e9vert &#8211; Houdain<br><\/li>\n\n\n\n<li>Sophie KRYSIECKI &#8211; Coll\u00e8ge Anatole France &#8211; Sin le Noble<\/li>\n<\/ul>\n\n\n\n<hr class=\"wp-block-separator has-alpha-channel-opacity\" \/>\n\n\n\n<h2 class=\"wp-block-heading\">Formateurs<\/h2>\n\n\n<style>\n       .errordiv { padding:10px; margin:10px; border: 1px solid #555555;color: #000000;background-color: #f8f8f8; width:500px; }#advanced_iframe {visibility:visible;opacity:1;vertical-align:top;}.ai-info-bottom-iframe { position: fixed; z-index: 10000; bottom:0; left: 0; margin: 0px; text-align: center; width: 100%; background-color: #ff9999; padding-left: 5px;padding-bottom: 5px; border-top: 1px solid #aaa } a.ai-bold {font-weight: bold;}#ai-layer-div-advanced_iframe p {height:100%;margin:0;padding:0}<\/style><script type=\"text\/javascript\">var ai_iframe_width_advanced_iframe = 0;var ai_iframe_height_advanced_iframe = 0;function aiReceiveMessageadvanced_iframe(event) {  aiProcessMessage(event,\"advanced_iframe\", \"true\",\"\",\"false\",\"false\");}if (window.addEventListener) {  window.addEventListener(\"message\", aiReceiveMessageadvanced_iframe);} else if (el.attachEvent)  {  el.attachEvent(\"message\", aiReceiveMessageadvanced_iframe);}var aiOnloadScrollTop=\"true\";var aiShowDebug=false;\n\t\tif (typeof aiReadyCallbacks === 'undefined') {\n\t\t\tvar aiReadyCallbacks = [];\n\t\t} else if (!(aiReadyCallbacks instanceof Array)) {\n\t\t\tvar aiReadyCallbacks = [];\n\t\t}    function aiShowIframeId(id_iframe) { jQuery(\"#\"+id_iframe).css(\"visibility\", \"visible\");    }    function aiResizeIframeHeight(height) { aiResizeIframeHeight(height,advanced_iframe); }    function aiResizeIframeHeightId(height,width,id) {aiResizeIframeHeightById(id,height);}<\/script><iframe id=\"advanced_iframe\"  name=\"advanced_iframe\"  src=\"https:\/\/umap.openstreetmap.fr\/fr\/map\/formateurs-technologie_1325836\"  width=\"100%\"  height=\"600\"  scrolling=\"yes\"  frameborder=\"0\"  border=\"0\"  allowtransparency=\"true\"  loading=\"lazy\"  style=\";border-width: 0px;;border: none;;width:100%;;height:600px;\" ><\/iframe><script type=\"text\/javascript\">var ifrm_advanced_iframe = document.getElementById(\"advanced_iframe\");var hiddenTabsDoneadvanced_iframe = false;\nfunction resizeCallbackadvanced_iframe() {}<\/script><script type=\"text\/javascript\"><\/script><p style=\"display:block !important; visibility:visible !important;margin: -18px 14px 0 0;padding-left: 3px;padding-top:3px;background: white; overflow: hidden; position: relative; line-height:15px;width: fit-content;\"><small style=\"display:block !important;visibility:visible !important\">powered by Advanced iFrame<\/small><\/p>\n","protected":false},"excerpt":{"rendered":"<p>IA\/IPR STI Charg\u00e9s de Mission d&rsquo;Inspection Formateurs<\/p>\n","protected":false},"author":93,"featured_media":0,"parent":0,"menu_order":0,"comment_status":"closed","ping_status":"closed","template":"","meta":{"ngg_post_thumbnail":0,"footnotes":""},"class_list":["post-513","page","type-page","status-publish","czr-hentry"],"publishpress_future_action":{"enabled":false,"date":"2026-04-28 09:35:28","action":"change-status","newStatus":"draft","terms":[],"taxonomy":"","extraData":[]},"publishpress_future_workflow_manual_trigger":{"enabledWorkflows":[]},"_links":{"self":[{"href":"https:\/\/pedagogie.ac-lille.fr\/technologie\/wp-json\/wp\/v2\/pages\/513","targetHints":{"allow":["GET"]}}],"collection":[{"href":"https:\/\/pedagogie.ac-lille.fr\/technologie\/wp-json\/wp\/v2\/pages"}],"about":[{"href":"https:\/\/pedagogie.ac-lille.fr\/technologie\/wp-json\/wp\/v2\/types\/page"}],"author":[{"embeddable":true,"href":"https:\/\/pedagogie.ac-lille.fr\/technologie\/wp-json\/wp\/v2\/users\/93"}],"replies":[{"embeddable":true,"href":"https:\/\/pedagogie.ac-lille.fr\/technologie\/wp-json\/wp\/v2\/comments?post=513"}],"version-history":[{"count":3,"href":"https:\/\/pedagogie.ac-lille.fr\/technologie\/wp-json\/wp\/v2\/pages\/513\/revisions"}],"predecessor-version":[{"id":649,"href":"https:\/\/pedagogie.ac-lille.fr\/technologie\/wp-json\/wp\/v2\/pages\/513\/revisions\/649"}],"wp:attachment":[{"href":"https:\/\/pedagogie.ac-lille.fr\/technologie\/wp-json\/wp\/v2\/media?parent=513"}],"curies":[{"name":"wp","href":"https:\/\/api.w.org\/{rel}","templated":true}]}}