{"id":2,"date":"2021-01-04T09:29:20","date_gmt":"2021-01-04T08:29:20","guid":{"rendered":"http:\/\/pedagogie.ac-lille.fr\/voie-professionnelle\/?page_id=2"},"modified":"2025-05-04T15:07:14","modified_gmt":"2025-05-04T13:07:14","slug":"page-d-exemple","status":"publish","type":"page","link":"https:\/\/pedagogie.ac-lille.fr\/voie-professionnelle\/","title":{"rendered":"Bienvenue sur le site Voie Professionnelle dans l&rsquo;acad\u00e9mie de Lille !"},"content":{"rendered":"\n<p>Ce site a pour vocation d\u2019accompagner tous les acteurs de la voie pro. Vous y trouverez des ressources utiles pour vous informer sur les r\u00e9formes en cours, vous former, enrichir vos pratiques et valoriser les talents et projets des \u00e9l\u00e8ves. Restez inform\u00e9 gr\u00e2ce \u00e0 notre rubrique&nbsp;<em>Actualit\u00e9s<\/em>&nbsp;et explorez les ressources sp\u00e9cifiques \u00e0 chaque discipline via les&nbsp;<em>Sites disciplinaires<\/em>.<br><strong>Ensemble, faisons rayonner la voie professionnelle !<\/strong><\/p>\n\n\n\n<h2 class=\"wp-block-heading\"><strong>Actualit\u00e9s : <\/strong><\/h2>\n\n\n<ul class=\"wp-block-latest-posts__list has-dates wp-block-latest-posts\"><li><div class=\"wp-block-latest-posts__featured-image alignleft\"><img loading=\"lazy\" decoding=\"async\" width=\"150\" height=\"150\" src=\"https:\/\/pedagogie.ac-lille.fr\/voie-professionnelle\/wp-content\/uploads\/sites\/63\/2025\/05\/Capture-decran-2025-05-17-a-09.01.32-150x150.png\" class=\"attachment-thumbnail size-thumbnail wp-post-image\" alt=\"\" style=\"\" srcset=\"https:\/\/pedagogie.ac-lille.fr\/voie-professionnelle\/wp-content\/uploads\/sites\/63\/2025\/05\/Capture-decran-2025-05-17-a-09.01.32-150x150.png 150w, https:\/\/pedagogie.ac-lille.fr\/voie-professionnelle\/wp-content\/uploads\/sites\/63\/2025\/05\/Capture-decran-2025-05-17-a-09.01.32-510x510.png 510w\" sizes=\"auto, (max-width: 150px) 100vw, 150px\" \/><\/div><a class=\"wp-block-latest-posts__post-title\" href=\"https:\/\/pedagogie.ac-lille.fr\/voie-professionnelle\/course-en-cours\/\">Course en cours !<\/a><time datetime=\"2025-05-17T08:55:42+02:00\" class=\"wp-block-latest-posts__post-date\">17 mai 2025<\/time><div class=\"wp-block-latest-posts__post-excerpt\">Course en Cours&nbsp;est un dispositif p\u00e9dagogique propos\u00e9 aux coll\u00e9giens et lyc\u00e9ens, qui vise \u00e0 susciter des vocations dans les fili\u00e8res scientifiques et technologiques.&nbsp;Organis\u00e9 par l&rsquo;association du m\u00eame nom, ce concours national\u2026 <a class=\"wp-block-latest-posts__read-more\" href=\"https:\/\/pedagogie.ac-lille.fr\/voie-professionnelle\/course-en-cours\/\" rel=\"noopener noreferrer\">Lire la suite<span class=\"screen-reader-text\">\u00a0: Course en cours !<\/span><\/a><\/div><\/li>\n<li><div class=\"wp-block-latest-posts__featured-image alignleft\"><img loading=\"lazy\" decoding=\"async\" width=\"150\" height=\"150\" src=\"https:\/\/pedagogie.ac-lille.fr\/voie-professionnelle\/wp-content\/uploads\/sites\/63\/2025\/05\/Capture-decran-2025-05-12-a-08.14.48-150x150.png\" class=\"attachment-thumbnail size-thumbnail wp-post-image\" alt=\"\" style=\"\" srcset=\"https:\/\/pedagogie.ac-lille.fr\/voie-professionnelle\/wp-content\/uploads\/sites\/63\/2025\/05\/Capture-decran-2025-05-12-a-08.14.48-150x150.png 150w, https:\/\/pedagogie.ac-lille.fr\/voie-professionnelle\/wp-content\/uploads\/sites\/63\/2025\/05\/Capture-decran-2025-05-12-a-08.14.48-510x510.png 510w\" sizes=\"auto, (max-width: 150px) 100vw, 150px\" \/><\/div><a class=\"wp-block-latest-posts__post-title\" href=\"https:\/\/pedagogie.ac-lille.fr\/voie-professionnelle\/ia-generative-dans-leducation\/\">IA g\u00e9n\u00e9rative dans l&rsquo;\u00e9ducation<\/a><time datetime=\"2025-05-12T08:17:04+02:00\" class=\"wp-block-latest-posts__post-date\">12 mai 2025<\/time><div class=\"wp-block-latest-posts__post-excerpt\">Une \u00e9tude intitul\u00e9e \u00ab\u00a0IA g\u00e9n\u00e9rative dans l&rsquo;\u00e9ducation&nbsp;: comp\u00e9tences des \u00e9tudiants et r\u00f4le des enseignants\u00a0\u00bb permet d&rsquo;identifier des comp\u00e9tences cl\u00e9s dont les \u00e9tudiants ont besoin pour s&rsquo;engager efficacement dans les apprentissages \u00e0\u2026 <a class=\"wp-block-latest-posts__read-more\" href=\"https:\/\/pedagogie.ac-lille.fr\/voie-professionnelle\/ia-generative-dans-leducation\/\" rel=\"noopener noreferrer\">Lire la suite<span class=\"screen-reader-text\">\u00a0: IA g\u00e9n\u00e9rative dans l&rsquo;\u00e9ducation<\/span><\/a><\/div><\/li>\n<li><div class=\"wp-block-latest-posts__featured-image alignleft\"><img loading=\"lazy\" decoding=\"async\" width=\"150\" height=\"150\" src=\"https:\/\/pedagogie.ac-lille.fr\/voie-professionnelle\/wp-content\/uploads\/sites\/63\/2025\/05\/Capture-decran-2025-05-04-a-15.40.30-150x150.png\" class=\"attachment-thumbnail size-thumbnail wp-post-image\" alt=\"\" style=\"\" srcset=\"https:\/\/pedagogie.ac-lille.fr\/voie-professionnelle\/wp-content\/uploads\/sites\/63\/2025\/05\/Capture-decran-2025-05-04-a-15.40.30-150x150.png 150w, https:\/\/pedagogie.ac-lille.fr\/voie-professionnelle\/wp-content\/uploads\/sites\/63\/2025\/05\/Capture-decran-2025-05-04-a-15.40.30-510x510.png 510w\" sizes=\"auto, (max-width: 150px) 100vw, 150px\" \/><\/div><a class=\"wp-block-latest-posts__post-title\" href=\"https:\/\/pedagogie.ac-lille.fr\/voie-professionnelle\/le-parcours-differencie-en-terminale-professionnelle\/\">Le parcours diff\u00e9renci\u00e9 en terminale professionnelle<\/a><time datetime=\"2025-05-04T15:42:32+02:00\" class=\"wp-block-latest-posts__post-date\">4 mai 2025<\/time><div class=\"wp-block-latest-posts__post-excerpt\">Parfait, je vais pr\u00e9parer une pr\u00e9sentation synth\u00e9tique du parcours diff\u00e9renci\u00e9 en terminale professionnelle destin\u00e9e \u00e0 un site officiel, en m\u2019appuyant sur les ressources institutionnelles. J\u2019ajouterai \u00e9galement une sitographie contenant des outils\u2026 <a class=\"wp-block-latest-posts__read-more\" href=\"https:\/\/pedagogie.ac-lille.fr\/voie-professionnelle\/le-parcours-differencie-en-terminale-professionnelle\/\" rel=\"noopener noreferrer\">Lire la suite<span class=\"screen-reader-text\">\u00a0: Le parcours diff\u00e9renci\u00e9 en terminale professionnelle<\/span><\/a><\/div><\/li>\n<li><div class=\"wp-block-latest-posts__featured-image alignleft\"><img loading=\"lazy\" decoding=\"async\" width=\"150\" height=\"122\" src=\"https:\/\/pedagogie.ac-lille.fr\/voie-professionnelle\/wp-content\/uploads\/sites\/63\/2025\/05\/boen-2-34715-150x122.png\" class=\"attachment-thumbnail size-thumbnail wp-post-image\" alt=\"\" style=\"\" \/><\/div><a class=\"wp-block-latest-posts__post-title\" href=\"https:\/\/pedagogie.ac-lille.fr\/voie-professionnelle\/circulaire-de-rentree-2024\/\">Circulaire de rentr\u00e9e 2024<\/a><time datetime=\"2025-05-04T15:05:38+02:00\" class=\"wp-block-latest-posts__post-date\">4 mai 2025<\/time><div class=\"wp-block-latest-posts__post-excerpt\">Circulaire du 26 juin 2024, publi\u00e9e au Bulletin officiel n\u00b0\u00a026 du 27 juin 2024, adress\u00e9e \u00e0 tous les personnels, par la ministre de l\u2019\u00c9ducation nationale et de la Jeunesse. Une priorit\u00e9\u2026 <a class=\"wp-block-latest-posts__read-more\" href=\"https:\/\/pedagogie.ac-lille.fr\/voie-professionnelle\/circulaire-de-rentree-2024\/\" rel=\"noopener noreferrer\">Lire la suite<span class=\"screen-reader-text\">\u00a0: Circulaire de rentr\u00e9e 2024<\/span><\/a><\/div><\/li>\n<\/ul>\n\n\n<p><\/p>\n","protected":false},"excerpt":{"rendered":"<p>Ce site a pour vocation d\u2019accompagner tous les acteurs de la voie pro. Vous y trouverez des ressources utiles pour vous informer sur les r\u00e9formes en cours, vous former, enrichir vos pratiques et valoriser les talents et projets des \u00e9l\u00e8ves. Restez inform\u00e9 gr\u00e2ce \u00e0 notre rubrique&nbsp;Actualit\u00e9s&nbsp;et explorez les ressources sp\u00e9cifiques \u00e0 chaque discipline via les&nbsp;Sites [&hellip;]<\/p>\n","protected":false},"author":28,"featured_media":0,"parent":0,"menu_order":0,"comment_status":"closed","ping_status":"open","template":"","meta":{"footnotes":""},"class_list":["post-2","page","type-page","status-publish","czr-hentry"],"publishpress_future_action":{"enabled":false,"date":"2026-04-20 17:51:19","action":"change-status","newStatus":"draft","terms":[],"taxonomy":"","extraData":[]},"publishpress_future_workflow_manual_trigger":{"enabledWorkflows":[]},"_links":{"self":[{"href":"https:\/\/pedagogie.ac-lille.fr\/voie-professionnelle\/wp-json\/wp\/v2\/pages\/2","targetHints":{"allow":["GET"]}}],"collection":[{"href":"https:\/\/pedagogie.ac-lille.fr\/voie-professionnelle\/wp-json\/wp\/v2\/pages"}],"about":[{"href":"https:\/\/pedagogie.ac-lille.fr\/voie-professionnelle\/wp-json\/wp\/v2\/types\/page"}],"author":[{"embeddable":true,"href":"https:\/\/pedagogie.ac-lille.fr\/voie-professionnelle\/wp-json\/wp\/v2\/users\/28"}],"replies":[{"embeddable":true,"href":"https:\/\/pedagogie.ac-lille.fr\/voie-professionnelle\/wp-json\/wp\/v2\/comments?post=2"}],"version-history":[{"count":7,"href":"https:\/\/pedagogie.ac-lille.fr\/voie-professionnelle\/wp-json\/wp\/v2\/pages\/2\/revisions"}],"predecessor-version":[{"id":487,"href":"https:\/\/pedagogie.ac-lille.fr\/voie-professionnelle\/wp-json\/wp\/v2\/pages\/2\/revisions\/487"}],"wp:attachment":[{"href":"https:\/\/pedagogie.ac-lille.fr\/voie-professionnelle\/wp-json\/wp\/v2\/media?parent=2"}],"curies":[{"name":"wp","href":"https:\/\/api.w.org\/{rel}","templated":true}]}}