{"id":448,"date":"2025-05-04T14:05:48","date_gmt":"2025-05-04T12:05:48","guid":{"rendered":"https:\/\/pedagogie.ac-lille.fr\/voie-professionnelle\/?page_id=448"},"modified":"2025-05-04T15:06:31","modified_gmt":"2025-05-04T13:06:31","slug":"textes-officiels","status":"publish","type":"page","link":"https:\/\/pedagogie.ac-lille.fr\/voie-professionnelle\/textes-officiels\/","title":{"rendered":"Textes officiels"},"content":{"rendered":"<ul class=\"wp-block-latest-posts__list has-dates wp-block-latest-posts\"><li><div class=\"wp-block-latest-posts__featured-image alignleft\"><img loading=\"lazy\" decoding=\"async\" width=\"150\" height=\"150\" src=\"https:\/\/pedagogie.ac-lille.fr\/voie-professionnelle\/wp-content\/uploads\/sites\/63\/2025\/05\/Capture-decran-2025-05-04-a-15.40.30-150x150.png\" class=\"attachment-thumbnail size-thumbnail wp-post-image\" alt=\"\" style=\"\" srcset=\"https:\/\/pedagogie.ac-lille.fr\/voie-professionnelle\/wp-content\/uploads\/sites\/63\/2025\/05\/Capture-decran-2025-05-04-a-15.40.30-150x150.png 150w, https:\/\/pedagogie.ac-lille.fr\/voie-professionnelle\/wp-content\/uploads\/sites\/63\/2025\/05\/Capture-decran-2025-05-04-a-15.40.30-510x510.png 510w\" sizes=\"auto, (max-width: 150px) 100vw, 150px\" \/><\/div><a class=\"wp-block-latest-posts__post-title\" href=\"https:\/\/pedagogie.ac-lille.fr\/voie-professionnelle\/le-parcours-differencie-en-terminale-professionnelle\/\">Le parcours diff\u00e9renci\u00e9 en terminale professionnelle<\/a><time datetime=\"2025-05-04T15:42:32+02:00\" class=\"wp-block-latest-posts__post-date\">4 mai 2025<\/time><div class=\"wp-block-latest-posts__post-excerpt\">Parfait, je vais pr\u00e9parer une pr\u00e9sentation synth\u00e9tique du parcours diff\u00e9renci\u00e9 en terminale professionnelle destin\u00e9e \u00e0 un site officiel, en m\u2019appuyant sur les ressources institutionnelles. J\u2019ajouterai \u00e9galement une sitographie contenant des outils et documents utiles pour les enseignants, toutes sp\u00e9cialit\u00e9s confondues. Je te tiens inform\u00e9 tr\u00e8s vite du r\u00e9sultat. Le parcours diff\u00e9renci\u00e9 en terminale professionnelle La\u2026 <a class=\"wp-block-latest-posts__read-more\" href=\"https:\/\/pedagogie.ac-lille.fr\/voie-professionnelle\/le-parcours-differencie-en-terminale-professionnelle\/\" rel=\"noopener noreferrer\">Lire la suite<span class=\"screen-reader-text\">\u00a0: Le parcours diff\u00e9renci\u00e9 en terminale professionnelle<\/span><\/a><\/div><\/li>\n<li><div class=\"wp-block-latest-posts__featured-image alignleft\"><img loading=\"lazy\" decoding=\"async\" width=\"150\" height=\"122\" src=\"https:\/\/pedagogie.ac-lille.fr\/voie-professionnelle\/wp-content\/uploads\/sites\/63\/2025\/05\/boen-2-34715-150x122.png\" class=\"attachment-thumbnail size-thumbnail wp-post-image\" alt=\"\" style=\"\" \/><\/div><a class=\"wp-block-latest-posts__post-title\" href=\"https:\/\/pedagogie.ac-lille.fr\/voie-professionnelle\/circulaire-de-rentree-2024\/\">Circulaire de rentr\u00e9e 2024<\/a><time datetime=\"2025-05-04T15:05:38+02:00\" class=\"wp-block-latest-posts__post-date\">4 mai 2025<\/time><div class=\"wp-block-latest-posts__post-excerpt\">Circulaire du 26 juin 2024, publi\u00e9e au Bulletin officiel n\u00b0\u00a026 du 27 juin 2024, adress\u00e9e \u00e0 tous les personnels, par la ministre de l\u2019\u00c9ducation nationale et de la Jeunesse. Une priorit\u00e9 pour la rentr\u00e9e 2024 &#8211;&nbsp;assurer la coh\u00e9sion sociale dans l\u2019\u00c9cole et par l\u2019\u00c9cole, pour ne laisser aucun \u00e9l\u00e8ve sur le bord du chemin&nbsp;&#8211; d\u00e9clin\u00e9e\u2026 <a class=\"wp-block-latest-posts__read-more\" href=\"https:\/\/pedagogie.ac-lille.fr\/voie-professionnelle\/circulaire-de-rentree-2024\/\" rel=\"noopener noreferrer\">Lire la suite<span class=\"screen-reader-text\">\u00a0: Circulaire de rentr\u00e9e 2024<\/span><\/a><\/div><\/li>\n<\/ul>","protected":false},"excerpt":{"rendered":"","protected":false},"author":71,"featured_media":0,"parent":0,"menu_order":0,"comment_status":"closed","ping_status":"closed","template":"","meta":{"footnotes":""},"class_list":["post-448","page","type-page","status-publish","czr-hentry"],"publishpress_future_action":{"enabled":false,"date":"2026-04-20 17:52:21","action":"change-status","newStatus":"draft","terms":[],"taxonomy":"","extraData":[]},"publishpress_future_workflow_manual_trigger":{"enabledWorkflows":[]},"_links":{"self":[{"href":"https:\/\/pedagogie.ac-lille.fr\/voie-professionnelle\/wp-json\/wp\/v2\/pages\/448","targetHints":{"allow":["GET"]}}],"collection":[{"href":"https:\/\/pedagogie.ac-lille.fr\/voie-professionnelle\/wp-json\/wp\/v2\/pages"}],"about":[{"href":"https:\/\/pedagogie.ac-lille.fr\/voie-professionnelle\/wp-json\/wp\/v2\/types\/page"}],"author":[{"embeddable":true,"href":"https:\/\/pedagogie.ac-lille.fr\/voie-professionnelle\/wp-json\/wp\/v2\/users\/71"}],"replies":[{"embeddable":true,"href":"https:\/\/pedagogie.ac-lille.fr\/voie-professionnelle\/wp-json\/wp\/v2\/comments?post=448"}],"version-history":[{"count":2,"href":"https:\/\/pedagogie.ac-lille.fr\/voie-professionnelle\/wp-json\/wp\/v2\/pages\/448\/revisions"}],"predecessor-version":[{"id":485,"href":"https:\/\/pedagogie.ac-lille.fr\/voie-professionnelle\/wp-json\/wp\/v2\/pages\/448\/revisions\/485"}],"wp:attachment":[{"href":"https:\/\/pedagogie.ac-lille.fr\/voie-professionnelle\/wp-json\/wp\/v2\/media?parent=448"}],"curies":[{"name":"wp","href":"https:\/\/api.w.org\/{rel}","templated":true}]}}