{"id":478,"date":"2025-05-04T15:02:05","date_gmt":"2025-05-04T13:02:05","guid":{"rendered":"https:\/\/pedagogie.ac-lille.fr\/voie-professionnelle\/?page_id=478"},"modified":"2025-05-17T09:05:27","modified_gmt":"2025-05-17T07:05:27","slug":"projets-academiques","status":"publish","type":"page","link":"https:\/\/pedagogie.ac-lille.fr\/voie-professionnelle\/projets-academiques\/","title":{"rendered":"Projets acad\u00e9miques et nationaux"},"content":{"rendered":"<ul class=\"wp-block-latest-posts__list has-dates wp-block-latest-posts\"><li><div class=\"wp-block-latest-posts__featured-image alignleft\"><img loading=\"lazy\" decoding=\"async\" width=\"150\" height=\"150\" src=\"https:\/\/pedagogie.ac-lille.fr\/voie-professionnelle\/wp-content\/uploads\/sites\/63\/2025\/05\/Capture-decran-2025-05-17-a-09.01.32-150x150.png\" class=\"attachment-thumbnail size-thumbnail wp-post-image\" alt=\"\" style=\"\" srcset=\"https:\/\/pedagogie.ac-lille.fr\/voie-professionnelle\/wp-content\/uploads\/sites\/63\/2025\/05\/Capture-decran-2025-05-17-a-09.01.32-150x150.png 150w, https:\/\/pedagogie.ac-lille.fr\/voie-professionnelle\/wp-content\/uploads\/sites\/63\/2025\/05\/Capture-decran-2025-05-17-a-09.01.32-510x510.png 510w\" sizes=\"auto, (max-width: 150px) 100vw, 150px\" \/><\/div><a class=\"wp-block-latest-posts__post-title\" href=\"https:\/\/pedagogie.ac-lille.fr\/voie-professionnelle\/course-en-cours\/\">Course en cours !<\/a><time datetime=\"2025-05-17T08:55:42+02:00\" class=\"wp-block-latest-posts__post-date\">17 mai 2025<\/time><div class=\"wp-block-latest-posts__post-excerpt\">Course en Cours&nbsp;est un dispositif p\u00e9dagogique propos\u00e9 aux coll\u00e9giens et lyc\u00e9ens, qui vise \u00e0 susciter des vocations dans les fili\u00e8res scientifiques et technologiques.&nbsp;Organis\u00e9 par l&rsquo;association du m\u00eame nom, ce concours national encourage les \u00e9l\u00e8ves \u00e0 imaginer, concevoir, fabriquer et faire courir un mini-v\u00e9hicule \u00e9lectrique. Ce dispositif vise \u00e0 promouvoir\u2026 <a class=\"wp-block-latest-posts__read-more\" href=\"https:\/\/pedagogie.ac-lille.fr\/voie-professionnelle\/course-en-cours\/\" rel=\"noopener noreferrer\">Lire la suite<span class=\"screen-reader-text\">\u00a0: Course en cours !<\/span><\/a><\/div><\/li>\n<\/ul>\n\n\n<p><\/p>\n","protected":false},"excerpt":{"rendered":"","protected":false},"author":71,"featured_media":0,"parent":0,"menu_order":0,"comment_status":"closed","ping_status":"closed","template":"","meta":{"footnotes":""},"class_list":["post-478","page","type-page","status-publish","czr-hentry"],"publishpress_future_action":{"enabled":false,"date":"2026-04-20 17:53:14","action":"change-status","newStatus":"draft","terms":[],"taxonomy":"","extraData":[]},"publishpress_future_workflow_manual_trigger":{"enabledWorkflows":[]},"_links":{"self":[{"href":"https:\/\/pedagogie.ac-lille.fr\/voie-professionnelle\/wp-json\/wp\/v2\/pages\/478","targetHints":{"allow":["GET"]}}],"collection":[{"href":"https:\/\/pedagogie.ac-lille.fr\/voie-professionnelle\/wp-json\/wp\/v2\/pages"}],"about":[{"href":"https:\/\/pedagogie.ac-lille.fr\/voie-professionnelle\/wp-json\/wp\/v2\/types\/page"}],"author":[{"embeddable":true,"href":"https:\/\/pedagogie.ac-lille.fr\/voie-professionnelle\/wp-json\/wp\/v2\/users\/71"}],"replies":[{"embeddable":true,"href":"https:\/\/pedagogie.ac-lille.fr\/voie-professionnelle\/wp-json\/wp\/v2\/comments?post=478"}],"version-history":[{"count":3,"href":"https:\/\/pedagogie.ac-lille.fr\/voie-professionnelle\/wp-json\/wp\/v2\/pages\/478\/revisions"}],"predecessor-version":[{"id":513,"href":"https:\/\/pedagogie.ac-lille.fr\/voie-professionnelle\/wp-json\/wp\/v2\/pages\/478\/revisions\/513"}],"wp:attachment":[{"href":"https:\/\/pedagogie.ac-lille.fr\/voie-professionnelle\/wp-json\/wp\/v2\/media?parent=478"}],"curies":[{"name":"wp","href":"https:\/\/api.w.org\/{rel}","templated":true}]}}