{"id":498,"date":"2025-05-12T08:18:56","date_gmt":"2025-05-12T06:18:56","guid":{"rendered":"https:\/\/pedagogie.ac-lille.fr\/voie-professionnelle\/?page_id=498"},"modified":"2025-05-12T08:18:57","modified_gmt":"2025-05-12T06:18:57","slug":"numerique","status":"publish","type":"page","link":"https:\/\/pedagogie.ac-lille.fr\/voie-professionnelle\/numerique\/","title":{"rendered":"Num\u00e9rique"},"content":{"rendered":"<ul class=\"wp-block-latest-posts__list wp-block-latest-posts\"><li><div class=\"wp-block-latest-posts__featured-image alignleft\"><img loading=\"lazy\" decoding=\"async\" width=\"150\" height=\"150\" src=\"https:\/\/pedagogie.ac-lille.fr\/voie-professionnelle\/wp-content\/uploads\/sites\/63\/2025\/05\/Capture-decran-2025-05-12-a-08.14.48-150x150.png\" class=\"attachment-thumbnail size-thumbnail wp-post-image\" alt=\"\" style=\"\" srcset=\"https:\/\/pedagogie.ac-lille.fr\/voie-professionnelle\/wp-content\/uploads\/sites\/63\/2025\/05\/Capture-decran-2025-05-12-a-08.14.48-150x150.png 150w, https:\/\/pedagogie.ac-lille.fr\/voie-professionnelle\/wp-content\/uploads\/sites\/63\/2025\/05\/Capture-decran-2025-05-12-a-08.14.48-510x510.png 510w\" sizes=\"auto, (max-width: 150px) 100vw, 150px\" \/><\/div><a class=\"wp-block-latest-posts__post-title\" href=\"https:\/\/pedagogie.ac-lille.fr\/voie-professionnelle\/ia-generative-dans-leducation\/\">IA g\u00e9n\u00e9rative dans l&rsquo;\u00e9ducation<\/a><div class=\"wp-block-latest-posts__post-excerpt\">Une \u00e9tude intitul\u00e9e \u00ab\u00a0IA g\u00e9n\u00e9rative dans l&rsquo;\u00e9ducation&nbsp;: comp\u00e9tences des \u00e9tudiants et r\u00f4le des enseignants\u00a0\u00bb permet d&rsquo;identifier des comp\u00e9tences cl\u00e9s dont les \u00e9tudiants ont besoin pour s&rsquo;engager efficacement dans les apprentissages \u00e0 l&rsquo;\u00e8re de l&rsquo;IA. L&rsquo;analyse a identifi\u00e9 14 comp\u00e9tences essentielles pour l&rsquo;engagement des \u00e9tudiants, les plus importantes \u00e9tant la ma\u00eetrise de l&rsquo;IA, la pens\u00e9e critique et\u2026 <a class=\"wp-block-latest-posts__read-more\" href=\"https:\/\/pedagogie.ac-lille.fr\/voie-professionnelle\/ia-generative-dans-leducation\/\" rel=\"noopener noreferrer\">Lire la suite<span class=\"screen-reader-text\">\u00a0: IA g\u00e9n\u00e9rative dans l&rsquo;\u00e9ducation<\/span><\/a><\/div><\/li>\n<\/ul>","protected":false},"excerpt":{"rendered":"","protected":false},"author":71,"featured_media":0,"parent":0,"menu_order":0,"comment_status":"closed","ping_status":"closed","template":"","meta":{"footnotes":""},"class_list":["post-498","page","type-page","status-publish","czr-hentry"],"publishpress_future_action":{"enabled":false,"date":"2026-04-20 17:53:15","action":"change-status","newStatus":"draft","terms":[],"taxonomy":"","extraData":[]},"publishpress_future_workflow_manual_trigger":{"enabledWorkflows":[]},"_links":{"self":[{"href":"https:\/\/pedagogie.ac-lille.fr\/voie-professionnelle\/wp-json\/wp\/v2\/pages\/498","targetHints":{"allow":["GET"]}}],"collection":[{"href":"https:\/\/pedagogie.ac-lille.fr\/voie-professionnelle\/wp-json\/wp\/v2\/pages"}],"about":[{"href":"https:\/\/pedagogie.ac-lille.fr\/voie-professionnelle\/wp-json\/wp\/v2\/types\/page"}],"author":[{"embeddable":true,"href":"https:\/\/pedagogie.ac-lille.fr\/voie-professionnelle\/wp-json\/wp\/v2\/users\/71"}],"replies":[{"embeddable":true,"href":"https:\/\/pedagogie.ac-lille.fr\/voie-professionnelle\/wp-json\/wp\/v2\/comments?post=498"}],"version-history":[{"count":1,"href":"https:\/\/pedagogie.ac-lille.fr\/voie-professionnelle\/wp-json\/wp\/v2\/pages\/498\/revisions"}],"predecessor-version":[{"id":499,"href":"https:\/\/pedagogie.ac-lille.fr\/voie-professionnelle\/wp-json\/wp\/v2\/pages\/498\/revisions\/499"}],"wp:attachment":[{"href":"https:\/\/pedagogie.ac-lille.fr\/voie-professionnelle\/wp-json\/wp\/v2\/media?parent=498"}],"curies":[{"name":"wp","href":"https:\/\/api.w.org\/{rel}","templated":true}]}}